{"id":1800,"date":"2025-06-07T14:18:42","date_gmt":"2025-06-07T12:18:42","guid":{"rendered":"https:\/\/california-concept.com\/produkt\/panneau-solaire-automobile-flex-100w-vw-california-t5-t6-t6-1\/"},"modified":"2026-04-08T15:47:17","modified_gmt":"2026-04-08T13:47:17","slug":"panneau-solaire-automobile-flex-100w-vw-california-t5-t6-t6-1","status":"publish","type":"product","link":"https:\/\/california-concept.com\/fr\/produkt\/panneau-solaire-automobile-flex-100w-vw-california-t5-t6-t6-1\/","title":{"rendered":"Panneau solaire automobile Flex 100W VW California T5, T6, T6.1"},"content":{"rendered":"<h3>Vous voulez plus d&rsquo;\u00e9nergie ? Ajoutez un troisi\u00e8me panneau et augmentez la puissance du kit \u00e0 300W <\/h3>\n<p>Le Flex Panel System a \u00e9t\u00e9 con\u00e7u pour \u00eatre facilement extensible \u2014 si vous avez besoin de plus de performance, il suffit d&rsquo;ajouter un troisi\u00e8me panneau solaire avec sa plaque de montage d\u00e9di\u00e9e et son c\u00e2ble de raccordement.<\/p>\n<p>Vous augmentez ainsi la puissance totale du syst\u00e8me \u00e0 <strong>300W<\/strong>, ce qui permet des arr\u00eats plus longs, une utilisation plus intensive des appareils et une ind\u00e9pendance encore plus grande en voyage.<\/p>\n<h3>Pourquoi \u00e9tendre le syst\u00e8me \u00e0 300W ?<\/h3>\n<p>Dans des conditions d&rsquo;ensoleillement r\u00e9elles, le kit 300W maintient une performance constante d&rsquo;environ 200W pendant la majeure partie de la journ\u00e9e. Cela repr\u00e9sente jusqu&rsquo;\u00e0 4 heures de charge plus efficace par rapport \u00e0 la version 200W \u2014 particuli\u00e8rement important si vous souhaitez : <\/p>\n<ul>\n<li>charger des stations d&rsquo;alimentation plus importantes, par ex. <strong><a href=\"https:\/\/california-concept.com\/produkt\/ecoflow-delta-3\/\">EcoFlow DELTA 3<\/a><\/strong>,<\/li>\n<li>utiliser simultan\u00e9ment un r\u00e9frig\u00e9rateur, un \u00e9clairage LED et des chargeurs pour appareils personnels,<\/li>\n<li>augmenter la r\u00e9serve d&rsquo;\u00e9nergie pour le soir et la nuit,<\/li>\n<li>faire des arr\u00eats plus longs \u2014 sans compromis et sans pr\u00e9cipitation.<\/li>\n<\/ul>\n<p>Cette solution s&rsquo;adresse \u00e0 ceux qui attendent de leur camping-car un maximum de fonctionnalit\u00e9 \u2013 m\u00eame lorsque la m\u00e9t\u00e9o n&rsquo;est pas id\u00e9ale.<\/p>\n<h3>Que contient la section additionnelle pour \u00e9tendre le kit \u00e0 300W ?<\/h3>\n<ul>\n<li>panneau photovolta\u00efque flexible 100W,<\/li>\n<li>plaque de montage d\u00e9di\u00e9e adapt\u00e9e au syst\u00e8me Flex,<\/li>\n<li>c\u00e2ble solaire pour connecter le troisi\u00e8me panneau.<\/li>\n<\/ul>\n<p>Tous les composants ont \u00e9t\u00e9 pr\u00e9cis\u00e9ment s\u00e9lectionn\u00e9s pour pr\u00e9server la coh\u00e9rence visuelle et fonctionnelle avec les autres \u00e9l\u00e9ments du syst\u00e8me. Si votre style de voyage n\u00e9cessite plus d&rsquo;\u00e9nergie \u2014 cette section est faite pour vous. <\/p>\n","protected":false},"excerpt":{"rendered":"<div class=\"product-description\">\n<p>Haute performance des panneaux photovolta\u00efques automobiles VW California<\/p>\n<ul>\n<li><strong>Construction l\u00e9g\u00e8re :<\/strong> Le panneau solaire ne fait que 4 mm d&rsquo;\u00e9paisseur et p\u00e8se 6 kg<\/li>\n<li><strong>Installation simple :<\/strong> Le montage du panneau suppl\u00e9mentaire prend 120 minutes, sans intervention sur la structure du v\u00e9hicule. Sans impact sur la garantie.<\/li>\n<li><strong>Gestion via application :<\/strong> Contr\u00f4le total du syst\u00e8me de panneaux solaires \u00e0 l&rsquo;aide d&rsquo;une application mobile d\u00e9di\u00e9e.<\/li>\n<li><strong>Durabilit\u00e9 :<\/strong> Les panneaux fonctionnent m\u00eame dans des conditions m\u00e9t\u00e9orologiques difficiles. \u00c9tanch\u00e9it\u00e9 IP68. <\/li>\n<\/ul>\n<\/div>\n","protected":false},"featured_media":1801,"comment_status":"closed","ping_status":"closed","template":"","meta":{"inline_featured_image":false},"product_brand":[],"product_cat":[96],"product_tag":[],"class_list":{"0":"post-1800","1":"product","2":"type-product","3":"status-publish","4":"has-post-thumbnail","6":"product_cat-panneaux-solaires","7":"has-post-title","8":"has-post-date","9":"has-post-category","10":"has-post-tag","11":"has-post-comment","12":"has-post-author","13":"","15":"first","16":"instock","17":"shipping-taxable","18":"purchasable","19":"product-type-simple"},"yoast_head":"<!-- This site is optimized with the Yoast SEO Premium plugin v19.3 (Yoast SEO v27.4) - https:\/\/yoast.com\/product\/yoast-seo-premium-wordpress\/ -->\n<title>Panneau solaire automobile Flex 100W VW California T5, T6, T6.1 | Sklep California Concept<\/title>\n<meta name=\"description\" content=\"Augmentez la puissance du syst\u00e8me Flex Panel \u00e0 300W et b\u00e9n\u00e9ficiez d&#039;une charge stable pendant la majeure partie de la journ\u00e9e. Solution id\u00e9ale pour VW California \u2013 sans limitations.\" \/>\n<meta name=\"robots\" content=\"index, follow, max-snippet:-1, max-image-preview:large, max-video-preview:-1\" \/>\n<link rel=\"canonical\" href=\"https:\/\/california-concept.com\/fr\/produkt\/panneau-solaire-automobile-flex-100w-vw-california-t5-t6-t6-1\/\" \/>\n<meta property=\"og:locale\" content=\"fr_FR\" \/>\n<meta property=\"og:type\" content=\"article\" \/>\n<meta property=\"og:title\" content=\"Panneau solaire automobile Flex 100W VW California T5, T6, T6.1\" \/>\n<meta property=\"og:description\" content=\"Augmentez la puissance du syst\u00e8me Flex Panel \u00e0 300W et b\u00e9n\u00e9ficiez d&#039;une charge stable pendant la majeure partie de la journ\u00e9e. Solution id\u00e9ale pour VW California \u2013 sans limitations.\" \/>\n<meta property=\"og:url\" content=\"https:\/\/california-concept.com\/fr\/produkt\/panneau-solaire-automobile-flex-100w-vw-california-t5-t6-t6-1\/\" \/>\n<meta property=\"og:site_name\" content=\"Sklep California Concept\" \/>\n<meta property=\"article:modified_time\" content=\"2026-04-08T13:47:17+00:00\" \/>\n<meta property=\"og:image\" content=\"https:\/\/california-concept.com\/wp-content\/uploads\/2025\/06\/100W-panel-.jpg\" \/>\n\t<meta property=\"og:image:width\" content=\"1489\" \/>\n\t<meta property=\"og:image:height\" content=\"1489\" \/>\n\t<meta property=\"og:image:type\" content=\"image\/jpeg\" \/>\n<meta name=\"twitter:card\" content=\"summary_large_image\" \/>\n<meta name=\"twitter:label1\" content=\"Prix\" \/>\n\t<meta name=\"twitter:data1\" content=\"453,60&nbsp;&euro;\" \/>\n\t<meta name=\"twitter:label2\" content=\"Availability\" \/>\n\t<meta name=\"twitter:data2\" content=\"In stock\" \/>\n<script type=\"application\/ld+json\" class=\"yoast-schema-graph\">{\"@context\":\"https:\\\/\\\/schema.org\",\"@graph\":[{\"@type\":\"WebPage\",\"@id\":\"https:\\\/\\\/california-concept.com\\\/fr\\\/produkt\\\/panneau-solaire-automobile-flex-100w-vw-california-t5-t6-t6-1\\\/\",\"url\":\"https:\\\/\\\/california-concept.com\\\/fr\\\/produkt\\\/panneau-solaire-automobile-flex-100w-vw-california-t5-t6-t6-1\\\/\",\"name\":\"Panneau solaire automobile Flex 100W VW California T5, T6, T6.1 | Sklep California Concept\",\"isPartOf\":{\"@id\":\"https:\\\/\\\/california-concept.com\\\/fr\\\/#website\"},\"primaryImageOfPage\":{\"@id\":\"https:\\\/\\\/california-concept.com\\\/fr\\\/produkt\\\/panneau-solaire-automobile-flex-100w-vw-california-t5-t6-t6-1\\\/#primaryimage\"},\"image\":{\"@id\":\"https:\\\/\\\/california-concept.com\\\/fr\\\/produkt\\\/panneau-solaire-automobile-flex-100w-vw-california-t5-t6-t6-1\\\/#primaryimage\"},\"thumbnailUrl\":\"https:\\\/\\\/california-concept.com\\\/wp-content\\\/uploads\\\/2025\\\/06\\\/100W-panel-.jpg\",\"datePublished\":\"2025-06-07T12:18:42+00:00\",\"dateModified\":\"2026-04-08T13:47:17+00:00\",\"description\":\"Augmentez la puissance du syst\u00e8me Flex Panel \u00e0 300W et b\u00e9n\u00e9ficiez d'une charge stable pendant la majeure partie de la journ\u00e9e. Solution id\u00e9ale pour VW California \u2013 sans limitations.\",\"breadcrumb\":{\"@id\":\"https:\\\/\\\/california-concept.com\\\/fr\\\/produkt\\\/panneau-solaire-automobile-flex-100w-vw-california-t5-t6-t6-1\\\/#breadcrumb\"},\"inLanguage\":\"fr-FR\",\"potentialAction\":[{\"@type\":\"ReadAction\",\"target\":[\"https:\\\/\\\/california-concept.com\\\/fr\\\/produkt\\\/panneau-solaire-automobile-flex-100w-vw-california-t5-t6-t6-1\\\/\"]}]},{\"@type\":\"ImageObject\",\"inLanguage\":\"fr-FR\",\"@id\":\"https:\\\/\\\/california-concept.com\\\/fr\\\/produkt\\\/panneau-solaire-automobile-flex-100w-vw-california-t5-t6-t6-1\\\/#primaryimage\",\"url\":\"https:\\\/\\\/california-concept.com\\\/wp-content\\\/uploads\\\/2025\\\/06\\\/100W-panel-.jpg\",\"contentUrl\":\"https:\\\/\\\/california-concept.com\\\/wp-content\\\/uploads\\\/2025\\\/06\\\/100W-panel-.jpg\",\"width\":1489,\"height\":1489},{\"@type\":\"BreadcrumbList\",\"@id\":\"https:\\\/\\\/california-concept.com\\\/fr\\\/produkt\\\/panneau-solaire-automobile-flex-100w-vw-california-t5-t6-t6-1\\\/#breadcrumb\",\"itemListElement\":[{\"@type\":\"ListItem\",\"position\":1,\"name\":\"Strona g\u0142\u00f3wna\",\"item\":\"https:\\\/\\\/california-concept.com\\\/fr\\\/\"},{\"@type\":\"ListItem\",\"position\":2,\"name\":\"Boutique\",\"item\":\"https:\\\/\\\/california-concept.com\\\/fr\\\/boutique\\\/\"},{\"@type\":\"ListItem\",\"position\":3,\"name\":\"Panneau solaire automobile Flex 100W VW California T5, T6, T6.1\"}]},{\"@type\":\"WebSite\",\"@id\":\"https:\\\/\\\/california-concept.com\\\/fr\\\/#website\",\"url\":\"https:\\\/\\\/california-concept.com\\\/fr\\\/\",\"name\":\"Sklep California Concept\",\"description\":\"Akcesoria do Volkswagen California\",\"publisher\":{\"@id\":\"https:\\\/\\\/california-concept.com\\\/fr\\\/#organization\"},\"potentialAction\":[{\"@type\":\"SearchAction\",\"target\":{\"@type\":\"EntryPoint\",\"urlTemplate\":\"https:\\\/\\\/california-concept.com\\\/fr\\\/?s={search_term_string}\"},\"query-input\":{\"@type\":\"PropertyValueSpecification\",\"valueRequired\":true,\"valueName\":\"search_term_string\"}}],\"inLanguage\":\"fr-FR\"},{\"@type\":\"Organization\",\"@id\":\"https:\\\/\\\/california-concept.com\\\/fr\\\/#organization\",\"name\":\"Sklep California Concept\",\"url\":\"https:\\\/\\\/california-concept.com\\\/fr\\\/\",\"logo\":{\"@type\":\"ImageObject\",\"inLanguage\":\"fr-FR\",\"@id\":\"https:\\\/\\\/california-concept.com\\\/fr\\\/#\\\/schema\\\/logo\\\/image\\\/\",\"url\":\"https:\\\/\\\/california-concept.com\\\/wp-content\\\/uploads\\\/2025\\\/02\\\/Logo.png\",\"contentUrl\":\"https:\\\/\\\/california-concept.com\\\/wp-content\\\/uploads\\\/2025\\\/02\\\/Logo.png\",\"width\":1000,\"height\":1000,\"caption\":\"Sklep California Concept\"},\"image\":{\"@id\":\"https:\\\/\\\/california-concept.com\\\/fr\\\/#\\\/schema\\\/logo\\\/image\\\/\"}}]}<\/script>\n<meta property=\"product:price:amount\" content=\"453.60\" \/>\n<meta property=\"product:price:currency\" content=\"EUR\" \/>\n<meta property=\"og:availability\" content=\"instock\" \/>\n<meta property=\"product:availability\" content=\"instock\" \/>\n<meta property=\"product:condition\" content=\"new\" \/>\n<!-- \/ Yoast SEO Premium plugin. -->","yoast_head_json":{"title":"Panneau solaire automobile Flex 100W VW California T5, T6, T6.1 | Sklep California Concept","description":"Augmentez la puissance du syst\u00e8me Flex Panel \u00e0 300W et b\u00e9n\u00e9ficiez d'une charge stable pendant la majeure partie de la journ\u00e9e. Solution id\u00e9ale pour VW California \u2013 sans limitations.","robots":{"index":"index","follow":"follow","max-snippet":"max-snippet:-1","max-image-preview":"max-image-preview:large","max-video-preview":"max-video-preview:-1"},"canonical":"https:\/\/california-concept.com\/fr\/produkt\/panneau-solaire-automobile-flex-100w-vw-california-t5-t6-t6-1\/","og_locale":"fr_FR","og_type":"article","og_title":"Panneau solaire automobile Flex 100W VW California T5, T6, T6.1","og_description":"Augmentez la puissance du syst\u00e8me Flex Panel \u00e0 300W et b\u00e9n\u00e9ficiez d'une charge stable pendant la majeure partie de la journ\u00e9e. Solution id\u00e9ale pour VW California \u2013 sans limitations.","og_url":"https:\/\/california-concept.com\/fr\/produkt\/panneau-solaire-automobile-flex-100w-vw-california-t5-t6-t6-1\/","og_site_name":"Sklep California Concept","article_modified_time":"2026-04-08T13:47:17+00:00","og_image":[{"width":1489,"height":1489,"url":"https:\/\/california-concept.com\/wp-content\/uploads\/2025\/06\/100W-panel-.jpg","type":"image\/jpeg"}],"twitter_card":"summary_large_image","twitter_misc":{"Prix":"453,60&nbsp;&euro;","Availability":"In stock"},"schema":{"@context":"https:\/\/schema.org","@graph":[{"@type":"WebPage","@id":"https:\/\/california-concept.com\/fr\/produkt\/panneau-solaire-automobile-flex-100w-vw-california-t5-t6-t6-1\/","url":"https:\/\/california-concept.com\/fr\/produkt\/panneau-solaire-automobile-flex-100w-vw-california-t5-t6-t6-1\/","name":"Panneau solaire automobile Flex 100W VW California T5, T6, T6.1 | Sklep California Concept","isPartOf":{"@id":"https:\/\/california-concept.com\/fr\/#website"},"primaryImageOfPage":{"@id":"https:\/\/california-concept.com\/fr\/produkt\/panneau-solaire-automobile-flex-100w-vw-california-t5-t6-t6-1\/#primaryimage"},"image":{"@id":"https:\/\/california-concept.com\/fr\/produkt\/panneau-solaire-automobile-flex-100w-vw-california-t5-t6-t6-1\/#primaryimage"},"thumbnailUrl":"https:\/\/california-concept.com\/wp-content\/uploads\/2025\/06\/100W-panel-.jpg","datePublished":"2025-06-07T12:18:42+00:00","dateModified":"2026-04-08T13:47:17+00:00","description":"Augmentez la puissance du syst\u00e8me Flex Panel \u00e0 300W et b\u00e9n\u00e9ficiez d'une charge stable pendant la majeure partie de la journ\u00e9e. Solution id\u00e9ale pour VW California \u2013 sans limitations.","breadcrumb":{"@id":"https:\/\/california-concept.com\/fr\/produkt\/panneau-solaire-automobile-flex-100w-vw-california-t5-t6-t6-1\/#breadcrumb"},"inLanguage":"fr-FR","potentialAction":[{"@type":"ReadAction","target":["https:\/\/california-concept.com\/fr\/produkt\/panneau-solaire-automobile-flex-100w-vw-california-t5-t6-t6-1\/"]}]},{"@type":"ImageObject","inLanguage":"fr-FR","@id":"https:\/\/california-concept.com\/fr\/produkt\/panneau-solaire-automobile-flex-100w-vw-california-t5-t6-t6-1\/#primaryimage","url":"https:\/\/california-concept.com\/wp-content\/uploads\/2025\/06\/100W-panel-.jpg","contentUrl":"https:\/\/california-concept.com\/wp-content\/uploads\/2025\/06\/100W-panel-.jpg","width":1489,"height":1489},{"@type":"BreadcrumbList","@id":"https:\/\/california-concept.com\/fr\/produkt\/panneau-solaire-automobile-flex-100w-vw-california-t5-t6-t6-1\/#breadcrumb","itemListElement":[{"@type":"ListItem","position":1,"name":"Strona g\u0142\u00f3wna","item":"https:\/\/california-concept.com\/fr\/"},{"@type":"ListItem","position":2,"name":"Boutique","item":"https:\/\/california-concept.com\/fr\/boutique\/"},{"@type":"ListItem","position":3,"name":"Panneau solaire automobile Flex 100W VW California T5, T6, T6.1"}]},{"@type":"WebSite","@id":"https:\/\/california-concept.com\/fr\/#website","url":"https:\/\/california-concept.com\/fr\/","name":"Sklep California Concept","description":"Akcesoria do Volkswagen California","publisher":{"@id":"https:\/\/california-concept.com\/fr\/#organization"},"potentialAction":[{"@type":"SearchAction","target":{"@type":"EntryPoint","urlTemplate":"https:\/\/california-concept.com\/fr\/?s={search_term_string}"},"query-input":{"@type":"PropertyValueSpecification","valueRequired":true,"valueName":"search_term_string"}}],"inLanguage":"fr-FR"},{"@type":"Organization","@id":"https:\/\/california-concept.com\/fr\/#organization","name":"Sklep California Concept","url":"https:\/\/california-concept.com\/fr\/","logo":{"@type":"ImageObject","inLanguage":"fr-FR","@id":"https:\/\/california-concept.com\/fr\/#\/schema\/logo\/image\/","url":"https:\/\/california-concept.com\/wp-content\/uploads\/2025\/02\/Logo.png","contentUrl":"https:\/\/california-concept.com\/wp-content\/uploads\/2025\/02\/Logo.png","width":1000,"height":1000,"caption":"Sklep California Concept"},"image":{"@id":"https:\/\/california-concept.com\/fr\/#\/schema\/logo\/image\/"}}]},"product_price_amount":"453.60","product_price_currency":"EUR","og_availability":"instock","product_availability":"instock","product_condition":"new"},"builder_content":"","_links":{"self":[{"href":"https:\/\/california-concept.com\/fr\/wp-json\/wp\/v2\/product\/1800","targetHints":{"allow":["GET"]}}],"collection":[{"href":"https:\/\/california-concept.com\/fr\/wp-json\/wp\/v2\/product"}],"about":[{"href":"https:\/\/california-concept.com\/fr\/wp-json\/wp\/v2\/types\/product"}],"replies":[{"embeddable":true,"href":"https:\/\/california-concept.com\/fr\/wp-json\/wp\/v2\/comments?post=1800"}],"wp:featuredmedia":[{"embeddable":true,"href":"https:\/\/california-concept.com\/fr\/wp-json\/wp\/v2\/media\/1801"}],"wp:attachment":[{"href":"https:\/\/california-concept.com\/fr\/wp-json\/wp\/v2\/media?parent=1800"}],"wp:term":[{"taxonomy":"product_brand","embeddable":true,"href":"https:\/\/california-concept.com\/fr\/wp-json\/wp\/v2\/product_brand?post=1800"},{"taxonomy":"product_cat","embeddable":true,"href":"https:\/\/california-concept.com\/fr\/wp-json\/wp\/v2\/product_cat?post=1800"},{"taxonomy":"product_tag","embeddable":true,"href":"https:\/\/california-concept.com\/fr\/wp-json\/wp\/v2\/product_tag?post=1800"}],"curies":[{"name":"wp","href":"https:\/\/api.w.org\/{rel}","templated":true}]}}