{"id":1755,"date":"2025-07-17T17:48:45","date_gmt":"2025-07-17T15:48:45","guid":{"rendered":"https:\/\/california-concept.com\/produkt\/ressorts-arriere-vw-t5-t6-t6-1-25-35-mm-california\/"},"modified":"2026-04-08T15:45:00","modified_gmt":"2026-04-08T13:45:00","slug":"ressorts-arriere-vw-t5-t6-t6-1-25-35-mm-california","status":"publish","type":"product","link":"https:\/\/california-concept.com\/fr\/produkt\/ressorts-arriere-vw-t5-t6-t6-1-25-35-mm-california\/","title":{"rendered":"Ressorts arri\u00e8re VW T5 \/ T6 \/ T6.1 | +25\u201335 mm California"},"content":{"rendered":"<h2>Ressorts de renfort arri\u00e8re TWIN-MONOTUBE-PROJEKT CONFORT pour VW T5, T6, T6.1<\/h2>\n<p><strong>D\u00e9di\u00e9s aux v\u00e9hicules am\u00e9nag\u00e9s, avec une charge permanente d&rsquo;au moins 300 kg ou aux mod\u00e8les VW California<\/strong>. Ressorts rehaussant l&rsquo;essieu arri\u00e8re d&rsquo;environ +25 \u00e0 +35 mm \u2013 id\u00e9aux pour \u00e9quilibrer le niveau du v\u00e9hicule et am\u00e9liorer le confort et la tenue de route en cas de charge importante.  <\/p>\n<h3>\u2714 Confort et ligne de v\u00e9hicule \u00e9quilibr\u00e9e \u2013 m\u00eame avec une charge arri\u00e8re lourde<\/h3>\n<p>Si votre van am\u00e9nag\u00e9 ou votre camping-car VW California est plus bas \u00e0 l&rsquo;arri\u00e8re \u2013 ce kit est fait pour vous. Il offre non seulement un \u00e9quilibre optique, mais aussi une s\u00e9curit\u00e9 et une stabilit\u00e9 de conduite accrues. Compatible avec les amortisseurs standard (sans DCC et versions sportives).  <\/p>\n<h3>\u2714 Caract\u00e9ristiques distinctives :<\/h3>\n<ul>\n<li>\u2714 Conduite confortable \u2013 m\u00eame \u00e0 pleine charge<\/li>\n<li>\u2714 Rehaussement de l&rsquo;arri\u00e8re du v\u00e9hicule de 25\u201335 mm<\/li>\n<li>\u2714 R\u00e9glage de la hauteur gr\u00e2ce aux cales incluses<\/li>\n<li>\u2714 Ressorts de qualit\u00e9 OEM \u2013 m\u00eame fournisseur que pour Porsche et Mercedes<\/li>\n<li>\u2714 Excellente r\u00e9sistance \u00e0 la corrosion et \u00e0 la fatigue des mat\u00e9riaux<\/li>\n<\/ul>\n<h3>\u2714 Technologie de production de pointe :<\/h3>\n<ul>\n<li>\ud83d\udd27 Fil \u00e0 haute r\u00e9sistance produit en interne<\/li>\n<li>\ud83d\udd27 Formage \u00e0 froid \u2013 durabilit\u00e9 maximale sans traitement suppl\u00e9mentaire<\/li>\n<li>\ud83d\udd27 Rodage en 3 \u00e9tapes sans ombrage <\/li>\n<li>\ud83d\udd27 Automatisation compl\u00e8te de la production et du contr\u00f4le de la force des ressorts<\/li>\n<li>\ud83d\udd27 Rev\u00eatement \u00e9poxy r\u00e9sistant aux chocs de pierres et aux intemp\u00e9ries<\/li>\n<li>\ud83d\udd27 Tests de durabilit\u00e9 et d&rsquo;\u00e9lasticit\u00e9 conformes aux normes OEM (avec brouillard salin et cycles de temp\u00e9rature)<\/li>\n<\/ul>\n<h3>\u2714 Application :<\/h3>\n<p>Pour VW T5, T6 et T6.1 \u2013 mod\u00e8les am\u00e9nag\u00e9s, camping-cars VW California ou v\u00e9hicules avec une charge permanente d&rsquo;au moins 300 kg \u00e0 l&rsquo;arri\u00e8re. <\/p>\n<p><strong>Non compatible avec :<\/strong> les amortisseurs sportifs d&rsquo;usine, le DCC et les amortisseurs sportifs raccourcis.<\/p>\n<h3>\u2714 Contenu du kit :<\/h3>\n<p><strong>Num\u00e9ro de catalogue :<\/strong> TMP-H01-T5T6.1<\/p>\n<ul>\n<li>2x ressorts de renfort arri\u00e8re H-VW-T5T6.1-1HA<\/li>\n<li>2x coupelles de ressort sup\u00e9rieures<\/li>\n<li>2x coupelles de ressort inf\u00e9rieures<\/li>\n<li>2x cales de 10 mm pour le r\u00e9glage de la hauteur (conform\u00e9ment \u00e0 la documentation Teilegutachten)<\/li>\n<\/ul>\n<p><strong>Vous avez des questions ? \u00c9crivez-nous \u2013 nous vous aiderons \u00e0 choisir le kit appropri\u00e9 ! <\/strong><\/p>\n","protected":false},"excerpt":{"rendered":"<p>Ressorts arri\u00e8re CONFORT pour VW T5, T6, T6.1 \u2013 rehaussent l&rsquo;essieu arri\u00e8re de +25\u201335 mm. Pour California et vans am\u00e9nag\u00e9s d&rsquo;au moins 300 kg. Montage sur amortisseurs de s\u00e9rie.   <\/p>\n","protected":false},"featured_media":1254,"comment_status":"closed","ping_status":"closed","template":"","meta":{"inline_featured_image":false},"product_brand":[],"product_cat":[102],"product_tag":[],"class_list":{"0":"post-1755","1":"product","2":"type-product","3":"status-publish","4":"has-post-thumbnail","6":"product_cat-suspension","7":"has-post-title","8":"has-post-date","9":"has-post-category","10":"has-post-tag","11":"has-post-comment","12":"has-post-author","13":"","15":"first","16":"instock","17":"shipping-taxable","18":"purchasable","19":"product-type-simple"},"yoast_head":"<!-- This site is optimized with the Yoast SEO Premium plugin v19.3 (Yoast SEO v27.4) - https:\/\/yoast.com\/product\/yoast-seo-premium-wordpress\/ -->\n<title>Ressorts arri\u00e8re VW T5 \/ T6 \/ T6.1 | +25\u201335 mm California | Sklep California Concept<\/title>\n<meta name=\"description\" content=\"Ressorts de renfort pour essieu arri\u00e8re VW T5\/T6 \u2013 id\u00e9aux pour les California et les vans am\u00e9nag\u00e9s. Fabriqu\u00e9 en Allemagne. Rehaussement de +25\u201335 mm. Confort et stabilit\u00e9.\" \/>\n<meta name=\"robots\" content=\"index, follow, max-snippet:-1, max-image-preview:large, max-video-preview:-1\" \/>\n<link rel=\"canonical\" href=\"https:\/\/california-concept.com\/fr\/produkt\/ressorts-arriere-vw-t5-t6-t6-1-25-35-mm-california\/\" \/>\n<meta property=\"og:locale\" content=\"fr_FR\" \/>\n<meta property=\"og:type\" content=\"article\" \/>\n<meta property=\"og:title\" content=\"Ressorts arri\u00e8re VW T5 \/ T6 \/ T6.1 | +25\u201335 mm California\" \/>\n<meta property=\"og:description\" content=\"Ressorts de renfort pour essieu arri\u00e8re VW T5\/T6 \u2013 id\u00e9aux pour les California et les vans am\u00e9nag\u00e9s. Fabriqu\u00e9 en Allemagne. Rehaussement de +25\u201335 mm. Confort et stabilit\u00e9.\" \/>\n<meta property=\"og:url\" content=\"https:\/\/california-concept.com\/fr\/produkt\/ressorts-arriere-vw-t5-t6-t6-1-25-35-mm-california\/\" \/>\n<meta property=\"og:site_name\" content=\"Sklep California Concept\" \/>\n<meta property=\"article:modified_time\" content=\"2026-04-08T13:45:00+00:00\" \/>\n<meta property=\"og:image\" content=\"https:\/\/california-concept.com\/wp-content\/uploads\/2025\/07\/sprezyny-usztywniajace-tyl-.jpg\" \/>\n\t<meta property=\"og:image:width\" content=\"1224\" \/>\n\t<meta property=\"og:image:height\" content=\"1081\" \/>\n\t<meta property=\"og:image:type\" content=\"image\/jpeg\" \/>\n<meta name=\"twitter:card\" content=\"summary_large_image\" \/>\n<meta name=\"twitter:label1\" content=\"Prix\" \/>\n\t<meta name=\"twitter:data1\" content=\"552,00&nbsp;&euro;\" \/>\n\t<meta name=\"twitter:label2\" content=\"Availability\" \/>\n\t<meta name=\"twitter:data2\" content=\"In stock\" \/>\n<script type=\"application\/ld+json\" class=\"yoast-schema-graph\">{\"@context\":\"https:\\\/\\\/schema.org\",\"@graph\":[{\"@type\":\"WebPage\",\"@id\":\"https:\\\/\\\/california-concept.com\\\/fr\\\/produkt\\\/ressorts-arriere-vw-t5-t6-t6-1-25-35-mm-california\\\/\",\"url\":\"https:\\\/\\\/california-concept.com\\\/fr\\\/produkt\\\/ressorts-arriere-vw-t5-t6-t6-1-25-35-mm-california\\\/\",\"name\":\"Ressorts arri\u00e8re VW T5 \\\/ T6 \\\/ T6.1 | +25\u201335 mm California | Sklep California Concept\",\"isPartOf\":{\"@id\":\"https:\\\/\\\/california-concept.com\\\/fr\\\/#website\"},\"primaryImageOfPage\":{\"@id\":\"https:\\\/\\\/california-concept.com\\\/fr\\\/produkt\\\/ressorts-arriere-vw-t5-t6-t6-1-25-35-mm-california\\\/#primaryimage\"},\"image\":{\"@id\":\"https:\\\/\\\/california-concept.com\\\/fr\\\/produkt\\\/ressorts-arriere-vw-t5-t6-t6-1-25-35-mm-california\\\/#primaryimage\"},\"thumbnailUrl\":\"https:\\\/\\\/california-concept.com\\\/wp-content\\\/uploads\\\/2025\\\/07\\\/sprezyny-usztywniajace-tyl-.jpg\",\"datePublished\":\"2025-07-17T15:48:45+00:00\",\"dateModified\":\"2026-04-08T13:45:00+00:00\",\"description\":\"Ressorts de renfort pour essieu arri\u00e8re VW T5\\\/T6 \u2013 id\u00e9aux pour les California et les vans am\u00e9nag\u00e9s. Fabriqu\u00e9 en Allemagne. Rehaussement de +25\u201335 mm. Confort et stabilit\u00e9.\",\"breadcrumb\":{\"@id\":\"https:\\\/\\\/california-concept.com\\\/fr\\\/produkt\\\/ressorts-arriere-vw-t5-t6-t6-1-25-35-mm-california\\\/#breadcrumb\"},\"inLanguage\":\"fr-FR\",\"potentialAction\":[{\"@type\":\"ReadAction\",\"target\":[\"https:\\\/\\\/california-concept.com\\\/fr\\\/produkt\\\/ressorts-arriere-vw-t5-t6-t6-1-25-35-mm-california\\\/\"]}]},{\"@type\":\"ImageObject\",\"inLanguage\":\"fr-FR\",\"@id\":\"https:\\\/\\\/california-concept.com\\\/fr\\\/produkt\\\/ressorts-arriere-vw-t5-t6-t6-1-25-35-mm-california\\\/#primaryimage\",\"url\":\"https:\\\/\\\/california-concept.com\\\/wp-content\\\/uploads\\\/2025\\\/07\\\/sprezyny-usztywniajace-tyl-.jpg\",\"contentUrl\":\"https:\\\/\\\/california-concept.com\\\/wp-content\\\/uploads\\\/2025\\\/07\\\/sprezyny-usztywniajace-tyl-.jpg\",\"width\":1224,\"height\":1081,\"caption\":\"spr\u0119\u017cyny wzmacniaj\u0105ce\"},{\"@type\":\"BreadcrumbList\",\"@id\":\"https:\\\/\\\/california-concept.com\\\/fr\\\/produkt\\\/ressorts-arriere-vw-t5-t6-t6-1-25-35-mm-california\\\/#breadcrumb\",\"itemListElement\":[{\"@type\":\"ListItem\",\"position\":1,\"name\":\"Strona g\u0142\u00f3wna\",\"item\":\"https:\\\/\\\/california-concept.com\\\/fr\\\/\"},{\"@type\":\"ListItem\",\"position\":2,\"name\":\"Boutique\",\"item\":\"https:\\\/\\\/california-concept.com\\\/fr\\\/boutique\\\/\"},{\"@type\":\"ListItem\",\"position\":3,\"name\":\"Ressorts arri\u00e8re VW T5 \\\/ T6 \\\/ T6.1 | +25\u201335 mm California\"}]},{\"@type\":\"WebSite\",\"@id\":\"https:\\\/\\\/california-concept.com\\\/fr\\\/#website\",\"url\":\"https:\\\/\\\/california-concept.com\\\/fr\\\/\",\"name\":\"Sklep California Concept\",\"description\":\"Akcesoria do Volkswagen California\",\"publisher\":{\"@id\":\"https:\\\/\\\/california-concept.com\\\/fr\\\/#organization\"},\"potentialAction\":[{\"@type\":\"SearchAction\",\"target\":{\"@type\":\"EntryPoint\",\"urlTemplate\":\"https:\\\/\\\/california-concept.com\\\/fr\\\/?s={search_term_string}\"},\"query-input\":{\"@type\":\"PropertyValueSpecification\",\"valueRequired\":true,\"valueName\":\"search_term_string\"}}],\"inLanguage\":\"fr-FR\"},{\"@type\":\"Organization\",\"@id\":\"https:\\\/\\\/california-concept.com\\\/fr\\\/#organization\",\"name\":\"Sklep California Concept\",\"url\":\"https:\\\/\\\/california-concept.com\\\/fr\\\/\",\"logo\":{\"@type\":\"ImageObject\",\"inLanguage\":\"fr-FR\",\"@id\":\"https:\\\/\\\/california-concept.com\\\/fr\\\/#\\\/schema\\\/logo\\\/image\\\/\",\"url\":\"https:\\\/\\\/california-concept.com\\\/wp-content\\\/uploads\\\/2025\\\/02\\\/Logo.png\",\"contentUrl\":\"https:\\\/\\\/california-concept.com\\\/wp-content\\\/uploads\\\/2025\\\/02\\\/Logo.png\",\"width\":1000,\"height\":1000,\"caption\":\"Sklep California Concept\"},\"image\":{\"@id\":\"https:\\\/\\\/california-concept.com\\\/fr\\\/#\\\/schema\\\/logo\\\/image\\\/\"}}]}<\/script>\n<meta property=\"product:price:amount\" content=\"552.00\" \/>\n<meta property=\"product:price:currency\" content=\"EUR\" \/>\n<meta property=\"og:availability\" content=\"instock\" \/>\n<meta property=\"product:availability\" content=\"instock\" \/>\n<meta property=\"product:condition\" content=\"new\" \/>\n<!-- \/ Yoast SEO Premium plugin. -->","yoast_head_json":{"title":"Ressorts arri\u00e8re VW T5 \/ T6 \/ T6.1 | +25\u201335 mm California | Sklep California Concept","description":"Ressorts de renfort pour essieu arri\u00e8re VW T5\/T6 \u2013 id\u00e9aux pour les California et les vans am\u00e9nag\u00e9s. Fabriqu\u00e9 en Allemagne. Rehaussement de +25\u201335 mm. Confort et stabilit\u00e9.","robots":{"index":"index","follow":"follow","max-snippet":"max-snippet:-1","max-image-preview":"max-image-preview:large","max-video-preview":"max-video-preview:-1"},"canonical":"https:\/\/california-concept.com\/fr\/produkt\/ressorts-arriere-vw-t5-t6-t6-1-25-35-mm-california\/","og_locale":"fr_FR","og_type":"article","og_title":"Ressorts arri\u00e8re VW T5 \/ T6 \/ T6.1 | +25\u201335 mm California","og_description":"Ressorts de renfort pour essieu arri\u00e8re VW T5\/T6 \u2013 id\u00e9aux pour les California et les vans am\u00e9nag\u00e9s. Fabriqu\u00e9 en Allemagne. Rehaussement de +25\u201335 mm. Confort et stabilit\u00e9.","og_url":"https:\/\/california-concept.com\/fr\/produkt\/ressorts-arriere-vw-t5-t6-t6-1-25-35-mm-california\/","og_site_name":"Sklep California Concept","article_modified_time":"2026-04-08T13:45:00+00:00","og_image":[{"width":1224,"height":1081,"url":"https:\/\/california-concept.com\/wp-content\/uploads\/2025\/07\/sprezyny-usztywniajace-tyl-.jpg","type":"image\/jpeg"}],"twitter_card":"summary_large_image","twitter_misc":{"Prix":"552,00&nbsp;&euro;","Availability":"In stock"},"schema":{"@context":"https:\/\/schema.org","@graph":[{"@type":"WebPage","@id":"https:\/\/california-concept.com\/fr\/produkt\/ressorts-arriere-vw-t5-t6-t6-1-25-35-mm-california\/","url":"https:\/\/california-concept.com\/fr\/produkt\/ressorts-arriere-vw-t5-t6-t6-1-25-35-mm-california\/","name":"Ressorts arri\u00e8re VW T5 \/ T6 \/ T6.1 | +25\u201335 mm California | Sklep California Concept","isPartOf":{"@id":"https:\/\/california-concept.com\/fr\/#website"},"primaryImageOfPage":{"@id":"https:\/\/california-concept.com\/fr\/produkt\/ressorts-arriere-vw-t5-t6-t6-1-25-35-mm-california\/#primaryimage"},"image":{"@id":"https:\/\/california-concept.com\/fr\/produkt\/ressorts-arriere-vw-t5-t6-t6-1-25-35-mm-california\/#primaryimage"},"thumbnailUrl":"https:\/\/california-concept.com\/wp-content\/uploads\/2025\/07\/sprezyny-usztywniajace-tyl-.jpg","datePublished":"2025-07-17T15:48:45+00:00","dateModified":"2026-04-08T13:45:00+00:00","description":"Ressorts de renfort pour essieu arri\u00e8re VW T5\/T6 \u2013 id\u00e9aux pour les California et les vans am\u00e9nag\u00e9s. Fabriqu\u00e9 en Allemagne. Rehaussement de +25\u201335 mm. Confort et stabilit\u00e9.","breadcrumb":{"@id":"https:\/\/california-concept.com\/fr\/produkt\/ressorts-arriere-vw-t5-t6-t6-1-25-35-mm-california\/#breadcrumb"},"inLanguage":"fr-FR","potentialAction":[{"@type":"ReadAction","target":["https:\/\/california-concept.com\/fr\/produkt\/ressorts-arriere-vw-t5-t6-t6-1-25-35-mm-california\/"]}]},{"@type":"ImageObject","inLanguage":"fr-FR","@id":"https:\/\/california-concept.com\/fr\/produkt\/ressorts-arriere-vw-t5-t6-t6-1-25-35-mm-california\/#primaryimage","url":"https:\/\/california-concept.com\/wp-content\/uploads\/2025\/07\/sprezyny-usztywniajace-tyl-.jpg","contentUrl":"https:\/\/california-concept.com\/wp-content\/uploads\/2025\/07\/sprezyny-usztywniajace-tyl-.jpg","width":1224,"height":1081,"caption":"spr\u0119\u017cyny wzmacniaj\u0105ce"},{"@type":"BreadcrumbList","@id":"https:\/\/california-concept.com\/fr\/produkt\/ressorts-arriere-vw-t5-t6-t6-1-25-35-mm-california\/#breadcrumb","itemListElement":[{"@type":"ListItem","position":1,"name":"Strona g\u0142\u00f3wna","item":"https:\/\/california-concept.com\/fr\/"},{"@type":"ListItem","position":2,"name":"Boutique","item":"https:\/\/california-concept.com\/fr\/boutique\/"},{"@type":"ListItem","position":3,"name":"Ressorts arri\u00e8re VW T5 \/ T6 \/ T6.1 | +25\u201335 mm California"}]},{"@type":"WebSite","@id":"https:\/\/california-concept.com\/fr\/#website","url":"https:\/\/california-concept.com\/fr\/","name":"Sklep California Concept","description":"Akcesoria do Volkswagen California","publisher":{"@id":"https:\/\/california-concept.com\/fr\/#organization"},"potentialAction":[{"@type":"SearchAction","target":{"@type":"EntryPoint","urlTemplate":"https:\/\/california-concept.com\/fr\/?s={search_term_string}"},"query-input":{"@type":"PropertyValueSpecification","valueRequired":true,"valueName":"search_term_string"}}],"inLanguage":"fr-FR"},{"@type":"Organization","@id":"https:\/\/california-concept.com\/fr\/#organization","name":"Sklep California Concept","url":"https:\/\/california-concept.com\/fr\/","logo":{"@type":"ImageObject","inLanguage":"fr-FR","@id":"https:\/\/california-concept.com\/fr\/#\/schema\/logo\/image\/","url":"https:\/\/california-concept.com\/wp-content\/uploads\/2025\/02\/Logo.png","contentUrl":"https:\/\/california-concept.com\/wp-content\/uploads\/2025\/02\/Logo.png","width":1000,"height":1000,"caption":"Sklep California Concept"},"image":{"@id":"https:\/\/california-concept.com\/fr\/#\/schema\/logo\/image\/"}}]},"product_price_amount":"552.00","product_price_currency":"EUR","og_availability":"instock","product_availability":"instock","product_condition":"new"},"builder_content":"","_links":{"self":[{"href":"https:\/\/california-concept.com\/fr\/wp-json\/wp\/v2\/product\/1755","targetHints":{"allow":["GET"]}}],"collection":[{"href":"https:\/\/california-concept.com\/fr\/wp-json\/wp\/v2\/product"}],"about":[{"href":"https:\/\/california-concept.com\/fr\/wp-json\/wp\/v2\/types\/product"}],"replies":[{"embeddable":true,"href":"https:\/\/california-concept.com\/fr\/wp-json\/wp\/v2\/comments?post=1755"}],"wp:featuredmedia":[{"embeddable":true,"href":"https:\/\/california-concept.com\/fr\/wp-json\/wp\/v2\/media\/1254"}],"wp:attachment":[{"href":"https:\/\/california-concept.com\/fr\/wp-json\/wp\/v2\/media?parent=1755"}],"wp:term":[{"taxonomy":"product_brand","embeddable":true,"href":"https:\/\/california-concept.com\/fr\/wp-json\/wp\/v2\/product_brand?post=1755"},{"taxonomy":"product_cat","embeddable":true,"href":"https:\/\/california-concept.com\/fr\/wp-json\/wp\/v2\/product_cat?post=1755"},{"taxonomy":"product_tag","embeddable":true,"href":"https:\/\/california-concept.com\/fr\/wp-json\/wp\/v2\/product_tag?post=1755"}],"curies":[{"name":"wp","href":"https:\/\/api.w.org\/{rel}","templated":true}]}}