{"id":1609,"date":"2025-02-08T11:59:04","date_gmt":"2025-02-08T10:59:04","guid":{"rendered":"https:\/\/california-concept.com\/produkt\/suspension-rehaussee-filetee-twin-monotube-project-lift-pour-vw-t5-t6-et-t6-1-sans-dcc\/"},"modified":"2026-04-08T12:40:36","modified_gmt":"2026-04-08T10:40:36","slug":"suspension-rehaussee-filetee-twin-monotube-project-lift-pour-vw-t5-t6-et-t6-1-sans-dcc","status":"publish","type":"product","link":"https:\/\/california-concept.com\/fr\/produkt\/suspension-rehaussee-filetee-twin-monotube-project-lift-pour-vw-t5-t6-et-t6-1-sans-dcc\/","title":{"rendered":"Suspension rehauss\u00e9e filet\u00e9e Twin Monotube Project Lift pour VW T5, T6 et T6.1 sans DCC"},"content":{"rendered":"<h2>Principaux avantages du produit<\/h2>\n<p>R\u00e9glage pr\u00e9cis de la hauteur de la suspension \u2013 \u00e0 l&rsquo;avant et \u00e0 l&rsquo;arri\u00e8re au millim\u00e8tre pr\u00e8s, quelle que soit la configuration du v\u00e9hicule ! Que votre VW soit un California, un Multivan, un camping-car am\u00e9nag\u00e9, une version \u00e0 empattement court ou long \u2013 cette suspension assure un confort maximal, un r\u00e9glage de la duret\u00e9 et une course d&rsquo;amortisseur encore plus grande ! <\/p>\n<h3>R\u00e9glage pr\u00e9cis de la hauteur \u2013 adaptation parfaite \u00e0 chaque v\u00e9hicule<\/h3>\n<p>Jusqu&rsquo;\u00e0 pr\u00e9sent, les suspensions rehauss\u00e9es traditionnelles ne permettaient pas de pr\u00e9voir avec pr\u00e9cision la hauteur finale du v\u00e9hicule apr\u00e8s le montage \u2013 des facteurs tels que :<\/p>\n<ul>\n<li>Type de bo\u00eete de vitesses (DSG\/manuelle)<\/li>\n<li>Toit relevable<\/li>\n<li>Am\u00e9nagement int\u00e9rieur<\/li>\n<li>Attelage de remorque<\/li>\n<\/ul>\n<p>Gr\u00e2ce \u00e0 cette suspension filet\u00e9e, ce probl\u00e8me dispara\u00eet ! Si vous souhaitez que votre v\u00e9hicule ait exactement 490 mm de hauteur (mesur\u00e9e du centre de la roue au bord de l&rsquo;aile, \u00e0 l&rsquo;avant et \u00e0 l&rsquo;arri\u00e8re) \u2013 cette suspension permet un r\u00e9glage pr\u00e9cis de cette valeur au millim\u00e8tre pr\u00e8s, individuellement pour chaque v\u00e9hicule ! <\/p>\n<h3>Meilleurs composants et technologies modernes<\/h3>\n<ul>\n<li>Amortisseurs KONI-ADJUST-SENSITIV-T \u2013 r\u00e9glage continu de la hauteur et de la duret\u00e9 de la suspension.<\/li>\n<li>R\u00e9glage de la duret\u00e9 des amortisseurs \u2013 permet une adaptation individuelle au style de conduite.<\/li>\n<li>Ressorts Eibach Deutschland \u2013 meilleure r\u00e9sistance \u00e0 l&rsquo;affaissement, garantie de la plus haute qualit\u00e9.<\/li>\n<li>Composants galvanis\u00e9s \u2013 protection contre la corrosion, dur\u00e9e de vie prolong\u00e9e.<\/li>\n<li>Production chez Eibach Deutschland et KONI \u2013 durabilit\u00e9 et r\u00e9sistance aux conditions extr\u00eames garanties.<\/li>\n<\/ul>\n<p>Sur les v\u00e9hicules \u00e9quip\u00e9s de DCC, une d\u00e9sactivation professionnelle du syst\u00e8me est requise avant le remplacement des amortisseurs.<\/p>\n<h3>Plage de r\u00e9glage de la hauteur<\/h3>\n<ul>\n<li>Possibilit\u00e9 de rehausser la suspension de +10 mm \u00e0 +45 mm<\/li>\n<li>L&rsquo;homologation limite la hauteur maximale \u00e0 490 mm (du centre de la roue \u00e0 l&rsquo;aile), mais une r\u00e9serve de filetage reste disponible pour un r\u00e9glage ult\u00e9rieur.<\/li>\n<\/ul>\n<h3>Versions de suspension disponibles<\/h3>\n<p>Suspension pour Multivan, Transporter, Caravelle (SANS California et am\u00e9nagements lourds) :<\/p>\n<ul>\n<li>Avec fixations \u00e0 pince sur l&rsquo;essieu avant : <strong>Art.Nr: TMP-GF-LIFT-1<\/strong><\/li>\n<li>Pour la version T32 avec collier sur l&rsquo;essieu avant : <strong>Art.Nr: TMP-GF-LIFT-2-T32<\/strong><\/li>\n<\/ul>\n<p>Suspension pour VW California et v\u00e9hicules avec am\u00e9nagement lourd (min. 1000 kg de charge sur l&rsquo;essieu arri\u00e8re) :<\/p>\n<ul>\n<li>Avec fixations \u00e0 pince sur l&rsquo;essieu avant : <strong>Art.Nr: TMP-GF-LIFT-3<\/strong><\/li>\n<li>Pour la version T32 avec collier sur l&rsquo;essieu avant : <strong>Art.Nr: TMP-GF-LIFT-4-T32<\/strong><\/li>\n<\/ul>\n<h3>Le meilleur choix de suspension pour votre VW California T5, T6 ou T6.1 !<\/h3>\n<p>C&rsquo;est la solution id\u00e9ale pour ceux qui souhaitent ajuster pr\u00e9cis\u00e9ment la hauteur et le confort de la suspension de leur v\u00e9hicule \u2013 ind\u00e9pendamment de la charge et de la configuration !<\/p>\n<div class=\"post-video\"><iframe loading=\"lazy\" title=\"VW T6.1 volleinstellbares H\u00f6herlegungs Gewindefahrwerk : TWIN-MONOTUBE-PROJEKT-LIFT\" width=\"1165\" height=\"655\" src=\"https:\/\/www.youtube.com\/embed\/QBbCe3kJngk?feature=oembed\" frameborder=\"0\" allow=\"accelerometer; autoplay; clipboard-write; encrypted-media; gyroscope; picture-in-picture; web-share\" referrerpolicy=\"strict-origin-when-cross-origin\" allowfullscreen><\/iframe><\/div>\n<div class=\"post-video\"><iframe loading=\"lazy\" title=\"Offroad VW Bus T6 + Eibach Proliftkit +TWIN-MONOTUBE-PROJEKT-AT Felge\" width=\"1165\" height=\"655\" src=\"https:\/\/www.youtube.com\/embed\/chT5t5pdP2I?feature=oembed\" frameborder=\"0\" allow=\"accelerometer; autoplay; clipboard-write; encrypted-media; gyroscope; picture-in-picture; web-share\" referrerpolicy=\"strict-origin-when-cross-origin\" allowfullscreen><\/iframe><\/div>\n","protected":false},"excerpt":{"rendered":"<p>Principaux avantages du produit R\u00e9glage pr\u00e9cis de la hauteur de la suspension \u2013 \u00e0 l&rsquo;avant et \u00e0 l&rsquo;arri\u00e8re au millim\u00e8tre pr\u00e8s, quelle que soit la configuration du v\u00e9hicule ! Que votre VW soit un California, un Multivan, un camping-car am\u00e9nag\u00e9, une version \u00e0 empattement court ou long \u2013 cette suspension assure un confort maximal, un [&hellip;]<\/p>\n","protected":false},"featured_media":1161,"comment_status":"open","ping_status":"closed","template":"","meta":{"inline_featured_image":false},"product_brand":[],"product_cat":[102],"product_tag":[],"class_list":{"0":"post-1609","1":"product","2":"type-product","3":"status-publish","4":"has-post-thumbnail","6":"product_cat-suspension","7":"has-post-title","8":"has-post-date","9":"has-post-category","10":"has-post-tag","11":"has-post-comment","12":"has-post-author","13":"","15":"first","16":"instock","17":"shipping-taxable","18":"purchasable","19":"product-type-simple"},"yoast_head":"<!-- This site is optimized with the Yoast SEO Premium plugin v19.3 (Yoast SEO v27.4) - https:\/\/yoast.com\/product\/yoast-seo-premium-wordpress\/ -->\n<title>Suspension rehauss\u00e9e filet\u00e9e Twin Monotube Project Lift pour VW T5, T6 et T6.1 sans DCC<\/title>\n<meta name=\"description\" content=\"Suspension rehauss\u00e9e filet\u00e9e Twin Monotube Project Lift pour VW California T5, T6 et T6.1 sans DCC \u2013 avec r\u00e9glage en hauteur.\" \/>\n<meta name=\"robots\" content=\"index, follow, max-snippet:-1, max-image-preview:large, max-video-preview:-1\" \/>\n<link rel=\"canonical\" href=\"https:\/\/california-concept.com\/fr\/produkt\/suspension-rehaussee-filetee-twin-monotube-project-lift-pour-vw-t5-t6-et-t6-1-sans-dcc\/\" \/>\n<meta property=\"og:locale\" content=\"fr_FR\" \/>\n<meta property=\"og:type\" content=\"article\" \/>\n<meta property=\"og:title\" content=\"Suspension rehauss\u00e9e filet\u00e9e Twin Monotube Project Lift pour VW T5, T6 et T6.1 sans DCC\" \/>\n<meta property=\"og:description\" content=\"Suspension rehauss\u00e9e filet\u00e9e Twin Monotube Project Lift pour VW California T5, T6 et T6.1 sans DCC \u2013 avec r\u00e9glage en hauteur.\" \/>\n<meta property=\"og:url\" content=\"https:\/\/california-concept.com\/fr\/produkt\/suspension-rehaussee-filetee-twin-monotube-project-lift-pour-vw-t5-t6-et-t6-1-sans-dcc\/\" \/>\n<meta property=\"og:site_name\" content=\"Sklep California Concept\" \/>\n<meta property=\"article:modified_time\" content=\"2026-04-08T10:40:36+00:00\" \/>\n<meta property=\"og:image\" content=\"https:\/\/california-concept.com\/wp-content\/uploads\/2025\/02\/Twim-monotube-projekt-lift-gwintowane-zawieszenie-podnoszace-VW-T5-T6-i-T6.1-bez-DCC-Zdjecie-e1739015139636-kopia.jpg\" \/>\n\t<meta property=\"og:image:width\" content=\"1200\" \/>\n\t<meta property=\"og:image:height\" content=\"1200\" \/>\n\t<meta property=\"og:image:type\" content=\"image\/jpeg\" \/>\n<meta name=\"twitter:card\" content=\"summary_large_image\" \/>\n<meta name=\"twitter:label1\" content=\"Prix\" \/>\n\t<meta name=\"twitter:data1\" content=\"3.024,00&nbsp;&euro;\" \/>\n\t<meta name=\"twitter:label2\" content=\"Availability\" \/>\n\t<meta name=\"twitter:data2\" content=\"In stock\" \/>\n<script type=\"application\/ld+json\" class=\"yoast-schema-graph\">{\"@context\":\"https:\\\/\\\/schema.org\",\"@graph\":[{\"@type\":\"WebPage\",\"@id\":\"https:\\\/\\\/california-concept.com\\\/fr\\\/produkt\\\/suspension-rehaussee-filetee-twin-monotube-project-lift-pour-vw-t5-t6-et-t6-1-sans-dcc\\\/\",\"url\":\"https:\\\/\\\/california-concept.com\\\/fr\\\/produkt\\\/suspension-rehaussee-filetee-twin-monotube-project-lift-pour-vw-t5-t6-et-t6-1-sans-dcc\\\/\",\"name\":\"Suspension rehauss\u00e9e filet\u00e9e Twin Monotube Project Lift pour VW T5, T6 et T6.1 sans DCC\",\"isPartOf\":{\"@id\":\"https:\\\/\\\/california-concept.com\\\/fr\\\/#website\"},\"primaryImageOfPage\":{\"@id\":\"https:\\\/\\\/california-concept.com\\\/fr\\\/produkt\\\/suspension-rehaussee-filetee-twin-monotube-project-lift-pour-vw-t5-t6-et-t6-1-sans-dcc\\\/#primaryimage\"},\"image\":{\"@id\":\"https:\\\/\\\/california-concept.com\\\/fr\\\/produkt\\\/suspension-rehaussee-filetee-twin-monotube-project-lift-pour-vw-t5-t6-et-t6-1-sans-dcc\\\/#primaryimage\"},\"thumbnailUrl\":\"https:\\\/\\\/california-concept.com\\\/wp-content\\\/uploads\\\/2025\\\/02\\\/Twim-monotube-projekt-lift-gwintowane-zawieszenie-podnoszace-VW-T5-T6-i-T6.1-bez-DCC-Zdjecie-e1739015139636-kopia.jpg\",\"datePublished\":\"2025-02-08T10:59:04+00:00\",\"dateModified\":\"2026-04-08T10:40:36+00:00\",\"description\":\"Suspension rehauss\u00e9e filet\u00e9e Twin Monotube Project Lift pour VW California T5, T6 et T6.1 sans DCC \u2013 avec r\u00e9glage en hauteur.\",\"breadcrumb\":{\"@id\":\"https:\\\/\\\/california-concept.com\\\/fr\\\/produkt\\\/suspension-rehaussee-filetee-twin-monotube-project-lift-pour-vw-t5-t6-et-t6-1-sans-dcc\\\/#breadcrumb\"},\"inLanguage\":\"fr-FR\",\"potentialAction\":[{\"@type\":\"ReadAction\",\"target\":[\"https:\\\/\\\/california-concept.com\\\/fr\\\/produkt\\\/suspension-rehaussee-filetee-twin-monotube-project-lift-pour-vw-t5-t6-et-t6-1-sans-dcc\\\/\"]}]},{\"@type\":\"ImageObject\",\"inLanguage\":\"fr-FR\",\"@id\":\"https:\\\/\\\/california-concept.com\\\/fr\\\/produkt\\\/suspension-rehaussee-filetee-twin-monotube-project-lift-pour-vw-t5-t6-et-t6-1-sans-dcc\\\/#primaryimage\",\"url\":\"https:\\\/\\\/california-concept.com\\\/wp-content\\\/uploads\\\/2025\\\/02\\\/Twim-monotube-projekt-lift-gwintowane-zawieszenie-podnoszace-VW-T5-T6-i-T6.1-bez-DCC-Zdjecie-e1739015139636-kopia.jpg\",\"contentUrl\":\"https:\\\/\\\/california-concept.com\\\/wp-content\\\/uploads\\\/2025\\\/02\\\/Twim-monotube-projekt-lift-gwintowane-zawieszenie-podnoszace-VW-T5-T6-i-T6.1-bez-DCC-Zdjecie-e1739015139636-kopia.jpg\",\"width\":1200,\"height\":1200,\"caption\":\"Zawieszenie gwintowane Twin Monotube Projekt Lift do VW T5, T6, T6.1 bez DCC\"},{\"@type\":\"BreadcrumbList\",\"@id\":\"https:\\\/\\\/california-concept.com\\\/fr\\\/produkt\\\/suspension-rehaussee-filetee-twin-monotube-project-lift-pour-vw-t5-t6-et-t6-1-sans-dcc\\\/#breadcrumb\",\"itemListElement\":[{\"@type\":\"ListItem\",\"position\":1,\"name\":\"Strona g\u0142\u00f3wna\",\"item\":\"https:\\\/\\\/california-concept.com\\\/fr\\\/\"},{\"@type\":\"ListItem\",\"position\":2,\"name\":\"Boutique\",\"item\":\"https:\\\/\\\/california-concept.com\\\/fr\\\/boutique\\\/\"},{\"@type\":\"ListItem\",\"position\":3,\"name\":\"Suspension rehauss\u00e9e filet\u00e9e Twin Monotube Project Lift pour VW T5, T6 et&nbsp;T6.1 sans DCC\"}]},{\"@type\":\"WebSite\",\"@id\":\"https:\\\/\\\/california-concept.com\\\/fr\\\/#website\",\"url\":\"https:\\\/\\\/california-concept.com\\\/fr\\\/\",\"name\":\"Sklep California Concept\",\"description\":\"Akcesoria do Volkswagen California\",\"publisher\":{\"@id\":\"https:\\\/\\\/california-concept.com\\\/fr\\\/#organization\"},\"potentialAction\":[{\"@type\":\"SearchAction\",\"target\":{\"@type\":\"EntryPoint\",\"urlTemplate\":\"https:\\\/\\\/california-concept.com\\\/fr\\\/?s={search_term_string}\"},\"query-input\":{\"@type\":\"PropertyValueSpecification\",\"valueRequired\":true,\"valueName\":\"search_term_string\"}}],\"inLanguage\":\"fr-FR\"},{\"@type\":\"Organization\",\"@id\":\"https:\\\/\\\/california-concept.com\\\/fr\\\/#organization\",\"name\":\"Sklep California Concept\",\"url\":\"https:\\\/\\\/california-concept.com\\\/fr\\\/\",\"logo\":{\"@type\":\"ImageObject\",\"inLanguage\":\"fr-FR\",\"@id\":\"https:\\\/\\\/california-concept.com\\\/fr\\\/#\\\/schema\\\/logo\\\/image\\\/\",\"url\":\"https:\\\/\\\/california-concept.com\\\/wp-content\\\/uploads\\\/2025\\\/02\\\/Logo.png\",\"contentUrl\":\"https:\\\/\\\/california-concept.com\\\/wp-content\\\/uploads\\\/2025\\\/02\\\/Logo.png\",\"width\":1000,\"height\":1000,\"caption\":\"Sklep California Concept\"},\"image\":{\"@id\":\"https:\\\/\\\/california-concept.com\\\/fr\\\/#\\\/schema\\\/logo\\\/image\\\/\"}}]}<\/script>\n<meta property=\"product:price:amount\" content=\"3024.00\" \/>\n<meta property=\"product:price:currency\" content=\"EUR\" \/>\n<meta property=\"og:availability\" content=\"instock\" \/>\n<meta property=\"product:availability\" content=\"instock\" \/>\n<meta property=\"product:condition\" content=\"new\" \/>\n<!-- \/ Yoast SEO Premium plugin. -->","yoast_head_json":{"title":"Suspension rehauss\u00e9e filet\u00e9e Twin Monotube Project Lift pour VW T5, T6 et T6.1 sans DCC","description":"Suspension rehauss\u00e9e filet\u00e9e Twin Monotube Project Lift pour VW California T5, T6 et T6.1 sans DCC \u2013 avec r\u00e9glage en hauteur.","robots":{"index":"index","follow":"follow","max-snippet":"max-snippet:-1","max-image-preview":"max-image-preview:large","max-video-preview":"max-video-preview:-1"},"canonical":"https:\/\/california-concept.com\/fr\/produkt\/suspension-rehaussee-filetee-twin-monotube-project-lift-pour-vw-t5-t6-et-t6-1-sans-dcc\/","og_locale":"fr_FR","og_type":"article","og_title":"Suspension rehauss\u00e9e filet\u00e9e Twin Monotube Project Lift pour VW T5, T6 et T6.1 sans DCC","og_description":"Suspension rehauss\u00e9e filet\u00e9e Twin Monotube Project Lift pour VW California T5, T6 et T6.1 sans DCC \u2013 avec r\u00e9glage en hauteur.","og_url":"https:\/\/california-concept.com\/fr\/produkt\/suspension-rehaussee-filetee-twin-monotube-project-lift-pour-vw-t5-t6-et-t6-1-sans-dcc\/","og_site_name":"Sklep California Concept","article_modified_time":"2026-04-08T10:40:36+00:00","og_image":[{"width":1200,"height":1200,"url":"https:\/\/california-concept.com\/wp-content\/uploads\/2025\/02\/Twim-monotube-projekt-lift-gwintowane-zawieszenie-podnoszace-VW-T5-T6-i-T6.1-bez-DCC-Zdjecie-e1739015139636-kopia.jpg","type":"image\/jpeg"}],"twitter_card":"summary_large_image","twitter_misc":{"Prix":"3.024,00&nbsp;&euro;","Availability":"In stock"},"schema":{"@context":"https:\/\/schema.org","@graph":[{"@type":"WebPage","@id":"https:\/\/california-concept.com\/fr\/produkt\/suspension-rehaussee-filetee-twin-monotube-project-lift-pour-vw-t5-t6-et-t6-1-sans-dcc\/","url":"https:\/\/california-concept.com\/fr\/produkt\/suspension-rehaussee-filetee-twin-monotube-project-lift-pour-vw-t5-t6-et-t6-1-sans-dcc\/","name":"Suspension rehauss\u00e9e filet\u00e9e Twin Monotube Project Lift pour VW T5, T6 et T6.1 sans DCC","isPartOf":{"@id":"https:\/\/california-concept.com\/fr\/#website"},"primaryImageOfPage":{"@id":"https:\/\/california-concept.com\/fr\/produkt\/suspension-rehaussee-filetee-twin-monotube-project-lift-pour-vw-t5-t6-et-t6-1-sans-dcc\/#primaryimage"},"image":{"@id":"https:\/\/california-concept.com\/fr\/produkt\/suspension-rehaussee-filetee-twin-monotube-project-lift-pour-vw-t5-t6-et-t6-1-sans-dcc\/#primaryimage"},"thumbnailUrl":"https:\/\/california-concept.com\/wp-content\/uploads\/2025\/02\/Twim-monotube-projekt-lift-gwintowane-zawieszenie-podnoszace-VW-T5-T6-i-T6.1-bez-DCC-Zdjecie-e1739015139636-kopia.jpg","datePublished":"2025-02-08T10:59:04+00:00","dateModified":"2026-04-08T10:40:36+00:00","description":"Suspension rehauss\u00e9e filet\u00e9e Twin Monotube Project Lift pour VW California T5, T6 et T6.1 sans DCC \u2013 avec r\u00e9glage en hauteur.","breadcrumb":{"@id":"https:\/\/california-concept.com\/fr\/produkt\/suspension-rehaussee-filetee-twin-monotube-project-lift-pour-vw-t5-t6-et-t6-1-sans-dcc\/#breadcrumb"},"inLanguage":"fr-FR","potentialAction":[{"@type":"ReadAction","target":["https:\/\/california-concept.com\/fr\/produkt\/suspension-rehaussee-filetee-twin-monotube-project-lift-pour-vw-t5-t6-et-t6-1-sans-dcc\/"]}]},{"@type":"ImageObject","inLanguage":"fr-FR","@id":"https:\/\/california-concept.com\/fr\/produkt\/suspension-rehaussee-filetee-twin-monotube-project-lift-pour-vw-t5-t6-et-t6-1-sans-dcc\/#primaryimage","url":"https:\/\/california-concept.com\/wp-content\/uploads\/2025\/02\/Twim-monotube-projekt-lift-gwintowane-zawieszenie-podnoszace-VW-T5-T6-i-T6.1-bez-DCC-Zdjecie-e1739015139636-kopia.jpg","contentUrl":"https:\/\/california-concept.com\/wp-content\/uploads\/2025\/02\/Twim-monotube-projekt-lift-gwintowane-zawieszenie-podnoszace-VW-T5-T6-i-T6.1-bez-DCC-Zdjecie-e1739015139636-kopia.jpg","width":1200,"height":1200,"caption":"Zawieszenie gwintowane Twin Monotube Projekt Lift do VW T5, T6, T6.1 bez DCC"},{"@type":"BreadcrumbList","@id":"https:\/\/california-concept.com\/fr\/produkt\/suspension-rehaussee-filetee-twin-monotube-project-lift-pour-vw-t5-t6-et-t6-1-sans-dcc\/#breadcrumb","itemListElement":[{"@type":"ListItem","position":1,"name":"Strona g\u0142\u00f3wna","item":"https:\/\/california-concept.com\/fr\/"},{"@type":"ListItem","position":2,"name":"Boutique","item":"https:\/\/california-concept.com\/fr\/boutique\/"},{"@type":"ListItem","position":3,"name":"Suspension rehauss\u00e9e filet\u00e9e Twin Monotube Project Lift pour VW T5, T6 et&nbsp;T6.1 sans DCC"}]},{"@type":"WebSite","@id":"https:\/\/california-concept.com\/fr\/#website","url":"https:\/\/california-concept.com\/fr\/","name":"Sklep California Concept","description":"Akcesoria do Volkswagen California","publisher":{"@id":"https:\/\/california-concept.com\/fr\/#organization"},"potentialAction":[{"@type":"SearchAction","target":{"@type":"EntryPoint","urlTemplate":"https:\/\/california-concept.com\/fr\/?s={search_term_string}"},"query-input":{"@type":"PropertyValueSpecification","valueRequired":true,"valueName":"search_term_string"}}],"inLanguage":"fr-FR"},{"@type":"Organization","@id":"https:\/\/california-concept.com\/fr\/#organization","name":"Sklep California Concept","url":"https:\/\/california-concept.com\/fr\/","logo":{"@type":"ImageObject","inLanguage":"fr-FR","@id":"https:\/\/california-concept.com\/fr\/#\/schema\/logo\/image\/","url":"https:\/\/california-concept.com\/wp-content\/uploads\/2025\/02\/Logo.png","contentUrl":"https:\/\/california-concept.com\/wp-content\/uploads\/2025\/02\/Logo.png","width":1000,"height":1000,"caption":"Sklep California Concept"},"image":{"@id":"https:\/\/california-concept.com\/fr\/#\/schema\/logo\/image\/"}}]},"product_price_amount":"3024.00","product_price_currency":"EUR","og_availability":"instock","product_availability":"instock","product_condition":"new"},"builder_content":"","_links":{"self":[{"href":"https:\/\/california-concept.com\/fr\/wp-json\/wp\/v2\/product\/1609","targetHints":{"allow":["GET"]}}],"collection":[{"href":"https:\/\/california-concept.com\/fr\/wp-json\/wp\/v2\/product"}],"about":[{"href":"https:\/\/california-concept.com\/fr\/wp-json\/wp\/v2\/types\/product"}],"replies":[{"embeddable":true,"href":"https:\/\/california-concept.com\/fr\/wp-json\/wp\/v2\/comments?post=1609"}],"wp:featuredmedia":[{"embeddable":true,"href":"https:\/\/california-concept.com\/fr\/wp-json\/wp\/v2\/media\/1161"}],"wp:attachment":[{"href":"https:\/\/california-concept.com\/fr\/wp-json\/wp\/v2\/media?parent=1609"}],"wp:term":[{"taxonomy":"product_brand","embeddable":true,"href":"https:\/\/california-concept.com\/fr\/wp-json\/wp\/v2\/product_brand?post=1609"},{"taxonomy":"product_cat","embeddable":true,"href":"https:\/\/california-concept.com\/fr\/wp-json\/wp\/v2\/product_cat?post=1609"},{"taxonomy":"product_tag","embeddable":true,"href":"https:\/\/california-concept.com\/fr\/wp-json\/wp\/v2\/product_tag?post=1609"}],"curies":[{"name":"wp","href":"https:\/\/api.w.org\/{rel}","templated":true}]}}