{"id":1561,"date":"2025-10-07T16:47:11","date_gmt":"2025-10-07T14:47:11","guid":{"rendered":"https:\/\/california-concept.com\/produkt\/panneau-solaire-photovoltaique-flex-system-300w-volkswagen-california-t7\/"},"modified":"2026-04-08T12:39:00","modified_gmt":"2026-04-08T10:39:00","slug":"panneau-solaire-photovoltaique-flex-system-300w-volkswagen-california-t7","status":"publish","type":"product","link":"https:\/\/california-concept.com\/fr\/produkt\/panneau-solaire-photovoltaique-flex-system-300w-volkswagen-california-t7\/","title":{"rendered":"Panneau solaire photovolta\u00efque Flex System 300W Volkswagen California T7"},"content":{"rendered":"<h3>Panneaux photovolta\u00efques fiables pour Volkswagen California T7<\/h3>\n<p>Flex Panel System Wild Concept \u2014 Plus de puissance, plus de libert\u00e9<\/p>\n<p>Dans le monde du voyage et de la d\u00e9couverte, chaque d\u00e9tail compte. Le Flex Panel System r\u00e9pond aux besoins de ceux qui en veulent plus \u2014 plus d&rsquo;ind\u00e9pendance, plus de temps pour l&rsquo;aventure et plus d&rsquo;\u00e9nergie pour r\u00e9aliser leurs r\u00eaves d&rsquo;exp\u00e9ditions libres. <\/p>\n<p><strong>Notre syst\u00e8me solaire est la solution id\u00e9ale pour les mod\u00e8les VW California T7.<\/strong> Discret, l\u00e9ger, mais surtout efficace, avec une puissance de 300 W, il permet d&rsquo;alimenter les appareils et de recharger les batteries \u00e0 l&rsquo;arr\u00eat. Gr\u00e2ce \u00e0 un montage sp\u00e9cial qui n&rsquo;interf\u00e8re pas avec la structure du v\u00e9hicule, l&rsquo;installation n&rsquo;affecte pas la garantie d&rsquo;usine, ce qui en fait un choix s\u00fbr pour les v\u00e9hicules neufs. <\/p>\n<p>Le Flex Panel System vous offre la libert\u00e9 que vous recherchez \u2014 vous pouvez vous arr\u00eater plus longtemps, sans vous soucier de l&rsquo;\u00e9nergie. Dites adieu aux restrictions et \u00e0 la n\u00e9cessit\u00e9 de chercher des stations de recharge. Confort, commodit\u00e9, et surtout des possibilit\u00e9s illimit\u00e9es de d\u00e9couvrir le monde selon vos propres r\u00e8gles \u2014 telle est la philosophie qui nous a guid\u00e9s lors de la cr\u00e9ation de ce syst\u00e8me.  <\/p>\n<p>Si vous r\u00eavez de voyages sans limites, le Flex Panel System est votre r\u00e9ponse. Soyez ind\u00e9pendant, soyez pr\u00eat pour plus ! <\/p>\n<h3>Que comprend le kit de panneaux solaires pour Volkswagen California ?<\/h3>\n<p>Le kit Flex Panel System comprend :<\/p>\n<ul>\n<li style=\"list-style-type: none;\">\n<ul>\n<li>des panneaux photovolta\u00efques flexibles exceptionnellement robustes<\/li>\n<li>un radiateur innovant augmentant l&rsquo;efficacit\u00e9 du syst\u00e8me<\/li>\n<li>un r\u00e9gulateur de charge, des c\u00e2bles<\/li>\n<\/ul>\n<\/li>\n<\/ul>\n<p>Chaque \u00e9l\u00e9ment a \u00e9t\u00e9 soigneusement s\u00e9lectionn\u00e9 pour garantir une efficacit\u00e9 maximale et une s\u00e9curit\u00e9 d&rsquo;utilisation.<\/p>\n<h3>Donn\u00e9es techniques<\/h3>\n<ul>\n<li>Puissance nominale : 314 W<\/li>\n<li>Tension en circuit ouvert : 42,48 V<\/li>\n<li>Courant de court-circuit : 9,59 A<\/li>\n<li>Tension de fonctionnement maximale : 36 V<\/li>\n<li>Tension maximale du syst\u00e8me : 500 V CC (UL)<\/li>\n<li>Intensit\u00e9 maximale du fusible : 20 A<\/li>\n<li>Efficacit\u00e9 de conversion : 23 %<\/li>\n<li>Dimensions : 890\/1130 mm<\/li>\n<li>Poids : environ 16 kg<\/li>\n<\/ul>\n<h3>Avec quels produits le panneau solaire Flex est-il compatible ?<\/h3>\n<p>Batterie auxiliaire du v\u00e9hicule.<\/p>\n<p>Le compl\u00e9ment id\u00e9al du Flex Panel System est la <strong><a href=\"https:\/\/california-concept.com\/produkt\/przenosna-stacja-zasilania-ecoflow-delta-3\/\">station d&rsquo;alimentation portable EcoFlow DELTA 3<\/a><\/strong>.<\/p>\n<h3>Quels appareils peuvent \u00eatre aliment\u00e9s par les panneaux solaires Flex ?<\/h3>\n<p>Les panneaux solaires Flex sur le toit du VW California peuvent alimenter de nombreux appareils personnels et \u00e9quipements du camping-car :<\/p>\n<ul>\n<li><strong data-start=\"384\" data-end=\"407\">Recharge de t\u00e9l\u00e9phones<\/strong> \u2013 un smartphone consomme environ 5-10 W, il est donc possible d&rsquo;en recharger plusieurs par jour. <\/li>\n<li><strong data-start=\"480\" data-end=\"490\">Ordinateur portable<\/strong> \u2013 consomme en moyenne 40-60 W, donc un panneau de 310 W suffit pour plusieurs heures de travail par jour.<\/li>\n<li><strong data-start=\"580\" data-end=\"616\">Tablettes, montres connect\u00e9es, powerbanks<\/strong> \u2013 leur consommation est faible, il est donc facile de les recharger.<\/li>\n<li><strong data-start=\"685\" data-end=\"709\">Routeur Wi-Fi mobile<\/strong> \u2013 consomme environ 5-10 W, il peut donc fonctionner toute la journ\u00e9e. <\/li>\n<li><strong data-start=\"832\" data-end=\"855\">\u00c9clairage LED<\/strong> \u2013 consomme peu (2-5 W par lampe), il peut donc rester allum\u00e9 toute la nuit.<\/li>\n<li><strong data-start=\"934\" data-end=\"958\">Petits ventilateurs 12 V<\/strong> \u2013 consomment environ 10-20 W, il est donc possible de les utiliser plusieurs heures par jour. <\/li>\n<li><strong data-start=\"1039\" data-end=\"1075\">Radio ou petite enceinte Bluetooth<\/strong> \u2013 environ 5-15 W. <\/li>\n<li><strong data-start=\"1148\" data-end=\"1176\">Petite machine \u00e0 caf\u00e9 12 V<\/strong> \u2013 consomme 100-150 W, il est donc possible de l&rsquo;utiliser occasionnellement.<\/li>\n<li><strong data-start=\"1245\" data-end=\"1272\">R\u00e9frig\u00e9rateur de voyage 12 V<\/strong> \u2013 consomme 40-60 W, il peut donc fonctionner plusieurs heures, mais il est pr\u00e9f\u00e9rable de l&rsquo;utiliser avec une batterie.<\/li>\n<\/ul>\n<h3 data-start=\"1630\" data-end=\"1675\">Comment optimiser la consommation d&rsquo;\u00e9nergie dans un Volkswagen California ou un autre camping-car ?<\/h3>\n<p data-start=\"1676\" data-end=\"1949\">\ud83d\udd39 Utiliser des appareils \u00e9conomes en \u00e9nergie (par exemple, des LED au lieu d&rsquo;halog\u00e8nes).<br data-start=\"1741\" data-end=\"1744\">\ud83d\udd39 Recharger les appareils pendant la journ\u00e9e, lorsque le panneau g\u00e9n\u00e8re le plus de puissance.<br data-start=\"1811\" data-end=\"1814\">\ud83d\udd39 Utiliser une batterie pour stocker l&rsquo;exc\u00e8s d&rsquo;\u00e9nergie pour la nuit (par exemple, la <strong>station d&rsquo;alimentation portable EcoFlow DELTA 3<\/strong>).<br data-start=\"1883\" data-end=\"1886\">\ud83d\udd39 Utiliser un r\u00e9gulateur MPPT, qui augmente l&rsquo;efficacit\u00e9 des panneaux.<\/p>\n","protected":false},"excerpt":{"rendered":"<p>Haute efficacit\u00e9 des panneaux photovolta\u00efques VW California : La puissance de 300 W permet d&rsquo;alimenter les batteries auxiliaires sans avoir besoin de s&rsquo;arr\u00eater au camping.<\/p>\n<ul>\n<li><strong>Construction l\u00e9g\u00e8re :<\/strong> Les panneaux solaires n&rsquo;ont que 4 mm d&rsquo;\u00e9paisseur et p\u00e8sent 16 kg.<\/li>\n<li><strong>Installation simple :<\/strong> Le montage des panneaux prend 120 minutes, sans interf\u00e9rer avec la structure du v\u00e9hicule. Sans impact sur la garantie. <\/li>\n<li><strong>Gestion via application :<\/strong> Contr\u00f4le total du syst\u00e8me de panneaux solaires \u00e0 l&rsquo;aide d&rsquo;une application mobile d\u00e9di\u00e9e.<\/li>\n<li><strong>Durabilit\u00e9 :<\/strong> Les panneaux fonctionnent m\u00eame dans des conditions m\u00e9t\u00e9orologiques difficiles. \u00c9tanch\u00e9it\u00e9 IP68. <\/li>\n<\/ul>\n","protected":false},"featured_media":1565,"comment_status":"closed","ping_status":"closed","template":"","meta":{"inline_featured_image":false},"product_brand":[],"product_cat":[96],"product_tag":[],"class_list":{"0":"post-1561","1":"product","2":"type-product","3":"status-publish","4":"has-post-thumbnail","6":"product_cat-panneaux-solaires","7":"has-post-title","8":"has-post-date","9":"has-post-category","10":"has-post-tag","11":"has-post-comment","12":"has-post-author","13":"","15":"first","16":"instock","17":"shipping-taxable","18":"purchasable","19":"product-type-simple"},"yoast_head":"<!-- This site is optimized with the Yoast SEO Premium plugin v19.3 (Yoast SEO v27.4) - https:\/\/yoast.com\/product\/yoast-seo-premium-wordpress\/ -->\n<title>Panneau solaire photovolta\u00efque Flex System 300W Volkswagen California T7 | Sklep California Concept<\/title>\n<meta name=\"description\" content=\"Panneau solaire photovolta\u00efque Flex System 300W pour VW California T7 Ocean et Beach California. Un syst\u00e8me d&#039;alimentation solaire \u00e9prouv\u00e9.\" \/>\n<meta name=\"robots\" content=\"index, follow, max-snippet:-1, max-image-preview:large, max-video-preview:-1\" \/>\n<link rel=\"canonical\" href=\"https:\/\/california-concept.com\/fr\/produkt\/panneau-solaire-photovoltaique-flex-system-300w-volkswagen-california-t7\/\" \/>\n<meta property=\"og:locale\" content=\"fr_FR\" \/>\n<meta property=\"og:type\" content=\"article\" \/>\n<meta property=\"og:title\" content=\"Panneau solaire photovolta\u00efque Flex System 300W Volkswagen California T7\" \/>\n<meta property=\"og:description\" content=\"Panneau solaire photovolta\u00efque Flex System 300W pour VW California T7 Ocean et Beach California. Un syst\u00e8me d&#039;alimentation solaire \u00e9prouv\u00e9.\" \/>\n<meta property=\"og:url\" content=\"https:\/\/california-concept.com\/fr\/produkt\/panneau-solaire-photovoltaique-flex-system-300w-volkswagen-california-t7\/\" \/>\n<meta property=\"og:site_name\" content=\"Sklep California Concept\" \/>\n<meta property=\"article:modified_time\" content=\"2026-04-08T10:39:00+00:00\" \/>\n<meta property=\"og:image\" content=\"https:\/\/california-concept.com\/wp-content\/uploads\/2026\/01\/panele-wild-concept-t7-300w.jpg\" \/>\n\t<meta property=\"og:image:width\" content=\"1920\" \/>\n\t<meta property=\"og:image:height\" content=\"1920\" \/>\n\t<meta property=\"og:image:type\" content=\"image\/jpeg\" \/>\n<meta name=\"twitter:card\" content=\"summary_large_image\" \/>\n<meta name=\"twitter:label1\" content=\"Prix\" \/>\n\t<meta name=\"twitter:data1\" content=\"1.680,00&nbsp;&euro;\" \/>\n\t<meta name=\"twitter:label2\" content=\"Availability\" \/>\n\t<meta name=\"twitter:data2\" content=\"In stock\" \/>\n<script type=\"application\/ld+json\" class=\"yoast-schema-graph\">{\"@context\":\"https:\\\/\\\/schema.org\",\"@graph\":[{\"@type\":\"WebPage\",\"@id\":\"https:\\\/\\\/california-concept.com\\\/fr\\\/produkt\\\/panneau-solaire-photovoltaique-flex-system-300w-volkswagen-california-t7\\\/\",\"url\":\"https:\\\/\\\/california-concept.com\\\/fr\\\/produkt\\\/panneau-solaire-photovoltaique-flex-system-300w-volkswagen-california-t7\\\/\",\"name\":\"Panneau solaire photovolta\u00efque Flex System 300W Volkswagen California T7 | Sklep California Concept\",\"isPartOf\":{\"@id\":\"https:\\\/\\\/california-concept.com\\\/fr\\\/#website\"},\"primaryImageOfPage\":{\"@id\":\"https:\\\/\\\/california-concept.com\\\/fr\\\/produkt\\\/panneau-solaire-photovoltaique-flex-system-300w-volkswagen-california-t7\\\/#primaryimage\"},\"image\":{\"@id\":\"https:\\\/\\\/california-concept.com\\\/fr\\\/produkt\\\/panneau-solaire-photovoltaique-flex-system-300w-volkswagen-california-t7\\\/#primaryimage\"},\"thumbnailUrl\":\"https:\\\/\\\/california-concept.com\\\/wp-content\\\/uploads\\\/2026\\\/01\\\/panele-wild-concept-t7-300w.jpg\",\"datePublished\":\"2025-10-07T14:47:11+00:00\",\"dateModified\":\"2026-04-08T10:39:00+00:00\",\"description\":\"Panneau solaire photovolta\u00efque Flex System 300W pour VW California T7 Ocean et Beach California. Un syst\u00e8me d'alimentation solaire \u00e9prouv\u00e9.\",\"breadcrumb\":{\"@id\":\"https:\\\/\\\/california-concept.com\\\/fr\\\/produkt\\\/panneau-solaire-photovoltaique-flex-system-300w-volkswagen-california-t7\\\/#breadcrumb\"},\"inLanguage\":\"fr-FR\",\"potentialAction\":[{\"@type\":\"ReadAction\",\"target\":[\"https:\\\/\\\/california-concept.com\\\/fr\\\/produkt\\\/panneau-solaire-photovoltaique-flex-system-300w-volkswagen-california-t7\\\/\"]}]},{\"@type\":\"ImageObject\",\"inLanguage\":\"fr-FR\",\"@id\":\"https:\\\/\\\/california-concept.com\\\/fr\\\/produkt\\\/panneau-solaire-photovoltaique-flex-system-300w-volkswagen-california-t7\\\/#primaryimage\",\"url\":\"https:\\\/\\\/california-concept.com\\\/wp-content\\\/uploads\\\/2026\\\/01\\\/panele-wild-concept-t7-300w.jpg\",\"contentUrl\":\"https:\\\/\\\/california-concept.com\\\/wp-content\\\/uploads\\\/2026\\\/01\\\/panele-wild-concept-t7-300w.jpg\",\"width\":1920,\"height\":1920},{\"@type\":\"BreadcrumbList\",\"@id\":\"https:\\\/\\\/california-concept.com\\\/fr\\\/produkt\\\/panneau-solaire-photovoltaique-flex-system-300w-volkswagen-california-t7\\\/#breadcrumb\",\"itemListElement\":[{\"@type\":\"ListItem\",\"position\":1,\"name\":\"Strona g\u0142\u00f3wna\",\"item\":\"https:\\\/\\\/california-concept.com\\\/fr\\\/\"},{\"@type\":\"ListItem\",\"position\":2,\"name\":\"Boutique\",\"item\":\"https:\\\/\\\/california-concept.com\\\/fr\\\/boutique\\\/\"},{\"@type\":\"ListItem\",\"position\":3,\"name\":\"Panneau solaire photovolta\u00efque Flex System 300W Volkswagen California T7\"}]},{\"@type\":\"WebSite\",\"@id\":\"https:\\\/\\\/california-concept.com\\\/fr\\\/#website\",\"url\":\"https:\\\/\\\/california-concept.com\\\/fr\\\/\",\"name\":\"Sklep California Concept\",\"description\":\"Akcesoria do Volkswagen California\",\"publisher\":{\"@id\":\"https:\\\/\\\/california-concept.com\\\/fr\\\/#organization\"},\"potentialAction\":[{\"@type\":\"SearchAction\",\"target\":{\"@type\":\"EntryPoint\",\"urlTemplate\":\"https:\\\/\\\/california-concept.com\\\/fr\\\/?s={search_term_string}\"},\"query-input\":{\"@type\":\"PropertyValueSpecification\",\"valueRequired\":true,\"valueName\":\"search_term_string\"}}],\"inLanguage\":\"fr-FR\"},{\"@type\":\"Organization\",\"@id\":\"https:\\\/\\\/california-concept.com\\\/fr\\\/#organization\",\"name\":\"Sklep California Concept\",\"url\":\"https:\\\/\\\/california-concept.com\\\/fr\\\/\",\"logo\":{\"@type\":\"ImageObject\",\"inLanguage\":\"fr-FR\",\"@id\":\"https:\\\/\\\/california-concept.com\\\/fr\\\/#\\\/schema\\\/logo\\\/image\\\/\",\"url\":\"https:\\\/\\\/california-concept.com\\\/wp-content\\\/uploads\\\/2025\\\/02\\\/Logo.png\",\"contentUrl\":\"https:\\\/\\\/california-concept.com\\\/wp-content\\\/uploads\\\/2025\\\/02\\\/Logo.png\",\"width\":1000,\"height\":1000,\"caption\":\"Sklep California Concept\"},\"image\":{\"@id\":\"https:\\\/\\\/california-concept.com\\\/fr\\\/#\\\/schema\\\/logo\\\/image\\\/\"}}]}<\/script>\n<meta property=\"product:price:amount\" content=\"1680.00\" \/>\n<meta property=\"product:price:currency\" content=\"EUR\" \/>\n<meta property=\"og:availability\" content=\"instock\" \/>\n<meta property=\"product:availability\" content=\"instock\" \/>\n<meta property=\"product:retailer_item_id\" content=\"CC-FLEX-300W-T7\" \/>\n<meta property=\"product:condition\" content=\"new\" \/>\n<!-- \/ Yoast SEO Premium plugin. -->","yoast_head_json":{"title":"Panneau solaire photovolta\u00efque Flex System 300W Volkswagen California T7 | Sklep California Concept","description":"Panneau solaire photovolta\u00efque Flex System 300W pour VW California T7 Ocean et Beach California. Un syst\u00e8me d'alimentation solaire \u00e9prouv\u00e9.","robots":{"index":"index","follow":"follow","max-snippet":"max-snippet:-1","max-image-preview":"max-image-preview:large","max-video-preview":"max-video-preview:-1"},"canonical":"https:\/\/california-concept.com\/fr\/produkt\/panneau-solaire-photovoltaique-flex-system-300w-volkswagen-california-t7\/","og_locale":"fr_FR","og_type":"article","og_title":"Panneau solaire photovolta\u00efque Flex System 300W Volkswagen California T7","og_description":"Panneau solaire photovolta\u00efque Flex System 300W pour VW California T7 Ocean et Beach California. Un syst\u00e8me d'alimentation solaire \u00e9prouv\u00e9.","og_url":"https:\/\/california-concept.com\/fr\/produkt\/panneau-solaire-photovoltaique-flex-system-300w-volkswagen-california-t7\/","og_site_name":"Sklep California Concept","article_modified_time":"2026-04-08T10:39:00+00:00","og_image":[{"width":1920,"height":1920,"url":"https:\/\/california-concept.com\/wp-content\/uploads\/2026\/01\/panele-wild-concept-t7-300w.jpg","type":"image\/jpeg"}],"twitter_card":"summary_large_image","twitter_misc":{"Prix":"1.680,00&nbsp;&euro;","Availability":"In stock"},"schema":{"@context":"https:\/\/schema.org","@graph":[{"@type":"WebPage","@id":"https:\/\/california-concept.com\/fr\/produkt\/panneau-solaire-photovoltaique-flex-system-300w-volkswagen-california-t7\/","url":"https:\/\/california-concept.com\/fr\/produkt\/panneau-solaire-photovoltaique-flex-system-300w-volkswagen-california-t7\/","name":"Panneau solaire photovolta\u00efque Flex System 300W Volkswagen California T7 | Sklep California Concept","isPartOf":{"@id":"https:\/\/california-concept.com\/fr\/#website"},"primaryImageOfPage":{"@id":"https:\/\/california-concept.com\/fr\/produkt\/panneau-solaire-photovoltaique-flex-system-300w-volkswagen-california-t7\/#primaryimage"},"image":{"@id":"https:\/\/california-concept.com\/fr\/produkt\/panneau-solaire-photovoltaique-flex-system-300w-volkswagen-california-t7\/#primaryimage"},"thumbnailUrl":"https:\/\/california-concept.com\/wp-content\/uploads\/2026\/01\/panele-wild-concept-t7-300w.jpg","datePublished":"2025-10-07T14:47:11+00:00","dateModified":"2026-04-08T10:39:00+00:00","description":"Panneau solaire photovolta\u00efque Flex System 300W pour VW California T7 Ocean et Beach California. Un syst\u00e8me d'alimentation solaire \u00e9prouv\u00e9.","breadcrumb":{"@id":"https:\/\/california-concept.com\/fr\/produkt\/panneau-solaire-photovoltaique-flex-system-300w-volkswagen-california-t7\/#breadcrumb"},"inLanguage":"fr-FR","potentialAction":[{"@type":"ReadAction","target":["https:\/\/california-concept.com\/fr\/produkt\/panneau-solaire-photovoltaique-flex-system-300w-volkswagen-california-t7\/"]}]},{"@type":"ImageObject","inLanguage":"fr-FR","@id":"https:\/\/california-concept.com\/fr\/produkt\/panneau-solaire-photovoltaique-flex-system-300w-volkswagen-california-t7\/#primaryimage","url":"https:\/\/california-concept.com\/wp-content\/uploads\/2026\/01\/panele-wild-concept-t7-300w.jpg","contentUrl":"https:\/\/california-concept.com\/wp-content\/uploads\/2026\/01\/panele-wild-concept-t7-300w.jpg","width":1920,"height":1920},{"@type":"BreadcrumbList","@id":"https:\/\/california-concept.com\/fr\/produkt\/panneau-solaire-photovoltaique-flex-system-300w-volkswagen-california-t7\/#breadcrumb","itemListElement":[{"@type":"ListItem","position":1,"name":"Strona g\u0142\u00f3wna","item":"https:\/\/california-concept.com\/fr\/"},{"@type":"ListItem","position":2,"name":"Boutique","item":"https:\/\/california-concept.com\/fr\/boutique\/"},{"@type":"ListItem","position":3,"name":"Panneau solaire photovolta\u00efque Flex System 300W Volkswagen California T7"}]},{"@type":"WebSite","@id":"https:\/\/california-concept.com\/fr\/#website","url":"https:\/\/california-concept.com\/fr\/","name":"Sklep California Concept","description":"Akcesoria do Volkswagen California","publisher":{"@id":"https:\/\/california-concept.com\/fr\/#organization"},"potentialAction":[{"@type":"SearchAction","target":{"@type":"EntryPoint","urlTemplate":"https:\/\/california-concept.com\/fr\/?s={search_term_string}"},"query-input":{"@type":"PropertyValueSpecification","valueRequired":true,"valueName":"search_term_string"}}],"inLanguage":"fr-FR"},{"@type":"Organization","@id":"https:\/\/california-concept.com\/fr\/#organization","name":"Sklep California Concept","url":"https:\/\/california-concept.com\/fr\/","logo":{"@type":"ImageObject","inLanguage":"fr-FR","@id":"https:\/\/california-concept.com\/fr\/#\/schema\/logo\/image\/","url":"https:\/\/california-concept.com\/wp-content\/uploads\/2025\/02\/Logo.png","contentUrl":"https:\/\/california-concept.com\/wp-content\/uploads\/2025\/02\/Logo.png","width":1000,"height":1000,"caption":"Sklep California Concept"},"image":{"@id":"https:\/\/california-concept.com\/fr\/#\/schema\/logo\/image\/"}}]},"product_price_amount":"1680.00","product_price_currency":"EUR","og_availability":"instock","product_availability":"instock","product_retailer_item_id":"CC-FLEX-300W-T7","product_condition":"new"},"builder_content":"","_links":{"self":[{"href":"https:\/\/california-concept.com\/fr\/wp-json\/wp\/v2\/product\/1561","targetHints":{"allow":["GET"]}}],"collection":[{"href":"https:\/\/california-concept.com\/fr\/wp-json\/wp\/v2\/product"}],"about":[{"href":"https:\/\/california-concept.com\/fr\/wp-json\/wp\/v2\/types\/product"}],"replies":[{"embeddable":true,"href":"https:\/\/california-concept.com\/fr\/wp-json\/wp\/v2\/comments?post=1561"}],"wp:featuredmedia":[{"embeddable":true,"href":"https:\/\/california-concept.com\/fr\/wp-json\/wp\/v2\/media\/1565"}],"wp:attachment":[{"href":"https:\/\/california-concept.com\/fr\/wp-json\/wp\/v2\/media?parent=1561"}],"wp:term":[{"taxonomy":"product_brand","embeddable":true,"href":"https:\/\/california-concept.com\/fr\/wp-json\/wp\/v2\/product_brand?post=1561"},{"taxonomy":"product_cat","embeddable":true,"href":"https:\/\/california-concept.com\/fr\/wp-json\/wp\/v2\/product_cat?post=1561"},{"taxonomy":"product_tag","embeddable":true,"href":"https:\/\/california-concept.com\/fr\/wp-json\/wp\/v2\/product_tag?post=1561"}],"curies":[{"name":"wp","href":"https:\/\/api.w.org\/{rel}","templated":true}]}}