{"id":1805,"date":"2025-06-28T10:14:00","date_gmt":"2025-06-28T08:14:00","guid":{"rendered":"https:\/\/california-concept.com\/produkt\/llanta-todoterreno-twin-monotube-projekt-at-8x17\/"},"modified":"2026-04-08T15:47:19","modified_gmt":"2026-04-08T13:47:19","slug":"llanta-todoterreno-twin-monotube-projekt-at-8x17","status":"publish","type":"product","link":"https:\/\/california-concept.com\/es\/produkt\/llanta-todoterreno-twin-monotube-projekt-at-8x17\/","title":{"rendered":"Llanta todoterreno TWIN-MONOTUBE-PROJEKT-AT 8&#215;17"},"content":{"rendered":"<p>&nbsp;<\/p>\n<p><strong>Compatible con:<\/strong> VW T5, T6, T6.1, Amarok, Mercedes Clase V, Vito W447<\/p>\n<h2>Caracter\u00edsticas principales:<\/h2>\n<ul>\n<li>Tama\u00f1o: 8&#215;17&#8243;, <strong>c\u00f3ncava<\/strong><\/li>\n<li>Color: <strong>STONE (piedra mate)<\/strong><\/li>\n<li>Capacidad de carga hasta <strong>1050 kg<\/strong><\/li>\n<li><strong>Anillo protector<\/strong> intercambiable<\/li>\n<li>Montaje original \u2013 sin necesidad de anillos de centraje<\/li>\n<li>Compatible con kit de elevaci\u00f3n <strong>Eibach Pro Lift Kit<\/strong><\/li>\n<li>Certificado <strong>T\u00dcV<\/strong> \u2013 neum\u00e1ticos homologados: 235\/65\/17, 225\/65\/17<\/li>\n<li><strong>Sin necesidad de separadores<\/strong> \u2013 ET ideal<\/li>\n<\/ul>\n<h2>Calidad OEM \u2013 fabricaci\u00f3n desde diciembre de 2023<\/h2>\n<p>Desde ahora las llantas son fabricadas por un reconocido fabricante alem\u00e1n de llantas OEM (proveedor entre otros de Porsche, BMW y Mercedes):<\/p>\n<ul>\n<li>Aluminio de m\u00e1xima calidad con tratamiento t\u00e9rmico<\/li>\n<li>Mecanizado CNC completo y control de calidad<\/li>\n<li>Control radiogr\u00e1fico 100%<\/li>\n<li>Recubrimiento de pintura de 4 capas resistente al invierno (test CASS)<\/li>\n<li>Certificados IATF, DIN-ISO, KBA<\/li>\n<\/ul>\n<h2>N\u00fameros de referencia:<\/h2>\n<ul>\n<li><strong>AT1-17-STONE-T5-T6.1<\/strong> \u2013 VW T5, T6, T6.1, Amarok<\/li>\n<li><strong>AT1-17-STONE-V447<\/strong> \u2013 Mercedes Clase V (con tornillos negros)<\/li>\n<li><strong>AT1-17-STONE-MQB<\/strong> \u2013 VW Passat 3C\/B8, Caddy 4\/5 (con tornillos negros)<\/li>\n<\/ul>\n<p><em>Atenci\u00f3n: para Caddy 5 puede ser necesario el uso de pasos de rueda ensanchados (seg\u00fan T\u00dcV).<\/em><\/p>\n<h2>Resumen:<\/h2>\n<p>Las llantas TWIN-MONOTUBE 8&#215;17 en color STONE son la combinaci\u00f3n de estilo, resistencia y excelente compatibilidad con su furgoneta. Garantizan m\u00e1xima funcionalidad sin compromisos, tanto en ciudad como en terreno. <\/p>\n<div class=\"post-video\"><iframe loading=\"lazy\" title=\"VW T5 T6 T6.1 H\u00f6herlegung Eibach Lift kit + Twin-Monotube-Projekt-AT\" width=\"1165\" height=\"655\" src=\"https:\/\/www.youtube.com\/embed\/ZHPDswSxKRo?feature=oembed\" frameborder=\"0\" allow=\"accelerometer; autoplay; clipboard-write; encrypted-media; gyroscope; picture-in-picture; web-share\" referrerpolicy=\"strict-origin-when-cross-origin\" allowfullscreen><\/iframe><\/div>\n<hr>\n<p><!-- Kr\u00f3tki opis SEO do Yoast --><\/p>\n<p><strong>Descripci\u00f3n breve para Yoast SEO:<\/strong> Llanta todoterreno 8&#215;17&#8243; en color STONE con capacidad de carga de 1050 kg. Dise\u00f1ada para VW T5\/T6\/T6.1, Amarok, Mercedes Clase V y Vito. Con certificado T\u00dcV y anillo protector.  <\/p>\n<p><!-- S\u0142owa kluczowe SEO --><\/p>\n<p><strong>Palabras clave:<\/strong> llanta 8&#215;17, llanta todoterreno VW T6, llanta Mercedes Vito, ll<\/p>\n","protected":false},"excerpt":{"rendered":"<p>Llanta todoterreno 8&#215;17&#8243; en color STONE, con certificado T\u00dcV y capacidad de carga de 1050 kg. Compatible con VW T5\/T6\/T6.1, Amarok y Mercedes Vito. Ideal para expediciones y kits de elevaci\u00f3n de suspensi\u00f3n.  <\/p>\n","protected":false},"featured_media":1209,"comment_status":"closed","ping_status":"closed","template":"","meta":{"inline_featured_image":false},"product_brand":[],"product_cat":[153],"product_tag":[],"class_list":{"0":"post-1805","1":"product","2":"type-product","3":"status-publish","4":"has-post-thumbnail","6":"product_cat-llantas","7":"has-post-title","8":"has-post-date","9":"has-post-category","10":"has-post-tag","11":"has-post-comment","12":"has-post-author","13":"","15":"first","16":"instock","17":"shipping-taxable","18":"purchasable","19":"product-type-simple"},"yoast_head":"<!-- This site is optimized with the Yoast SEO Premium plugin v19.3 (Yoast SEO v27.4) - https:\/\/yoast.com\/product\/yoast-seo-premium-wordpress\/ -->\n<title>Llanta todoterreno TWIN-MONOTUBE-PROJEKT-AT 8x17 | Sklep California Concept<\/title>\n<meta name=\"description\" content=\"Llanta todoterreno TWIN-MONOTUBE 8x17 en color STONE, capacidad de carga 1050 kg, T\u00dcV, compatible con VW T5, T6, T6.1 y Clase V. Ideal para conducci\u00f3n todoterreno y kits de elevaci\u00f3n Eibach.\" \/>\n<meta name=\"robots\" content=\"index, follow, max-snippet:-1, max-image-preview:large, max-video-preview:-1\" \/>\n<link rel=\"canonical\" href=\"https:\/\/california-concept.com\/es\/produkt\/llanta-todoterreno-twin-monotube-projekt-at-8x17\/\" \/>\n<meta property=\"og:locale\" content=\"es_ES\" \/>\n<meta property=\"og:type\" content=\"article\" \/>\n<meta property=\"og:title\" content=\"Llanta todoterreno TWIN-MONOTUBE-PROJEKT-AT 8x17\" \/>\n<meta property=\"og:description\" content=\"Llanta todoterreno TWIN-MONOTUBE 8x17 en color STONE, capacidad de carga 1050 kg, T\u00dcV, compatible con VW T5, T6, T6.1 y Clase V. Ideal para conducci\u00f3n todoterreno y kits de elevaci\u00f3n Eibach.\" \/>\n<meta property=\"og:url\" content=\"https:\/\/california-concept.com\/es\/produkt\/llanta-todoterreno-twin-monotube-projekt-at-8x17\/\" \/>\n<meta property=\"og:site_name\" content=\"Sklep California Concept\" \/>\n<meta property=\"article:modified_time\" content=\"2026-04-08T13:47:19+00:00\" \/>\n<meta property=\"og:image\" content=\"https:\/\/california-concept.com\/wp-content\/uploads\/2025\/06\/5-szaro-czarna-felhga-vw-.jpg\" \/>\n\t<meta property=\"og:image:width\" content=\"1920\" \/>\n\t<meta property=\"og:image:height\" content=\"1918\" \/>\n\t<meta property=\"og:image:type\" content=\"image\/jpeg\" \/>\n<meta name=\"twitter:card\" content=\"summary_large_image\" \/>\n<meta name=\"twitter:label1\" content=\"Precio\" \/>\n\t<meta name=\"twitter:data1\" content=\"648,00&nbsp;&euro;\" \/>\n\t<meta name=\"twitter:label2\" content=\"Availability\" \/>\n\t<meta name=\"twitter:data2\" content=\"In stock\" \/>\n<script type=\"application\/ld+json\" class=\"yoast-schema-graph\">{\"@context\":\"https:\\\/\\\/schema.org\",\"@graph\":[{\"@type\":\"WebPage\",\"@id\":\"https:\\\/\\\/california-concept.com\\\/es\\\/produkt\\\/llanta-todoterreno-twin-monotube-projekt-at-8x17\\\/\",\"url\":\"https:\\\/\\\/california-concept.com\\\/es\\\/produkt\\\/llanta-todoterreno-twin-monotube-projekt-at-8x17\\\/\",\"name\":\"Llanta todoterreno TWIN-MONOTUBE-PROJEKT-AT 8x17 | Sklep California Concept\",\"isPartOf\":{\"@id\":\"https:\\\/\\\/california-concept.com\\\/es\\\/#website\"},\"primaryImageOfPage\":{\"@id\":\"https:\\\/\\\/california-concept.com\\\/es\\\/produkt\\\/llanta-todoterreno-twin-monotube-projekt-at-8x17\\\/#primaryimage\"},\"image\":{\"@id\":\"https:\\\/\\\/california-concept.com\\\/es\\\/produkt\\\/llanta-todoterreno-twin-monotube-projekt-at-8x17\\\/#primaryimage\"},\"thumbnailUrl\":\"https:\\\/\\\/california-concept.com\\\/wp-content\\\/uploads\\\/2025\\\/06\\\/5-szaro-czarna-felhga-vw-.jpg\",\"datePublished\":\"2025-06-28T08:14:00+00:00\",\"dateModified\":\"2026-04-08T13:47:19+00:00\",\"description\":\"Llanta todoterreno TWIN-MONOTUBE 8x17 en color STONE, capacidad de carga 1050 kg, T\u00dcV, compatible con VW T5, T6, T6.1 y Clase V. Ideal para conducci\u00f3n todoterreno y kits de elevaci\u00f3n Eibach.\",\"breadcrumb\":{\"@id\":\"https:\\\/\\\/california-concept.com\\\/es\\\/produkt\\\/llanta-todoterreno-twin-monotube-projekt-at-8x17\\\/#breadcrumb\"},\"inLanguage\":\"es\",\"potentialAction\":[{\"@type\":\"ReadAction\",\"target\":[\"https:\\\/\\\/california-concept.com\\\/es\\\/produkt\\\/llanta-todoterreno-twin-monotube-projekt-at-8x17\\\/\"]}]},{\"@type\":\"ImageObject\",\"inLanguage\":\"es\",\"@id\":\"https:\\\/\\\/california-concept.com\\\/es\\\/produkt\\\/llanta-todoterreno-twin-monotube-projekt-at-8x17\\\/#primaryimage\",\"url\":\"https:\\\/\\\/california-concept.com\\\/wp-content\\\/uploads\\\/2025\\\/06\\\/5-szaro-czarna-felhga-vw-.jpg\",\"contentUrl\":\"https:\\\/\\\/california-concept.com\\\/wp-content\\\/uploads\\\/2025\\\/06\\\/5-szaro-czarna-felhga-vw-.jpg\",\"width\":1920,\"height\":1918,\"caption\":\"szaro czarna felga vw\"},{\"@type\":\"BreadcrumbList\",\"@id\":\"https:\\\/\\\/california-concept.com\\\/es\\\/produkt\\\/llanta-todoterreno-twin-monotube-projekt-at-8x17\\\/#breadcrumb\",\"itemListElement\":[{\"@type\":\"ListItem\",\"position\":1,\"name\":\"Strona g\u0142\u00f3wna\",\"item\":\"https:\\\/\\\/california-concept.com\\\/es\\\/\"},{\"@type\":\"ListItem\",\"position\":2,\"name\":\"Tienda\",\"item\":\"https:\\\/\\\/california-concept.com\\\/es\\\/tienda\\\/\"},{\"@type\":\"ListItem\",\"position\":3,\"name\":\"Llanta todoterreno TWIN-MONOTUBE-PROJEKT-AT 8&#215;17\"}]},{\"@type\":\"WebSite\",\"@id\":\"https:\\\/\\\/california-concept.com\\\/es\\\/#website\",\"url\":\"https:\\\/\\\/california-concept.com\\\/es\\\/\",\"name\":\"Sklep California Concept\",\"description\":\"Akcesoria do Volkswagen California\",\"publisher\":{\"@id\":\"https:\\\/\\\/california-concept.com\\\/es\\\/#organization\"},\"potentialAction\":[{\"@type\":\"SearchAction\",\"target\":{\"@type\":\"EntryPoint\",\"urlTemplate\":\"https:\\\/\\\/california-concept.com\\\/es\\\/?s={search_term_string}\"},\"query-input\":{\"@type\":\"PropertyValueSpecification\",\"valueRequired\":true,\"valueName\":\"search_term_string\"}}],\"inLanguage\":\"es\"},{\"@type\":\"Organization\",\"@id\":\"https:\\\/\\\/california-concept.com\\\/es\\\/#organization\",\"name\":\"Sklep California Concept\",\"url\":\"https:\\\/\\\/california-concept.com\\\/es\\\/\",\"logo\":{\"@type\":\"ImageObject\",\"inLanguage\":\"es\",\"@id\":\"https:\\\/\\\/california-concept.com\\\/es\\\/#\\\/schema\\\/logo\\\/image\\\/\",\"url\":\"https:\\\/\\\/california-concept.com\\\/wp-content\\\/uploads\\\/2025\\\/02\\\/Logo.png\",\"contentUrl\":\"https:\\\/\\\/california-concept.com\\\/wp-content\\\/uploads\\\/2025\\\/02\\\/Logo.png\",\"width\":1000,\"height\":1000,\"caption\":\"Sklep California Concept\"},\"image\":{\"@id\":\"https:\\\/\\\/california-concept.com\\\/es\\\/#\\\/schema\\\/logo\\\/image\\\/\"}}]}<\/script>\n<meta property=\"product:price:amount\" content=\"648.00\" \/>\n<meta property=\"product:price:currency\" content=\"EUR\" \/>\n<meta property=\"og:availability\" content=\"instock\" \/>\n<meta property=\"product:availability\" content=\"instock\" \/>\n<meta property=\"product:condition\" content=\"new\" \/>\n<!-- \/ Yoast SEO Premium plugin. -->","yoast_head_json":{"title":"Llanta todoterreno TWIN-MONOTUBE-PROJEKT-AT 8x17 | Sklep California Concept","description":"Llanta todoterreno TWIN-MONOTUBE 8x17 en color STONE, capacidad de carga 1050 kg, T\u00dcV, compatible con VW T5, T6, T6.1 y Clase V. Ideal para conducci\u00f3n todoterreno y kits de elevaci\u00f3n Eibach.","robots":{"index":"index","follow":"follow","max-snippet":"max-snippet:-1","max-image-preview":"max-image-preview:large","max-video-preview":"max-video-preview:-1"},"canonical":"https:\/\/california-concept.com\/es\/produkt\/llanta-todoterreno-twin-monotube-projekt-at-8x17\/","og_locale":"es_ES","og_type":"article","og_title":"Llanta todoterreno TWIN-MONOTUBE-PROJEKT-AT 8x17","og_description":"Llanta todoterreno TWIN-MONOTUBE 8x17 en color STONE, capacidad de carga 1050 kg, T\u00dcV, compatible con VW T5, T6, T6.1 y Clase V. Ideal para conducci\u00f3n todoterreno y kits de elevaci\u00f3n Eibach.","og_url":"https:\/\/california-concept.com\/es\/produkt\/llanta-todoterreno-twin-monotube-projekt-at-8x17\/","og_site_name":"Sklep California Concept","article_modified_time":"2026-04-08T13:47:19+00:00","og_image":[{"width":1920,"height":1918,"url":"https:\/\/california-concept.com\/wp-content\/uploads\/2025\/06\/5-szaro-czarna-felhga-vw-.jpg","type":"image\/jpeg"}],"twitter_card":"summary_large_image","twitter_misc":{"Precio":"648,00&nbsp;&euro;","Availability":"In stock"},"schema":{"@context":"https:\/\/schema.org","@graph":[{"@type":"WebPage","@id":"https:\/\/california-concept.com\/es\/produkt\/llanta-todoterreno-twin-monotube-projekt-at-8x17\/","url":"https:\/\/california-concept.com\/es\/produkt\/llanta-todoterreno-twin-monotube-projekt-at-8x17\/","name":"Llanta todoterreno TWIN-MONOTUBE-PROJEKT-AT 8x17 | Sklep California Concept","isPartOf":{"@id":"https:\/\/california-concept.com\/es\/#website"},"primaryImageOfPage":{"@id":"https:\/\/california-concept.com\/es\/produkt\/llanta-todoterreno-twin-monotube-projekt-at-8x17\/#primaryimage"},"image":{"@id":"https:\/\/california-concept.com\/es\/produkt\/llanta-todoterreno-twin-monotube-projekt-at-8x17\/#primaryimage"},"thumbnailUrl":"https:\/\/california-concept.com\/wp-content\/uploads\/2025\/06\/5-szaro-czarna-felhga-vw-.jpg","datePublished":"2025-06-28T08:14:00+00:00","dateModified":"2026-04-08T13:47:19+00:00","description":"Llanta todoterreno TWIN-MONOTUBE 8x17 en color STONE, capacidad de carga 1050 kg, T\u00dcV, compatible con VW T5, T6, T6.1 y Clase V. Ideal para conducci\u00f3n todoterreno y kits de elevaci\u00f3n Eibach.","breadcrumb":{"@id":"https:\/\/california-concept.com\/es\/produkt\/llanta-todoterreno-twin-monotube-projekt-at-8x17\/#breadcrumb"},"inLanguage":"es","potentialAction":[{"@type":"ReadAction","target":["https:\/\/california-concept.com\/es\/produkt\/llanta-todoterreno-twin-monotube-projekt-at-8x17\/"]}]},{"@type":"ImageObject","inLanguage":"es","@id":"https:\/\/california-concept.com\/es\/produkt\/llanta-todoterreno-twin-monotube-projekt-at-8x17\/#primaryimage","url":"https:\/\/california-concept.com\/wp-content\/uploads\/2025\/06\/5-szaro-czarna-felhga-vw-.jpg","contentUrl":"https:\/\/california-concept.com\/wp-content\/uploads\/2025\/06\/5-szaro-czarna-felhga-vw-.jpg","width":1920,"height":1918,"caption":"szaro czarna felga vw"},{"@type":"BreadcrumbList","@id":"https:\/\/california-concept.com\/es\/produkt\/llanta-todoterreno-twin-monotube-projekt-at-8x17\/#breadcrumb","itemListElement":[{"@type":"ListItem","position":1,"name":"Strona g\u0142\u00f3wna","item":"https:\/\/california-concept.com\/es\/"},{"@type":"ListItem","position":2,"name":"Tienda","item":"https:\/\/california-concept.com\/es\/tienda\/"},{"@type":"ListItem","position":3,"name":"Llanta todoterreno TWIN-MONOTUBE-PROJEKT-AT 8&#215;17"}]},{"@type":"WebSite","@id":"https:\/\/california-concept.com\/es\/#website","url":"https:\/\/california-concept.com\/es\/","name":"Sklep California Concept","description":"Akcesoria do Volkswagen California","publisher":{"@id":"https:\/\/california-concept.com\/es\/#organization"},"potentialAction":[{"@type":"SearchAction","target":{"@type":"EntryPoint","urlTemplate":"https:\/\/california-concept.com\/es\/?s={search_term_string}"},"query-input":{"@type":"PropertyValueSpecification","valueRequired":true,"valueName":"search_term_string"}}],"inLanguage":"es"},{"@type":"Organization","@id":"https:\/\/california-concept.com\/es\/#organization","name":"Sklep California Concept","url":"https:\/\/california-concept.com\/es\/","logo":{"@type":"ImageObject","inLanguage":"es","@id":"https:\/\/california-concept.com\/es\/#\/schema\/logo\/image\/","url":"https:\/\/california-concept.com\/wp-content\/uploads\/2025\/02\/Logo.png","contentUrl":"https:\/\/california-concept.com\/wp-content\/uploads\/2025\/02\/Logo.png","width":1000,"height":1000,"caption":"Sklep California Concept"},"image":{"@id":"https:\/\/california-concept.com\/es\/#\/schema\/logo\/image\/"}}]},"product_price_amount":"648.00","product_price_currency":"EUR","og_availability":"instock","product_availability":"instock","product_condition":"new"},"builder_content":"","_links":{"self":[{"href":"https:\/\/california-concept.com\/es\/wp-json\/wp\/v2\/product\/1805","targetHints":{"allow":["GET"]}}],"collection":[{"href":"https:\/\/california-concept.com\/es\/wp-json\/wp\/v2\/product"}],"about":[{"href":"https:\/\/california-concept.com\/es\/wp-json\/wp\/v2\/types\/product"}],"replies":[{"embeddable":true,"href":"https:\/\/california-concept.com\/es\/wp-json\/wp\/v2\/comments?post=1805"}],"wp:featuredmedia":[{"embeddable":true,"href":"https:\/\/california-concept.com\/es\/wp-json\/wp\/v2\/media\/1209"}],"wp:attachment":[{"href":"https:\/\/california-concept.com\/es\/wp-json\/wp\/v2\/media?parent=1805"}],"wp:term":[{"taxonomy":"product_brand","embeddable":true,"href":"https:\/\/california-concept.com\/es\/wp-json\/wp\/v2\/product_brand?post=1805"},{"taxonomy":"product_cat","embeddable":true,"href":"https:\/\/california-concept.com\/es\/wp-json\/wp\/v2\/product_cat?post=1805"},{"taxonomy":"product_tag","embeddable":true,"href":"https:\/\/california-concept.com\/es\/wp-json\/wp\/v2\/product_tag?post=1805"}],"curies":[{"name":"wp","href":"https:\/\/api.w.org\/{rel}","templated":true}]}}