{"id":1769,"date":"2025-07-17T17:35:04","date_gmt":"2025-07-17T15:35:04","guid":{"rendered":"https:\/\/california-concept.com\/produkt\/kit-de-muelles-elevadores-para-vw-t5-t6-t6-1\/"},"modified":"2026-04-08T15:46:09","modified_gmt":"2026-04-08T13:46:09","slug":"kit-de-muelles-elevadores-para-vw-t5-t6-t6-1","status":"publish","type":"product","link":"https:\/\/california-concept.com\/es\/produkt\/kit-de-muelles-elevadores-para-vw-t5-t6-t6-1\/","title":{"rendered":"Kit de muelles elevadores para VW T5, T6, T6.1"},"content":{"rendered":"<h2>Kit de muelles elevadores TWIN-MONOTUBE-PROJEKT KOMFORT para VW T5, T6, T6.1<\/h2>\n<p><strong>Elevaci\u00f3n de la suspensi\u00f3n de aprox. +30 a +40 mm<\/strong> sin cambiar los amortiguadores \u2013 el kit es compatible con los amortiguadores de serie originales de VW (sin DCC). Dise\u00f1ado para un mayor confort de conducci\u00f3n, una mayor durabilidad y la posibilidad de ajustar la altura del eje trasero. Muelles fabricados por un proveedor OEM para Porsche y Mercedes \u2013 garant\u00eda de calidad alemana.  <\/p>\n<h3>\u2714 Confort. Durabilidad. Perfecci\u00f3n.  <\/h3>\n<p>Muelles de suspensi\u00f3n modernos creados espec\u00edficamente para TWIN-MONOTUBE-PROJEKT \u2013 con el objetivo de aumentar la distancia al suelo y el confort de conducci\u00f3n. Gracias a su dise\u00f1o preciso, aseguran una distribuci\u00f3n \u00f3ptima de las fuerzas, y el sistema de platos y espaciadores especiales permite un ajuste individual de la altura del eje trasero. <\/p>\n<h3>\u2714 \u00bfQu\u00e9 distingue a este kit?<\/h3>\n<ul>\n<li>\u2714 Conducci\u00f3n confortable gracias a los muelles de calidad OEM<\/li>\n<li>\u2714 Distribuci\u00f3n \u00f3ptima de las fuerzas \u2013 tecnolog\u00eda \u00abSide-load\u00bb en el eje delantero<\/li>\n<li>\u2714 Ajuste de la altura del eje trasero gracias a los espaciadores incluidos<\/li>\n<li>\u2714 Alta durabilidad \u2013 acero conformado en fr\u00edo y granallado en tres etapas<\/li>\n<li>\u2714 Recubrimiento epoxi que protege contra la corrosi\u00f3n y los da\u00f1os<\/li>\n<li>\u2714 Fabricaci\u00f3n en Alemania \u2013 los mismos est\u00e1ndares que para Porsche y Mercedes<\/li>\n<\/ul>\n<h3>\u2714 Tecnolog\u00eda de producci\u00f3n a nivel OEM:<\/h3>\n<ul>\n<li>\ud83d\udd27 Alambre de muelle de fabricaci\u00f3n propia<\/li>\n<li>\ud83d\udd27 Kaltverformung \u2013 conformado en fr\u00edo sin necesidad de procesamiento adicional<\/li>\n<li>\ud83d\udd27 Control autom\u00e1tico de la fuerza y la superficie de los muelles<\/li>\n<li>\ud83d\udd27 Pruebas de durabilidad con ciclos de cambios de temperatura y humedad<\/li>\n<li>\ud83d\udd27 Recubrimiento epoxi resistente a las piedras y la corrosi\u00f3n<\/li>\n<\/ul>\n<h3>\u2714 Variantes disponibles:<\/h3>\n<h4>1) Para veh\u00edculos SIN equipamiento (Transporter, Multivan, Caravelle):<\/h4>\n<p><strong>N\u00famero de cat\u00e1logo:<\/strong> TMP-H11-T5T6.1<\/p>\n<p><strong>Incluye:<\/strong><\/p>\n<ul>\n<li>2x muelles delanteros H-VW-T5T6.1-1VA<\/li>\n<li>2x muelles traseros H-VW-T5T6.1-1HA<\/li>\n<li>2x platos superiores de muelle<\/li>\n<li>2x platos inferiores de muelle<\/li>\n<li>2x espaciadores de 10 mm para ajuste de altura<\/li>\n<\/ul>\n<h4>2) Para veh\u00edculos CON equipamiento (VW California, autocaravanas con muebles):<\/h4>\n<p><strong>N\u00famero de cat\u00e1logo:<\/strong> TMP-H12-T5T6.1<\/p>\n<p><strong>Incluye:<\/strong><\/p>\n<ul>\n<li>2x muelles delanteros H-VW-T5T6.1-1VA<\/li>\n<li>2x muelles traseros H-VW-T5T6.1-2HA<\/li>\n<li>2x platos superiores de muelle<\/li>\n<li>2x platos inferiores de muelle<\/li>\n<li>2x espaciadores de 10 mm para ajuste de altura<\/li>\n<\/ul>\n<h3>\ud83d\udccd Compatibilidad:<\/h3>\n<p>Kit dise\u00f1ado para VW T5, T6, T6.1 <strong>sin sistema DCC<\/strong>. Se puede montar con los amortiguadores de serie est\u00e1ndar. <\/p>\n<p><strong>\u00bfNecesita ayuda para elegir? \u00a1Escr\u00edbanos \u2013 le asesoraremos! <\/strong><\/p>\n","protected":false},"excerpt":{"rendered":"<p>Kit de muelles elevadores confort para VW T5, T6, T6.1 (+30\u201340 mm), sin cambiar los amortiguadores. Compatible con las versiones California y Transporter. <\/p>\n","protected":false},"featured_media":1251,"comment_status":"closed","ping_status":"closed","template":"","meta":{"inline_featured_image":false},"product_brand":[],"product_cat":[103],"product_tag":[],"class_list":{"0":"post-1769","1":"product","2":"type-product","3":"status-publish","4":"has-post-thumbnail","6":"product_cat-suspension","7":"has-post-title","8":"has-post-date","9":"has-post-category","10":"has-post-tag","11":"has-post-comment","12":"has-post-author","13":"","15":"first","16":"instock","17":"shipping-taxable","18":"purchasable","19":"product-type-simple"},"yoast_head":"<!-- This site is optimized with the Yoast SEO Premium plugin v19.3 (Yoast SEO v27.4) - https:\/\/yoast.com\/product\/yoast-seo-premium-wordpress\/ -->\n<title>Kit de muelles elevadores para VW T5, T6, T6.1 | Sklep California Concept<\/title>\n<meta name=\"description\" content=\"Eleve su VW T5\/T6 entre 30 y 40 mm sin cambiar los amortiguadores. Muelles OEM, confort, durabilidad. Kit para California y Transporter. Fabricado en Alemania.\" \/>\n<meta name=\"robots\" content=\"index, follow, max-snippet:-1, max-image-preview:large, max-video-preview:-1\" \/>\n<link rel=\"canonical\" href=\"https:\/\/california-concept.com\/es\/produkt\/kit-de-muelles-elevadores-para-vw-t5-t6-t6-1\/\" \/>\n<meta property=\"og:locale\" content=\"es_ES\" \/>\n<meta property=\"og:type\" content=\"article\" \/>\n<meta property=\"og:title\" content=\"Kit de muelles elevadores para VW T5, T6, T6.1\" \/>\n<meta property=\"og:description\" content=\"Eleve su VW T5\/T6 entre 30 y 40 mm sin cambiar los amortiguadores. Muelles OEM, confort, durabilidad. Kit para California y Transporter. Fabricado en Alemania.\" \/>\n<meta property=\"og:url\" content=\"https:\/\/california-concept.com\/es\/produkt\/kit-de-muelles-elevadores-para-vw-t5-t6-t6-1\/\" \/>\n<meta property=\"og:site_name\" content=\"Sklep California Concept\" \/>\n<meta property=\"article:modified_time\" content=\"2026-04-08T13:46:09+00:00\" \/>\n<meta property=\"og:image\" content=\"https:\/\/california-concept.com\/wp-content\/uploads\/2025\/07\/Sprezyny-podnoszace-bez-zmiany-amortyzatorow.jpg\" \/>\n\t<meta property=\"og:image:width\" content=\"1920\" \/>\n\t<meta property=\"og:image:height\" content=\"1455\" \/>\n\t<meta property=\"og:image:type\" content=\"image\/jpeg\" \/>\n<meta name=\"twitter:card\" content=\"summary_large_image\" \/>\n<meta name=\"twitter:label1\" content=\"Precio\" \/>\n\t<meta name=\"twitter:data1\" content=\"1.080,00&nbsp;&euro;\" \/>\n\t<meta name=\"twitter:label2\" content=\"Availability\" \/>\n\t<meta name=\"twitter:data2\" content=\"In stock\" \/>\n<script type=\"application\/ld+json\" class=\"yoast-schema-graph\">{\"@context\":\"https:\\\/\\\/schema.org\",\"@graph\":[{\"@type\":\"WebPage\",\"@id\":\"https:\\\/\\\/california-concept.com\\\/es\\\/produkt\\\/kit-de-muelles-elevadores-para-vw-t5-t6-t6-1\\\/\",\"url\":\"https:\\\/\\\/california-concept.com\\\/es\\\/produkt\\\/kit-de-muelles-elevadores-para-vw-t5-t6-t6-1\\\/\",\"name\":\"Kit de muelles elevadores para VW T5, T6, T6.1 | Sklep California Concept\",\"isPartOf\":{\"@id\":\"https:\\\/\\\/california-concept.com\\\/es\\\/#website\"},\"primaryImageOfPage\":{\"@id\":\"https:\\\/\\\/california-concept.com\\\/es\\\/produkt\\\/kit-de-muelles-elevadores-para-vw-t5-t6-t6-1\\\/#primaryimage\"},\"image\":{\"@id\":\"https:\\\/\\\/california-concept.com\\\/es\\\/produkt\\\/kit-de-muelles-elevadores-para-vw-t5-t6-t6-1\\\/#primaryimage\"},\"thumbnailUrl\":\"https:\\\/\\\/california-concept.com\\\/wp-content\\\/uploads\\\/2025\\\/07\\\/Sprezyny-podnoszace-bez-zmiany-amortyzatorow.jpg\",\"datePublished\":\"2025-07-17T15:35:04+00:00\",\"dateModified\":\"2026-04-08T13:46:09+00:00\",\"description\":\"Eleve su VW T5\\\/T6 entre 30 y 40 mm sin cambiar los amortiguadores. Muelles OEM, confort, durabilidad. Kit para California y Transporter. Fabricado en Alemania.\",\"breadcrumb\":{\"@id\":\"https:\\\/\\\/california-concept.com\\\/es\\\/produkt\\\/kit-de-muelles-elevadores-para-vw-t5-t6-t6-1\\\/#breadcrumb\"},\"inLanguage\":\"es\",\"potentialAction\":[{\"@type\":\"ReadAction\",\"target\":[\"https:\\\/\\\/california-concept.com\\\/es\\\/produkt\\\/kit-de-muelles-elevadores-para-vw-t5-t6-t6-1\\\/\"]}]},{\"@type\":\"ImageObject\",\"inLanguage\":\"es\",\"@id\":\"https:\\\/\\\/california-concept.com\\\/es\\\/produkt\\\/kit-de-muelles-elevadores-para-vw-t5-t6-t6-1\\\/#primaryimage\",\"url\":\"https:\\\/\\\/california-concept.com\\\/wp-content\\\/uploads\\\/2025\\\/07\\\/Sprezyny-podnoszace-bez-zmiany-amortyzatorow.jpg\",\"contentUrl\":\"https:\\\/\\\/california-concept.com\\\/wp-content\\\/uploads\\\/2025\\\/07\\\/Sprezyny-podnoszace-bez-zmiany-amortyzatorow.jpg\",\"width\":1920,\"height\":1455,\"caption\":\"sprz\u0119\u017cyny podnosz\u0105ce bez wymiany amrtyzator\u00f3w\"},{\"@type\":\"BreadcrumbList\",\"@id\":\"https:\\\/\\\/california-concept.com\\\/es\\\/produkt\\\/kit-de-muelles-elevadores-para-vw-t5-t6-t6-1\\\/#breadcrumb\",\"itemListElement\":[{\"@type\":\"ListItem\",\"position\":1,\"name\":\"Strona g\u0142\u00f3wna\",\"item\":\"https:\\\/\\\/california-concept.com\\\/es\\\/\"},{\"@type\":\"ListItem\",\"position\":2,\"name\":\"Tienda\",\"item\":\"https:\\\/\\\/california-concept.com\\\/es\\\/tienda\\\/\"},{\"@type\":\"ListItem\",\"position\":3,\"name\":\"Kit de&nbsp;muelles elevadores para VW T5, T6, T6.1\"}]},{\"@type\":\"WebSite\",\"@id\":\"https:\\\/\\\/california-concept.com\\\/es\\\/#website\",\"url\":\"https:\\\/\\\/california-concept.com\\\/es\\\/\",\"name\":\"Sklep California Concept\",\"description\":\"Akcesoria do Volkswagen California\",\"publisher\":{\"@id\":\"https:\\\/\\\/california-concept.com\\\/es\\\/#organization\"},\"potentialAction\":[{\"@type\":\"SearchAction\",\"target\":{\"@type\":\"EntryPoint\",\"urlTemplate\":\"https:\\\/\\\/california-concept.com\\\/es\\\/?s={search_term_string}\"},\"query-input\":{\"@type\":\"PropertyValueSpecification\",\"valueRequired\":true,\"valueName\":\"search_term_string\"}}],\"inLanguage\":\"es\"},{\"@type\":\"Organization\",\"@id\":\"https:\\\/\\\/california-concept.com\\\/es\\\/#organization\",\"name\":\"Sklep California Concept\",\"url\":\"https:\\\/\\\/california-concept.com\\\/es\\\/\",\"logo\":{\"@type\":\"ImageObject\",\"inLanguage\":\"es\",\"@id\":\"https:\\\/\\\/california-concept.com\\\/es\\\/#\\\/schema\\\/logo\\\/image\\\/\",\"url\":\"https:\\\/\\\/california-concept.com\\\/wp-content\\\/uploads\\\/2025\\\/02\\\/Logo.png\",\"contentUrl\":\"https:\\\/\\\/california-concept.com\\\/wp-content\\\/uploads\\\/2025\\\/02\\\/Logo.png\",\"width\":1000,\"height\":1000,\"caption\":\"Sklep California Concept\"},\"image\":{\"@id\":\"https:\\\/\\\/california-concept.com\\\/es\\\/#\\\/schema\\\/logo\\\/image\\\/\"}}]}<\/script>\n<meta property=\"product:price:amount\" content=\"1080.00\" \/>\n<meta property=\"product:price:currency\" content=\"EUR\" \/>\n<meta property=\"og:availability\" content=\"instock\" \/>\n<meta property=\"product:availability\" content=\"instock\" \/>\n<meta property=\"product:condition\" content=\"new\" \/>\n<!-- \/ Yoast SEO Premium plugin. -->","yoast_head_json":{"title":"Kit de muelles elevadores para VW T5, T6, T6.1 | Sklep California Concept","description":"Eleve su VW T5\/T6 entre 30 y 40 mm sin cambiar los amortiguadores. Muelles OEM, confort, durabilidad. Kit para California y Transporter. Fabricado en Alemania.","robots":{"index":"index","follow":"follow","max-snippet":"max-snippet:-1","max-image-preview":"max-image-preview:large","max-video-preview":"max-video-preview:-1"},"canonical":"https:\/\/california-concept.com\/es\/produkt\/kit-de-muelles-elevadores-para-vw-t5-t6-t6-1\/","og_locale":"es_ES","og_type":"article","og_title":"Kit de muelles elevadores para VW T5, T6, T6.1","og_description":"Eleve su VW T5\/T6 entre 30 y 40 mm sin cambiar los amortiguadores. Muelles OEM, confort, durabilidad. Kit para California y Transporter. Fabricado en Alemania.","og_url":"https:\/\/california-concept.com\/es\/produkt\/kit-de-muelles-elevadores-para-vw-t5-t6-t6-1\/","og_site_name":"Sklep California Concept","article_modified_time":"2026-04-08T13:46:09+00:00","og_image":[{"width":1920,"height":1455,"url":"https:\/\/california-concept.com\/wp-content\/uploads\/2025\/07\/Sprezyny-podnoszace-bez-zmiany-amortyzatorow.jpg","type":"image\/jpeg"}],"twitter_card":"summary_large_image","twitter_misc":{"Precio":"1.080,00&nbsp;&euro;","Availability":"In stock"},"schema":{"@context":"https:\/\/schema.org","@graph":[{"@type":"WebPage","@id":"https:\/\/california-concept.com\/es\/produkt\/kit-de-muelles-elevadores-para-vw-t5-t6-t6-1\/","url":"https:\/\/california-concept.com\/es\/produkt\/kit-de-muelles-elevadores-para-vw-t5-t6-t6-1\/","name":"Kit de muelles elevadores para VW T5, T6, T6.1 | Sklep California Concept","isPartOf":{"@id":"https:\/\/california-concept.com\/es\/#website"},"primaryImageOfPage":{"@id":"https:\/\/california-concept.com\/es\/produkt\/kit-de-muelles-elevadores-para-vw-t5-t6-t6-1\/#primaryimage"},"image":{"@id":"https:\/\/california-concept.com\/es\/produkt\/kit-de-muelles-elevadores-para-vw-t5-t6-t6-1\/#primaryimage"},"thumbnailUrl":"https:\/\/california-concept.com\/wp-content\/uploads\/2025\/07\/Sprezyny-podnoszace-bez-zmiany-amortyzatorow.jpg","datePublished":"2025-07-17T15:35:04+00:00","dateModified":"2026-04-08T13:46:09+00:00","description":"Eleve su VW T5\/T6 entre 30 y 40 mm sin cambiar los amortiguadores. Muelles OEM, confort, durabilidad. Kit para California y Transporter. Fabricado en Alemania.","breadcrumb":{"@id":"https:\/\/california-concept.com\/es\/produkt\/kit-de-muelles-elevadores-para-vw-t5-t6-t6-1\/#breadcrumb"},"inLanguage":"es","potentialAction":[{"@type":"ReadAction","target":["https:\/\/california-concept.com\/es\/produkt\/kit-de-muelles-elevadores-para-vw-t5-t6-t6-1\/"]}]},{"@type":"ImageObject","inLanguage":"es","@id":"https:\/\/california-concept.com\/es\/produkt\/kit-de-muelles-elevadores-para-vw-t5-t6-t6-1\/#primaryimage","url":"https:\/\/california-concept.com\/wp-content\/uploads\/2025\/07\/Sprezyny-podnoszace-bez-zmiany-amortyzatorow.jpg","contentUrl":"https:\/\/california-concept.com\/wp-content\/uploads\/2025\/07\/Sprezyny-podnoszace-bez-zmiany-amortyzatorow.jpg","width":1920,"height":1455,"caption":"sprz\u0119\u017cyny podnosz\u0105ce bez wymiany amrtyzator\u00f3w"},{"@type":"BreadcrumbList","@id":"https:\/\/california-concept.com\/es\/produkt\/kit-de-muelles-elevadores-para-vw-t5-t6-t6-1\/#breadcrumb","itemListElement":[{"@type":"ListItem","position":1,"name":"Strona g\u0142\u00f3wna","item":"https:\/\/california-concept.com\/es\/"},{"@type":"ListItem","position":2,"name":"Tienda","item":"https:\/\/california-concept.com\/es\/tienda\/"},{"@type":"ListItem","position":3,"name":"Kit de&nbsp;muelles elevadores para VW T5, T6, T6.1"}]},{"@type":"WebSite","@id":"https:\/\/california-concept.com\/es\/#website","url":"https:\/\/california-concept.com\/es\/","name":"Sklep California Concept","description":"Akcesoria do Volkswagen California","publisher":{"@id":"https:\/\/california-concept.com\/es\/#organization"},"potentialAction":[{"@type":"SearchAction","target":{"@type":"EntryPoint","urlTemplate":"https:\/\/california-concept.com\/es\/?s={search_term_string}"},"query-input":{"@type":"PropertyValueSpecification","valueRequired":true,"valueName":"search_term_string"}}],"inLanguage":"es"},{"@type":"Organization","@id":"https:\/\/california-concept.com\/es\/#organization","name":"Sklep California Concept","url":"https:\/\/california-concept.com\/es\/","logo":{"@type":"ImageObject","inLanguage":"es","@id":"https:\/\/california-concept.com\/es\/#\/schema\/logo\/image\/","url":"https:\/\/california-concept.com\/wp-content\/uploads\/2025\/02\/Logo.png","contentUrl":"https:\/\/california-concept.com\/wp-content\/uploads\/2025\/02\/Logo.png","width":1000,"height":1000,"caption":"Sklep California Concept"},"image":{"@id":"https:\/\/california-concept.com\/es\/#\/schema\/logo\/image\/"}}]},"product_price_amount":"1080.00","product_price_currency":"EUR","og_availability":"instock","product_availability":"instock","product_condition":"new"},"builder_content":"","_links":{"self":[{"href":"https:\/\/california-concept.com\/es\/wp-json\/wp\/v2\/product\/1769","targetHints":{"allow":["GET"]}}],"collection":[{"href":"https:\/\/california-concept.com\/es\/wp-json\/wp\/v2\/product"}],"about":[{"href":"https:\/\/california-concept.com\/es\/wp-json\/wp\/v2\/types\/product"}],"replies":[{"embeddable":true,"href":"https:\/\/california-concept.com\/es\/wp-json\/wp\/v2\/comments?post=1769"}],"wp:featuredmedia":[{"embeddable":true,"href":"https:\/\/california-concept.com\/es\/wp-json\/wp\/v2\/media\/1251"}],"wp:attachment":[{"href":"https:\/\/california-concept.com\/es\/wp-json\/wp\/v2\/media?parent=1769"}],"wp:term":[{"taxonomy":"product_brand","embeddable":true,"href":"https:\/\/california-concept.com\/es\/wp-json\/wp\/v2\/product_brand?post=1769"},{"taxonomy":"product_cat","embeddable":true,"href":"https:\/\/california-concept.com\/es\/wp-json\/wp\/v2\/product_cat?post=1769"},{"taxonomy":"product_tag","embeddable":true,"href":"https:\/\/california-concept.com\/es\/wp-json\/wp\/v2\/product_tag?post=1769"}],"curies":[{"name":"wp","href":"https:\/\/api.w.org\/{rel}","templated":true}]}}