{"id":1619,"date":"2025-02-08T11:59:04","date_gmt":"2025-02-08T10:59:04","guid":{"rendered":"https:\/\/california-concept.com\/produkt\/suspension-roscada-elevadora-twin-monotubo-project-lift-para-vw-t5-t6-y-t6-1-sin-dcc\/"},"modified":"2026-04-08T12:40:49","modified_gmt":"2026-04-08T10:40:49","slug":"suspension-roscada-elevadora-twin-monotubo-project-lift-para-vw-t5-t6-y-t6-1-sin-dcc","status":"publish","type":"product","link":"https:\/\/california-concept.com\/es\/produkt\/suspension-roscada-elevadora-twin-monotubo-project-lift-para-vw-t5-t6-y-t6-1-sin-dcc\/","title":{"rendered":"Suspensi\u00f3n roscada elevadora Twin Monotubo Project Lift para VW T5, T6 y T6.1 sin DCC"},"content":{"rendered":"<h2>Ventajas clave del producto<\/h2>\n<p>Ajuste preciso de la altura de la suspensi\u00f3n \u2013 \u00a1delante y detr\u00e1s al mil\u00edmetro, independientemente de la configuraci\u00f3n del veh\u00edculo! Ya sea que su VW sea una California, Multivan, autocaravana, versi\u00f3n de batalla corta o larga, \u00a1esta suspensi\u00f3n ofrece el m\u00e1ximo confort, ajuste de dureza y un recorrido de amortiguaci\u00f3n a\u00fan mayor! <\/p>\n<h3>Ajuste preciso de la altura \u2013 adaptaci\u00f3n perfecta a cada veh\u00edculo<\/h3>\n<p>Hasta ahora, las suspensiones elevadoras tradicionales no permit\u00edan predecir con exactitud la altura final del veh\u00edculo tras la instalaci\u00f3n; factores como los siguientes influ\u00edan en ello:<\/p>\n<ul>\n<li>Tipo de caja de cambios (DSG\/manual)<\/li>\n<li>Techo elevable<\/li>\n<li>Equipamiento interior<\/li>\n<li>Enganche de remolque<\/li>\n<\/ul>\n<p>\u00a1Gracias a esta suspensi\u00f3n roscada, este problema desaparece! Si desea que su veh\u00edculo tenga exactamente 490 mm de altura (medida desde el centro de la rueda hasta el borde del guardabarros, delante y detr\u00e1s), \u00a1esta suspensi\u00f3n permite ajustar este valor con precisi\u00f3n al mil\u00edmetro, individualmente para cada veh\u00edculo! <\/p>\n<h3>Los mejores componentes y tecnolog\u00edas modernas<\/h3>\n<ul>\n<li>Amortiguadores KONI-ADJUST-SENSITIV-T \u2013 ajuste continuo de la altura y dureza de la suspensi\u00f3n.<\/li>\n<li>Ajuste de la dureza de los amortiguadores \u2013 permite una adaptaci\u00f3n individual al estilo de conducci\u00f3n.<\/li>\n<li>Muelles Eibach Deutschland \u2013 mayor resistencia al asentamiento, garant\u00eda de m\u00e1xima calidad.<\/li>\n<li>Componentes galvanizados \u2013 protecci\u00f3n contra la corrosi\u00f3n, mayor vida \u00fatil.<\/li>\n<li>Fabricaci\u00f3n en Eibach Deutschland y KONI \u2013 durabilidad garantizada y resistencia a condiciones extremas.<\/li>\n<\/ul>\n<p>En veh\u00edculos con DCC, es necesaria la desactivaci\u00f3n profesional del sistema antes de reemplazar los amortiguadores.<\/p>\n<h3>Rango de ajuste de altura<\/h3>\n<ul>\n<li>Posibilidad de elevar la suspensi\u00f3n de +10 mm a +45 mm<\/li>\n<li>La homologaci\u00f3n limita la altura m\u00e1xima a 490 mm (desde el centro de la rueda hasta el guardabarros), pero queda un margen de rosca para un ajuste adicional.<\/li>\n<\/ul>\n<h3>Versiones de suspensi\u00f3n disponibles<\/h3>\n<p>Suspensi\u00f3n para Multivan, Transporter, Caravelle (SIN California ni carrocer\u00edas pesadas):<\/p>\n<ul>\n<li>Con soportes de abrazadera en el eje delantero: <strong>Art.Nr: TMP-GF-LIFT-1<\/strong><\/li>\n<li>Para la versi\u00f3n T32 con abrazadera en el eje delantero: <strong>Art.Nr: TMP-GF-LIFT-2-T32<\/strong><\/li>\n<\/ul>\n<p>Suspensi\u00f3n para VW California y veh\u00edculos con carrocer\u00eda pesada (m\u00edn. 1000 kg de carga en el eje trasero):<\/p>\n<ul>\n<li>Con soportes de abrazadera en el eje delantero: <strong>Art.Nr: TMP-GF-LIFT-3<\/strong><\/li>\n<li>Para la versi\u00f3n T32 con abrazadera en el eje delantero: <strong>Art.Nr: TMP-GF-LIFT-4-T32<\/strong><\/li>\n<\/ul>\n<h3>\u00a1La mejor elecci\u00f3n de suspensi\u00f3n para su VW California T5, T6 o T6.1!<\/h3>\n<p>Es la soluci\u00f3n ideal para quienes desean ajustar con precisi\u00f3n la altura y el confort de la suspensi\u00f3n de su veh\u00edculo, \u00a1independientemente de la carga y la configuraci\u00f3n!<\/p>\n<div class=\"post-video\"><iframe loading=\"lazy\" title=\"VW T6.1 volleinstellbares H\u00f6herlegungs Gewindefahrwerk : TWIN-MONOTUBE-PROJEKT-LIFT\" width=\"1165\" height=\"655\" src=\"https:\/\/www.youtube.com\/embed\/QBbCe3kJngk?feature=oembed\" frameborder=\"0\" allow=\"accelerometer; autoplay; clipboard-write; encrypted-media; gyroscope; picture-in-picture; web-share\" referrerpolicy=\"strict-origin-when-cross-origin\" allowfullscreen><\/iframe><\/div>\n<div class=\"post-video\"><iframe loading=\"lazy\" title=\"Offroad VW Bus T6 + Eibach Proliftkit +TWIN-MONOTUBE-PROJEKT-AT Felge\" width=\"1165\" height=\"655\" src=\"https:\/\/www.youtube.com\/embed\/chT5t5pdP2I?feature=oembed\" frameborder=\"0\" allow=\"accelerometer; autoplay; clipboard-write; encrypted-media; gyroscope; picture-in-picture; web-share\" referrerpolicy=\"strict-origin-when-cross-origin\" allowfullscreen><\/iframe><\/div>\n","protected":false},"excerpt":{"rendered":"<p>Ventajas clave del producto Ajuste preciso de la altura de la suspensi\u00f3n \u2013 \u00a1delante y detr\u00e1s al mil\u00edmetro, independientemente de la configuraci\u00f3n del veh\u00edculo! Ya sea que su VW sea una California, Multivan, autocaravana, versi\u00f3n de batalla corta o larga, \u00a1esta suspensi\u00f3n ofrece el m\u00e1ximo confort, ajuste de dureza y un recorrido de amortiguaci\u00f3n a\u00fan [&hellip;]<\/p>\n","protected":false},"featured_media":1161,"comment_status":"open","ping_status":"closed","template":"","meta":{"inline_featured_image":false},"product_brand":[],"product_cat":[103],"product_tag":[],"class_list":{"0":"post-1619","1":"product","2":"type-product","3":"status-publish","4":"has-post-thumbnail","6":"product_cat-suspension","7":"has-post-title","8":"has-post-date","9":"has-post-category","10":"has-post-tag","11":"has-post-comment","12":"has-post-author","13":"","15":"first","16":"instock","17":"shipping-taxable","18":"purchasable","19":"product-type-simple"},"yoast_head":"<!-- This site is optimized with the Yoast SEO Premium plugin v19.3 (Yoast SEO v27.4) - https:\/\/yoast.com\/product\/yoast-seo-premium-wordpress\/ -->\n<title>Suspensi\u00f3n roscada elevadora Twin Monotubo Project Lift para VW T5, T6 y T6.1 sin DCC<\/title>\n<meta name=\"description\" content=\"Suspensi\u00f3n roscada elevadora Twin Monotubo Project Lift para VW California T5, T6 y T6.1 sin DCC - con ajuste de altura.\" \/>\n<meta name=\"robots\" content=\"index, follow, max-snippet:-1, max-image-preview:large, max-video-preview:-1\" \/>\n<link rel=\"canonical\" href=\"https:\/\/california-concept.com\/es\/produkt\/suspension-roscada-elevadora-twin-monotubo-project-lift-para-vw-t5-t6-y-t6-1-sin-dcc\/\" \/>\n<meta property=\"og:locale\" content=\"es_ES\" \/>\n<meta property=\"og:type\" content=\"article\" \/>\n<meta property=\"og:title\" content=\"Suspensi\u00f3n roscada elevadora Twin Monotubo Project Lift para VW T5, T6 y T6.1 sin DCC\" \/>\n<meta property=\"og:description\" content=\"Suspensi\u00f3n roscada elevadora Twin Monotubo Project Lift para VW California T5, T6 y T6.1 sin DCC - con ajuste de altura.\" \/>\n<meta property=\"og:url\" content=\"https:\/\/california-concept.com\/es\/produkt\/suspension-roscada-elevadora-twin-monotubo-project-lift-para-vw-t5-t6-y-t6-1-sin-dcc\/\" \/>\n<meta property=\"og:site_name\" content=\"Sklep California Concept\" \/>\n<meta property=\"article:modified_time\" content=\"2026-04-08T10:40:49+00:00\" \/>\n<meta property=\"og:image\" content=\"https:\/\/california-concept.com\/wp-content\/uploads\/2025\/02\/Twim-monotube-projekt-lift-gwintowane-zawieszenie-podnoszace-VW-T5-T6-i-T6.1-bez-DCC-Zdjecie-e1739015139636-kopia.jpg\" \/>\n\t<meta property=\"og:image:width\" content=\"1200\" \/>\n\t<meta property=\"og:image:height\" content=\"1200\" \/>\n\t<meta property=\"og:image:type\" content=\"image\/jpeg\" \/>\n<meta name=\"twitter:card\" content=\"summary_large_image\" \/>\n<meta name=\"twitter:label1\" content=\"Precio\" \/>\n\t<meta name=\"twitter:data1\" content=\"3.024,00&nbsp;&euro;\" \/>\n\t<meta name=\"twitter:label2\" content=\"Availability\" \/>\n\t<meta name=\"twitter:data2\" content=\"In stock\" \/>\n<script type=\"application\/ld+json\" class=\"yoast-schema-graph\">{\"@context\":\"https:\\\/\\\/schema.org\",\"@graph\":[{\"@type\":\"WebPage\",\"@id\":\"https:\\\/\\\/california-concept.com\\\/es\\\/produkt\\\/suspension-roscada-elevadora-twin-monotubo-project-lift-para-vw-t5-t6-y-t6-1-sin-dcc\\\/\",\"url\":\"https:\\\/\\\/california-concept.com\\\/es\\\/produkt\\\/suspension-roscada-elevadora-twin-monotubo-project-lift-para-vw-t5-t6-y-t6-1-sin-dcc\\\/\",\"name\":\"Suspensi\u00f3n roscada elevadora Twin Monotubo Project Lift para VW T5, T6 y T6.1 sin DCC\",\"isPartOf\":{\"@id\":\"https:\\\/\\\/california-concept.com\\\/es\\\/#website\"},\"primaryImageOfPage\":{\"@id\":\"https:\\\/\\\/california-concept.com\\\/es\\\/produkt\\\/suspension-roscada-elevadora-twin-monotubo-project-lift-para-vw-t5-t6-y-t6-1-sin-dcc\\\/#primaryimage\"},\"image\":{\"@id\":\"https:\\\/\\\/california-concept.com\\\/es\\\/produkt\\\/suspension-roscada-elevadora-twin-monotubo-project-lift-para-vw-t5-t6-y-t6-1-sin-dcc\\\/#primaryimage\"},\"thumbnailUrl\":\"https:\\\/\\\/california-concept.com\\\/wp-content\\\/uploads\\\/2025\\\/02\\\/Twim-monotube-projekt-lift-gwintowane-zawieszenie-podnoszace-VW-T5-T6-i-T6.1-bez-DCC-Zdjecie-e1739015139636-kopia.jpg\",\"datePublished\":\"2025-02-08T10:59:04+00:00\",\"dateModified\":\"2026-04-08T10:40:49+00:00\",\"description\":\"Suspensi\u00f3n roscada elevadora Twin Monotubo Project Lift para VW California T5, T6 y T6.1 sin DCC - con ajuste de altura.\",\"breadcrumb\":{\"@id\":\"https:\\\/\\\/california-concept.com\\\/es\\\/produkt\\\/suspension-roscada-elevadora-twin-monotubo-project-lift-para-vw-t5-t6-y-t6-1-sin-dcc\\\/#breadcrumb\"},\"inLanguage\":\"es\",\"potentialAction\":[{\"@type\":\"ReadAction\",\"target\":[\"https:\\\/\\\/california-concept.com\\\/es\\\/produkt\\\/suspension-roscada-elevadora-twin-monotubo-project-lift-para-vw-t5-t6-y-t6-1-sin-dcc\\\/\"]}]},{\"@type\":\"ImageObject\",\"inLanguage\":\"es\",\"@id\":\"https:\\\/\\\/california-concept.com\\\/es\\\/produkt\\\/suspension-roscada-elevadora-twin-monotubo-project-lift-para-vw-t5-t6-y-t6-1-sin-dcc\\\/#primaryimage\",\"url\":\"https:\\\/\\\/california-concept.com\\\/wp-content\\\/uploads\\\/2025\\\/02\\\/Twim-monotube-projekt-lift-gwintowane-zawieszenie-podnoszace-VW-T5-T6-i-T6.1-bez-DCC-Zdjecie-e1739015139636-kopia.jpg\",\"contentUrl\":\"https:\\\/\\\/california-concept.com\\\/wp-content\\\/uploads\\\/2025\\\/02\\\/Twim-monotube-projekt-lift-gwintowane-zawieszenie-podnoszace-VW-T5-T6-i-T6.1-bez-DCC-Zdjecie-e1739015139636-kopia.jpg\",\"width\":1200,\"height\":1200,\"caption\":\"Zawieszenie gwintowane Twin Monotube Projekt Lift do VW T5, T6, T6.1 bez DCC\"},{\"@type\":\"BreadcrumbList\",\"@id\":\"https:\\\/\\\/california-concept.com\\\/es\\\/produkt\\\/suspension-roscada-elevadora-twin-monotubo-project-lift-para-vw-t5-t6-y-t6-1-sin-dcc\\\/#breadcrumb\",\"itemListElement\":[{\"@type\":\"ListItem\",\"position\":1,\"name\":\"Strona g\u0142\u00f3wna\",\"item\":\"https:\\\/\\\/california-concept.com\\\/es\\\/\"},{\"@type\":\"ListItem\",\"position\":2,\"name\":\"Tienda\",\"item\":\"https:\\\/\\\/california-concept.com\\\/es\\\/tienda\\\/\"},{\"@type\":\"ListItem\",\"position\":3,\"name\":\"Suspensi\u00f3n roscada elevadora Twin Monotubo Project Lift para VW T5, T6 y&nbsp;T6.1 sin DCC\"}]},{\"@type\":\"WebSite\",\"@id\":\"https:\\\/\\\/california-concept.com\\\/es\\\/#website\",\"url\":\"https:\\\/\\\/california-concept.com\\\/es\\\/\",\"name\":\"Sklep California Concept\",\"description\":\"Akcesoria do Volkswagen California\",\"publisher\":{\"@id\":\"https:\\\/\\\/california-concept.com\\\/es\\\/#organization\"},\"potentialAction\":[{\"@type\":\"SearchAction\",\"target\":{\"@type\":\"EntryPoint\",\"urlTemplate\":\"https:\\\/\\\/california-concept.com\\\/es\\\/?s={search_term_string}\"},\"query-input\":{\"@type\":\"PropertyValueSpecification\",\"valueRequired\":true,\"valueName\":\"search_term_string\"}}],\"inLanguage\":\"es\"},{\"@type\":\"Organization\",\"@id\":\"https:\\\/\\\/california-concept.com\\\/es\\\/#organization\",\"name\":\"Sklep California Concept\",\"url\":\"https:\\\/\\\/california-concept.com\\\/es\\\/\",\"logo\":{\"@type\":\"ImageObject\",\"inLanguage\":\"es\",\"@id\":\"https:\\\/\\\/california-concept.com\\\/es\\\/#\\\/schema\\\/logo\\\/image\\\/\",\"url\":\"https:\\\/\\\/california-concept.com\\\/wp-content\\\/uploads\\\/2025\\\/02\\\/Logo.png\",\"contentUrl\":\"https:\\\/\\\/california-concept.com\\\/wp-content\\\/uploads\\\/2025\\\/02\\\/Logo.png\",\"width\":1000,\"height\":1000,\"caption\":\"Sklep California Concept\"},\"image\":{\"@id\":\"https:\\\/\\\/california-concept.com\\\/es\\\/#\\\/schema\\\/logo\\\/image\\\/\"}}]}<\/script>\n<meta property=\"product:price:amount\" content=\"3024.00\" \/>\n<meta property=\"product:price:currency\" content=\"EUR\" \/>\n<meta property=\"og:availability\" content=\"instock\" \/>\n<meta property=\"product:availability\" content=\"instock\" \/>\n<meta property=\"product:condition\" content=\"new\" \/>\n<!-- \/ Yoast SEO Premium plugin. -->","yoast_head_json":{"title":"Suspensi\u00f3n roscada elevadora Twin Monotubo Project Lift para VW T5, T6 y T6.1 sin DCC","description":"Suspensi\u00f3n roscada elevadora Twin Monotubo Project Lift para VW California T5, T6 y T6.1 sin DCC - con ajuste de altura.","robots":{"index":"index","follow":"follow","max-snippet":"max-snippet:-1","max-image-preview":"max-image-preview:large","max-video-preview":"max-video-preview:-1"},"canonical":"https:\/\/california-concept.com\/es\/produkt\/suspension-roscada-elevadora-twin-monotubo-project-lift-para-vw-t5-t6-y-t6-1-sin-dcc\/","og_locale":"es_ES","og_type":"article","og_title":"Suspensi\u00f3n roscada elevadora Twin Monotubo Project Lift para VW T5, T6 y T6.1 sin DCC","og_description":"Suspensi\u00f3n roscada elevadora Twin Monotubo Project Lift para VW California T5, T6 y T6.1 sin DCC - con ajuste de altura.","og_url":"https:\/\/california-concept.com\/es\/produkt\/suspension-roscada-elevadora-twin-monotubo-project-lift-para-vw-t5-t6-y-t6-1-sin-dcc\/","og_site_name":"Sklep California Concept","article_modified_time":"2026-04-08T10:40:49+00:00","og_image":[{"width":1200,"height":1200,"url":"https:\/\/california-concept.com\/wp-content\/uploads\/2025\/02\/Twim-monotube-projekt-lift-gwintowane-zawieszenie-podnoszace-VW-T5-T6-i-T6.1-bez-DCC-Zdjecie-e1739015139636-kopia.jpg","type":"image\/jpeg"}],"twitter_card":"summary_large_image","twitter_misc":{"Precio":"3.024,00&nbsp;&euro;","Availability":"In stock"},"schema":{"@context":"https:\/\/schema.org","@graph":[{"@type":"WebPage","@id":"https:\/\/california-concept.com\/es\/produkt\/suspension-roscada-elevadora-twin-monotubo-project-lift-para-vw-t5-t6-y-t6-1-sin-dcc\/","url":"https:\/\/california-concept.com\/es\/produkt\/suspension-roscada-elevadora-twin-monotubo-project-lift-para-vw-t5-t6-y-t6-1-sin-dcc\/","name":"Suspensi\u00f3n roscada elevadora Twin Monotubo Project Lift para VW T5, T6 y T6.1 sin DCC","isPartOf":{"@id":"https:\/\/california-concept.com\/es\/#website"},"primaryImageOfPage":{"@id":"https:\/\/california-concept.com\/es\/produkt\/suspension-roscada-elevadora-twin-monotubo-project-lift-para-vw-t5-t6-y-t6-1-sin-dcc\/#primaryimage"},"image":{"@id":"https:\/\/california-concept.com\/es\/produkt\/suspension-roscada-elevadora-twin-monotubo-project-lift-para-vw-t5-t6-y-t6-1-sin-dcc\/#primaryimage"},"thumbnailUrl":"https:\/\/california-concept.com\/wp-content\/uploads\/2025\/02\/Twim-monotube-projekt-lift-gwintowane-zawieszenie-podnoszace-VW-T5-T6-i-T6.1-bez-DCC-Zdjecie-e1739015139636-kopia.jpg","datePublished":"2025-02-08T10:59:04+00:00","dateModified":"2026-04-08T10:40:49+00:00","description":"Suspensi\u00f3n roscada elevadora Twin Monotubo Project Lift para VW California T5, T6 y T6.1 sin DCC - con ajuste de altura.","breadcrumb":{"@id":"https:\/\/california-concept.com\/es\/produkt\/suspension-roscada-elevadora-twin-monotubo-project-lift-para-vw-t5-t6-y-t6-1-sin-dcc\/#breadcrumb"},"inLanguage":"es","potentialAction":[{"@type":"ReadAction","target":["https:\/\/california-concept.com\/es\/produkt\/suspension-roscada-elevadora-twin-monotubo-project-lift-para-vw-t5-t6-y-t6-1-sin-dcc\/"]}]},{"@type":"ImageObject","inLanguage":"es","@id":"https:\/\/california-concept.com\/es\/produkt\/suspension-roscada-elevadora-twin-monotubo-project-lift-para-vw-t5-t6-y-t6-1-sin-dcc\/#primaryimage","url":"https:\/\/california-concept.com\/wp-content\/uploads\/2025\/02\/Twim-monotube-projekt-lift-gwintowane-zawieszenie-podnoszace-VW-T5-T6-i-T6.1-bez-DCC-Zdjecie-e1739015139636-kopia.jpg","contentUrl":"https:\/\/california-concept.com\/wp-content\/uploads\/2025\/02\/Twim-monotube-projekt-lift-gwintowane-zawieszenie-podnoszace-VW-T5-T6-i-T6.1-bez-DCC-Zdjecie-e1739015139636-kopia.jpg","width":1200,"height":1200,"caption":"Zawieszenie gwintowane Twin Monotube Projekt Lift do VW T5, T6, T6.1 bez DCC"},{"@type":"BreadcrumbList","@id":"https:\/\/california-concept.com\/es\/produkt\/suspension-roscada-elevadora-twin-monotubo-project-lift-para-vw-t5-t6-y-t6-1-sin-dcc\/#breadcrumb","itemListElement":[{"@type":"ListItem","position":1,"name":"Strona g\u0142\u00f3wna","item":"https:\/\/california-concept.com\/es\/"},{"@type":"ListItem","position":2,"name":"Tienda","item":"https:\/\/california-concept.com\/es\/tienda\/"},{"@type":"ListItem","position":3,"name":"Suspensi\u00f3n roscada elevadora Twin Monotubo Project Lift para VW T5, T6 y&nbsp;T6.1 sin DCC"}]},{"@type":"WebSite","@id":"https:\/\/california-concept.com\/es\/#website","url":"https:\/\/california-concept.com\/es\/","name":"Sklep California Concept","description":"Akcesoria do Volkswagen California","publisher":{"@id":"https:\/\/california-concept.com\/es\/#organization"},"potentialAction":[{"@type":"SearchAction","target":{"@type":"EntryPoint","urlTemplate":"https:\/\/california-concept.com\/es\/?s={search_term_string}"},"query-input":{"@type":"PropertyValueSpecification","valueRequired":true,"valueName":"search_term_string"}}],"inLanguage":"es"},{"@type":"Organization","@id":"https:\/\/california-concept.com\/es\/#organization","name":"Sklep California Concept","url":"https:\/\/california-concept.com\/es\/","logo":{"@type":"ImageObject","inLanguage":"es","@id":"https:\/\/california-concept.com\/es\/#\/schema\/logo\/image\/","url":"https:\/\/california-concept.com\/wp-content\/uploads\/2025\/02\/Logo.png","contentUrl":"https:\/\/california-concept.com\/wp-content\/uploads\/2025\/02\/Logo.png","width":1000,"height":1000,"caption":"Sklep California Concept"},"image":{"@id":"https:\/\/california-concept.com\/es\/#\/schema\/logo\/image\/"}}]},"product_price_amount":"3024.00","product_price_currency":"EUR","og_availability":"instock","product_availability":"instock","product_condition":"new"},"builder_content":"","_links":{"self":[{"href":"https:\/\/california-concept.com\/es\/wp-json\/wp\/v2\/product\/1619","targetHints":{"allow":["GET"]}}],"collection":[{"href":"https:\/\/california-concept.com\/es\/wp-json\/wp\/v2\/product"}],"about":[{"href":"https:\/\/california-concept.com\/es\/wp-json\/wp\/v2\/types\/product"}],"replies":[{"embeddable":true,"href":"https:\/\/california-concept.com\/es\/wp-json\/wp\/v2\/comments?post=1619"}],"wp:featuredmedia":[{"embeddable":true,"href":"https:\/\/california-concept.com\/es\/wp-json\/wp\/v2\/media\/1161"}],"wp:attachment":[{"href":"https:\/\/california-concept.com\/es\/wp-json\/wp\/v2\/media?parent=1619"}],"wp:term":[{"taxonomy":"product_brand","embeddable":true,"href":"https:\/\/california-concept.com\/es\/wp-json\/wp\/v2\/product_brand?post=1619"},{"taxonomy":"product_cat","embeddable":true,"href":"https:\/\/california-concept.com\/es\/wp-json\/wp\/v2\/product_cat?post=1619"},{"taxonomy":"product_tag","embeddable":true,"href":"https:\/\/california-concept.com\/es\/wp-json\/wp\/v2\/product_tag?post=1619"}],"curies":[{"name":"wp","href":"https:\/\/api.w.org\/{rel}","templated":true}]}}