{"id":1594,"date":"2026-01-13T21:12:35","date_gmt":"2026-01-13T20:12:35","guid":{"rendered":"https:\/\/california-concept.com\/produkt\/panel-solar-fotovoltaico-flex-system-150w-volkswagen-california-t7-beach-ocean\/"},"modified":"2026-04-08T12:40:19","modified_gmt":"2026-04-08T10:40:19","slug":"panel-solar-fotovoltaico-flex-system-150w-volkswagen-california-t7-beach-ocean","status":"publish","type":"product","link":"https:\/\/california-concept.com\/es\/produkt\/panel-solar-fotovoltaico-flex-system-150w-volkswagen-california-t7-beach-ocean\/","title":{"rendered":"Panel solar fotovoltaico Flex System 150W Volkswagen California T7 Beach Ocean"},"content":{"rendered":"<h3>Sistema solar fiable Volkswagen California T7 Beach Ocean<\/h3>\n<p>Flex Panel System Wild Concept \u2014 M\u00e1s potencia, m\u00e1s libertad<\/p>\n<p>En el mundo de los viajes y el descubrimiento, cada detalle importa. Flex Panel System es la respuesta a las necesidades de quienes desean m\u00e1s: m\u00e1s independencia, m\u00e1s tiempo para la aventura y m\u00e1s energ\u00eda para realizar sus sue\u00f1os de expediciones libres. <\/p>\n<p><strong>Nuestro sistema solar es la soluci\u00f3n ideal para los modelos VW California T7<\/strong> Discreto, ligero, pero sobre todo eficiente, con una potencia de 150W, permite alimentar dispositivos y recargar bater\u00edas durante las paradas. Gracias a un montaje especial que no interfiere con la estructura del veh\u00edculo, la instalaci\u00f3n no afecta a la garant\u00eda de f\u00e1brica, lo que la convierte en una opci\u00f3n segura para veh\u00edculos nuevos. <\/p>\n<p>Flex Panel System le ofrece la libertad que busca: puede detenerse durante m\u00e1s tiempo sin preocuparse por la energ\u00eda. Diga adi\u00f3s a las limitaciones y a la necesidad de buscar estaciones de carga. Confort, comodidad y, sobre todo, posibilidades ilimitadas de descubrir el mundo seg\u00fan sus propias reglas: esta es la filosof\u00eda que nos ha guiado al crear este sistema.  <\/p>\n<p>Si sue\u00f1a con viajar sin l\u00edmites, Flex Panel System es su respuesta. \u00a1Sea independiente, est\u00e9 preparado para m\u00e1s! <\/p>\n<h3>\u00bfQu\u00e9 incluye el kit de paneles solares para Volkswagen California?<\/h3>\n<p>El kit Flex Panel System incluye:<\/p>\n<ul>\n<li style=\"list-style-type: none;\">\n<ul>\n<li>panel fotovoltaico flexible excepcionalmente resistente<\/li>\n<li>radiador innovador que aumenta la eficiencia del sistema<\/li>\n<li>regulador de carga, cables<\/li>\n<\/ul>\n<\/li>\n<\/ul>\n<p>Cada elemento ha sido cuidadosamente seleccionado para garantizar la m\u00e1xima eficiencia y seguridad de uso.<\/p>\n<h3>Datos t\u00e9cnicos<\/h3>\n<ul>\n<li>Potencia nominal: 157W<\/li>\n<li>Tensi\u00f3n de circuito abierto: 18 V<\/li>\n<li>Corriente de cortocircuito: 8,72A<\/li>\n<li>Tensi\u00f3n de trabajo m\u00e1xima: 21,24V<\/li>\n<li>Tensi\u00f3n m\u00e1xima del sistema: 500V DC (UL)<\/li>\n<li>Intensidad m\u00e1xima del fusible: 20A<\/li>\n<li>Eficiencia de conversi\u00f3n: 23%<\/li>\n<li>Dimensiones: 890\/1130 mm<\/li>\n<li>Peso: aprox. 8kg<\/li>\n<\/ul>\n<h3>\u00bfCon qu\u00e9 productos es compatible el panel solar Flex?<\/h3>\n<p>Bater\u00eda auxiliar del veh\u00edculo<\/p>\n<p>El complemento ideal para el kit Flex Panel System es la <strong><a href=\"https:\/\/california-concept.com\/produkt\/przenosna-stacja-zasilania-ecoflow-delta-3\/\">Estaci\u00f3n de energ\u00eda port\u00e1til EcoFlow DELTA 3<\/a><\/strong>.<\/p>\n<h3>\u00bfQu\u00e9 dispositivos pueden alimentarse con los paneles solares Flex?<\/h3>\n<p>Los paneles solares Flex en el techo de la VW California pueden alimentar numerosos dispositivos personales y elementos del equipamiento de la camper:<\/p>\n<ul>\n<li><strong data-start=\"384\" data-end=\"407\">Carga de tel\u00e9fonos<\/strong> \u2013 un smartphone consume aprox. 5-10W, por lo que se pueden cargar varios al d\u00eda. <\/li>\n<li><strong data-start=\"480\" data-end=\"490\">Port\u00e1til<\/strong> \u2013 consume de media 40-60W, por lo que un panel de 310W es suficiente para varias horas de trabajo diarias.<\/li>\n<li><strong data-start=\"580\" data-end=\"616\">Tabletas, smartwatches, powerbanks<\/strong> \u2013 su consumo es bajo, por lo que se pueden cargar sin problemas.<\/li>\n<li><strong data-start=\"685\" data-end=\"709\">Router Wi-Fi m\u00f3vil<\/strong> \u2013 consume aprox. 5-10W, por lo que puede funcionar durante todo el d\u00eda. <\/li>\n<li><strong data-start=\"832\" data-end=\"855\">Luces LED<\/strong> \u2013 consumen poco (2-5W por l\u00e1mpara), por lo que pueden permanecer encendidas toda la noche.<\/li>\n<li><strong data-start=\"934\" data-end=\"958\">Peque\u00f1os ventiladores 12V<\/strong> \u2013 consumen aprox. 10-20W, por lo que se pueden usar durante varias horas al d\u00eda. <\/li>\n<li><strong data-start=\"1039\" data-end=\"1075\">Radio o peque\u00f1o altavoz Bluetooth<\/strong> \u2013 aprox. 5-15W. <\/li>\n<li><strong data-start=\"1148\" data-end=\"1176\">Peque\u00f1a cafetera 12V<\/strong> \u2013 consume 100-150W, por lo que se puede usar espor\u00e1dicamente.<\/li>\n<li><strong data-start=\"1245\" data-end=\"1272\">Nevera port\u00e1til 12V<\/strong> \u2013 consume 40-60W, por lo que puede funcionar durante varias horas, pero es mejor usarla junto con una bater\u00eda.<\/li>\n<\/ul>\n<h3 data-start=\"1630\" data-end=\"1675\">\u00bfC\u00f3mo optimizar el consumo de energ\u00eda en la Volkswagen California u otra camper?<\/h3>\n<p data-start=\"1676\" data-end=\"1949\">\ud83d\udd39 Usar dispositivos de bajo consumo (p. ej., LED en lugar de hal\u00f3genos).<br data-start=\"1741\" data-end=\"1744\">\ud83d\udd39 Cargar dispositivos durante el d\u00eda, cuando el panel genera m\u00e1s potencia.<br data-start=\"1811\" data-end=\"1814\">\ud83d\udd39 Utilizar una bater\u00eda para almacenar el exceso de energ\u00eda para la noche (p. ej., <strong>Estaci\u00f3n de energ\u00eda port\u00e1til EcoFlow DELTA 3)<\/strong>.<br data-start=\"1883\" data-end=\"1886\">\ud83d\udd39 Usar un regulador MPPT, que aumenta la eficiencia de los paneles.<\/p>\n","protected":false},"excerpt":{"rendered":"<p>Alta eficiencia de los paneles fotovoltaicos VW California: La potencia de 150W permite alimentar las bater\u00edas auxiliares sin necesidad de detenerse en un camping.<\/p>\n<ul>\n<li><strong>Construcci\u00f3n ligera:<\/strong> Los paneles solares tienen solo 4 mm de grosor y pesan 8 kg<\/li>\n<li><strong>Instalaci\u00f3n sencilla:<\/strong> El montaje de los paneles lleva 120 minutos, sin interferir con la estructura del veh\u00edculo. Sin afectar a la garant\u00eda. <\/li>\n<li><strong>Gesti\u00f3n mediante aplicaci\u00f3n:<\/strong> Control total del sistema de paneles solares mediante aplicaci\u00f3n m\u00f3vil dedicada.<\/li>\n<li><strong>Resistencia:<\/strong> Los paneles funcionan incluso en condiciones meteorol\u00f3gicas dif\u00edciles. Impermeabilidad nivel IP68 <\/li>\n<\/ul>\n","protected":false},"featured_media":1595,"comment_status":"closed","ping_status":"closed","template":"","meta":{"inline_featured_image":false},"product_brand":[],"product_cat":[100],"product_tag":[],"class_list":{"0":"post-1594","1":"product","2":"type-product","3":"status-publish","4":"has-post-thumbnail","6":"product_cat-paneles-solares","7":"has-post-title","8":"has-post-date","9":"has-post-category","10":"has-post-tag","11":"has-post-comment","12":"has-post-author","13":"","15":"first","16":"instock","17":"shipping-taxable","18":"purchasable","19":"product-type-simple"},"yoast_head":"<!-- This site is optimized with the Yoast SEO Premium plugin v19.3 (Yoast SEO v27.4) - https:\/\/yoast.com\/product\/yoast-seo-premium-wordpress\/ -->\n<title>Panel solar fotovoltaico Flex System 150W Volkswagen California T7 Beach Ocean | Sklep California Concept<\/title>\n<meta name=\"description\" content=\"Panel solar fotovoltaico Flex System 150W para VW California T7 Ocean y Beach California. Sistema de alimentaci\u00f3n solar probado.\" \/>\n<meta name=\"robots\" content=\"index, follow, max-snippet:-1, max-image-preview:large, max-video-preview:-1\" \/>\n<link rel=\"canonical\" href=\"https:\/\/california-concept.com\/es\/produkt\/panel-solar-fotovoltaico-flex-system-150w-volkswagen-california-t7-beach-ocean\/\" \/>\n<meta property=\"og:locale\" content=\"es_ES\" \/>\n<meta property=\"og:type\" content=\"article\" \/>\n<meta property=\"og:title\" content=\"Panel solar fotovoltaico Flex System 150W Volkswagen California T7 Beach Ocean\" \/>\n<meta property=\"og:description\" content=\"Panel solar fotovoltaico Flex System 150W para VW California T7 Ocean y Beach California. Sistema de alimentaci\u00f3n solar probado.\" \/>\n<meta property=\"og:url\" content=\"https:\/\/california-concept.com\/es\/produkt\/panel-solar-fotovoltaico-flex-system-150w-volkswagen-california-t7-beach-ocean\/\" \/>\n<meta property=\"og:site_name\" content=\"Sklep California Concept\" \/>\n<meta property=\"article:modified_time\" content=\"2026-04-08T10:40:19+00:00\" \/>\n<meta property=\"og:image\" content=\"https:\/\/california-concept.com\/wp-content\/uploads\/2025\/10\/panele-solarne-volkswagen-california-t7-kopia.jpg\" \/>\n\t<meta property=\"og:image:width\" content=\"1920\" \/>\n\t<meta property=\"og:image:height\" content=\"1920\" \/>\n\t<meta property=\"og:image:type\" content=\"image\/jpeg\" \/>\n<meta name=\"twitter:card\" content=\"summary_large_image\" \/>\n<meta name=\"twitter:label1\" content=\"Precio\" \/>\n\t<meta name=\"twitter:data1\" content=\"1.152,00&nbsp;&euro;\" \/>\n\t<meta name=\"twitter:label2\" content=\"Availability\" \/>\n\t<meta name=\"twitter:data2\" content=\"In stock\" \/>\n<script type=\"application\/ld+json\" class=\"yoast-schema-graph\">{\"@context\":\"https:\\\/\\\/schema.org\",\"@graph\":[{\"@type\":\"WebPage\",\"@id\":\"https:\\\/\\\/california-concept.com\\\/es\\\/produkt\\\/panel-solar-fotovoltaico-flex-system-150w-volkswagen-california-t7-beach-ocean\\\/\",\"url\":\"https:\\\/\\\/california-concept.com\\\/es\\\/produkt\\\/panel-solar-fotovoltaico-flex-system-150w-volkswagen-california-t7-beach-ocean\\\/\",\"name\":\"Panel solar fotovoltaico Flex System 150W Volkswagen California T7 Beach Ocean | Sklep California Concept\",\"isPartOf\":{\"@id\":\"https:\\\/\\\/california-concept.com\\\/es\\\/#website\"},\"primaryImageOfPage\":{\"@id\":\"https:\\\/\\\/california-concept.com\\\/es\\\/produkt\\\/panel-solar-fotovoltaico-flex-system-150w-volkswagen-california-t7-beach-ocean\\\/#primaryimage\"},\"image\":{\"@id\":\"https:\\\/\\\/california-concept.com\\\/es\\\/produkt\\\/panel-solar-fotovoltaico-flex-system-150w-volkswagen-california-t7-beach-ocean\\\/#primaryimage\"},\"thumbnailUrl\":\"https:\\\/\\\/california-concept.com\\\/wp-content\\\/uploads\\\/2025\\\/10\\\/panele-solarne-volkswagen-california-t7-kopia.jpg\",\"datePublished\":\"2026-01-13T20:12:35+00:00\",\"dateModified\":\"2026-04-08T10:40:19+00:00\",\"description\":\"Panel solar fotovoltaico Flex System 150W para VW California T7 Ocean y Beach California. Sistema de alimentaci\u00f3n solar probado.\",\"breadcrumb\":{\"@id\":\"https:\\\/\\\/california-concept.com\\\/es\\\/produkt\\\/panel-solar-fotovoltaico-flex-system-150w-volkswagen-california-t7-beach-ocean\\\/#breadcrumb\"},\"inLanguage\":\"es\",\"potentialAction\":[{\"@type\":\"ReadAction\",\"target\":[\"https:\\\/\\\/california-concept.com\\\/es\\\/produkt\\\/panel-solar-fotovoltaico-flex-system-150w-volkswagen-california-t7-beach-ocean\\\/\"]}]},{\"@type\":\"ImageObject\",\"inLanguage\":\"es\",\"@id\":\"https:\\\/\\\/california-concept.com\\\/es\\\/produkt\\\/panel-solar-fotovoltaico-flex-system-150w-volkswagen-california-t7-beach-ocean\\\/#primaryimage\",\"url\":\"https:\\\/\\\/california-concept.com\\\/wp-content\\\/uploads\\\/2025\\\/10\\\/panele-solarne-volkswagen-california-t7-kopia.jpg\",\"contentUrl\":\"https:\\\/\\\/california-concept.com\\\/wp-content\\\/uploads\\\/2025\\\/10\\\/panele-solarne-volkswagen-california-t7-kopia.jpg\",\"width\":1920,\"height\":1920},{\"@type\":\"BreadcrumbList\",\"@id\":\"https:\\\/\\\/california-concept.com\\\/es\\\/produkt\\\/panel-solar-fotovoltaico-flex-system-150w-volkswagen-california-t7-beach-ocean\\\/#breadcrumb\",\"itemListElement\":[{\"@type\":\"ListItem\",\"position\":1,\"name\":\"Strona g\u0142\u00f3wna\",\"item\":\"https:\\\/\\\/california-concept.com\\\/es\\\/\"},{\"@type\":\"ListItem\",\"position\":2,\"name\":\"Tienda\",\"item\":\"https:\\\/\\\/california-concept.com\\\/es\\\/tienda\\\/\"},{\"@type\":\"ListItem\",\"position\":3,\"name\":\"Panel solar fotovoltaico Flex System 150W Volkswagen California T7 Beach Ocean\"}]},{\"@type\":\"WebSite\",\"@id\":\"https:\\\/\\\/california-concept.com\\\/es\\\/#website\",\"url\":\"https:\\\/\\\/california-concept.com\\\/es\\\/\",\"name\":\"Sklep California Concept\",\"description\":\"Akcesoria do Volkswagen California\",\"publisher\":{\"@id\":\"https:\\\/\\\/california-concept.com\\\/es\\\/#organization\"},\"potentialAction\":[{\"@type\":\"SearchAction\",\"target\":{\"@type\":\"EntryPoint\",\"urlTemplate\":\"https:\\\/\\\/california-concept.com\\\/es\\\/?s={search_term_string}\"},\"query-input\":{\"@type\":\"PropertyValueSpecification\",\"valueRequired\":true,\"valueName\":\"search_term_string\"}}],\"inLanguage\":\"es\"},{\"@type\":\"Organization\",\"@id\":\"https:\\\/\\\/california-concept.com\\\/es\\\/#organization\",\"name\":\"Sklep California Concept\",\"url\":\"https:\\\/\\\/california-concept.com\\\/es\\\/\",\"logo\":{\"@type\":\"ImageObject\",\"inLanguage\":\"es\",\"@id\":\"https:\\\/\\\/california-concept.com\\\/es\\\/#\\\/schema\\\/logo\\\/image\\\/\",\"url\":\"https:\\\/\\\/california-concept.com\\\/wp-content\\\/uploads\\\/2025\\\/02\\\/Logo.png\",\"contentUrl\":\"https:\\\/\\\/california-concept.com\\\/wp-content\\\/uploads\\\/2025\\\/02\\\/Logo.png\",\"width\":1000,\"height\":1000,\"caption\":\"Sklep California Concept\"},\"image\":{\"@id\":\"https:\\\/\\\/california-concept.com\\\/es\\\/#\\\/schema\\\/logo\\\/image\\\/\"}}]}<\/script>\n<meta property=\"product:price:amount\" content=\"1152.00\" \/>\n<meta property=\"product:price:currency\" content=\"EUR\" \/>\n<meta property=\"og:availability\" content=\"instock\" \/>\n<meta property=\"product:availability\" content=\"instock\" \/>\n<meta property=\"product:retailer_item_id\" content=\"CC-FLEX-150W-T7\" \/>\n<meta property=\"product:condition\" content=\"new\" \/>\n<!-- \/ Yoast SEO Premium plugin. -->","yoast_head_json":{"title":"Panel solar fotovoltaico Flex System 150W Volkswagen California T7 Beach Ocean | Sklep California Concept","description":"Panel solar fotovoltaico Flex System 150W para VW California T7 Ocean y Beach California. Sistema de alimentaci\u00f3n solar probado.","robots":{"index":"index","follow":"follow","max-snippet":"max-snippet:-1","max-image-preview":"max-image-preview:large","max-video-preview":"max-video-preview:-1"},"canonical":"https:\/\/california-concept.com\/es\/produkt\/panel-solar-fotovoltaico-flex-system-150w-volkswagen-california-t7-beach-ocean\/","og_locale":"es_ES","og_type":"article","og_title":"Panel solar fotovoltaico Flex System 150W Volkswagen California T7 Beach Ocean","og_description":"Panel solar fotovoltaico Flex System 150W para VW California T7 Ocean y Beach California. Sistema de alimentaci\u00f3n solar probado.","og_url":"https:\/\/california-concept.com\/es\/produkt\/panel-solar-fotovoltaico-flex-system-150w-volkswagen-california-t7-beach-ocean\/","og_site_name":"Sklep California Concept","article_modified_time":"2026-04-08T10:40:19+00:00","og_image":[{"width":1920,"height":1920,"url":"https:\/\/california-concept.com\/wp-content\/uploads\/2025\/10\/panele-solarne-volkswagen-california-t7-kopia.jpg","type":"image\/jpeg"}],"twitter_card":"summary_large_image","twitter_misc":{"Precio":"1.152,00&nbsp;&euro;","Availability":"In stock"},"schema":{"@context":"https:\/\/schema.org","@graph":[{"@type":"WebPage","@id":"https:\/\/california-concept.com\/es\/produkt\/panel-solar-fotovoltaico-flex-system-150w-volkswagen-california-t7-beach-ocean\/","url":"https:\/\/california-concept.com\/es\/produkt\/panel-solar-fotovoltaico-flex-system-150w-volkswagen-california-t7-beach-ocean\/","name":"Panel solar fotovoltaico Flex System 150W Volkswagen California T7 Beach Ocean | Sklep California Concept","isPartOf":{"@id":"https:\/\/california-concept.com\/es\/#website"},"primaryImageOfPage":{"@id":"https:\/\/california-concept.com\/es\/produkt\/panel-solar-fotovoltaico-flex-system-150w-volkswagen-california-t7-beach-ocean\/#primaryimage"},"image":{"@id":"https:\/\/california-concept.com\/es\/produkt\/panel-solar-fotovoltaico-flex-system-150w-volkswagen-california-t7-beach-ocean\/#primaryimage"},"thumbnailUrl":"https:\/\/california-concept.com\/wp-content\/uploads\/2025\/10\/panele-solarne-volkswagen-california-t7-kopia.jpg","datePublished":"2026-01-13T20:12:35+00:00","dateModified":"2026-04-08T10:40:19+00:00","description":"Panel solar fotovoltaico Flex System 150W para VW California T7 Ocean y Beach California. Sistema de alimentaci\u00f3n solar probado.","breadcrumb":{"@id":"https:\/\/california-concept.com\/es\/produkt\/panel-solar-fotovoltaico-flex-system-150w-volkswagen-california-t7-beach-ocean\/#breadcrumb"},"inLanguage":"es","potentialAction":[{"@type":"ReadAction","target":["https:\/\/california-concept.com\/es\/produkt\/panel-solar-fotovoltaico-flex-system-150w-volkswagen-california-t7-beach-ocean\/"]}]},{"@type":"ImageObject","inLanguage":"es","@id":"https:\/\/california-concept.com\/es\/produkt\/panel-solar-fotovoltaico-flex-system-150w-volkswagen-california-t7-beach-ocean\/#primaryimage","url":"https:\/\/california-concept.com\/wp-content\/uploads\/2025\/10\/panele-solarne-volkswagen-california-t7-kopia.jpg","contentUrl":"https:\/\/california-concept.com\/wp-content\/uploads\/2025\/10\/panele-solarne-volkswagen-california-t7-kopia.jpg","width":1920,"height":1920},{"@type":"BreadcrumbList","@id":"https:\/\/california-concept.com\/es\/produkt\/panel-solar-fotovoltaico-flex-system-150w-volkswagen-california-t7-beach-ocean\/#breadcrumb","itemListElement":[{"@type":"ListItem","position":1,"name":"Strona g\u0142\u00f3wna","item":"https:\/\/california-concept.com\/es\/"},{"@type":"ListItem","position":2,"name":"Tienda","item":"https:\/\/california-concept.com\/es\/tienda\/"},{"@type":"ListItem","position":3,"name":"Panel solar fotovoltaico Flex System 150W Volkswagen California T7 Beach Ocean"}]},{"@type":"WebSite","@id":"https:\/\/california-concept.com\/es\/#website","url":"https:\/\/california-concept.com\/es\/","name":"Sklep California Concept","description":"Akcesoria do Volkswagen California","publisher":{"@id":"https:\/\/california-concept.com\/es\/#organization"},"potentialAction":[{"@type":"SearchAction","target":{"@type":"EntryPoint","urlTemplate":"https:\/\/california-concept.com\/es\/?s={search_term_string}"},"query-input":{"@type":"PropertyValueSpecification","valueRequired":true,"valueName":"search_term_string"}}],"inLanguage":"es"},{"@type":"Organization","@id":"https:\/\/california-concept.com\/es\/#organization","name":"Sklep California Concept","url":"https:\/\/california-concept.com\/es\/","logo":{"@type":"ImageObject","inLanguage":"es","@id":"https:\/\/california-concept.com\/es\/#\/schema\/logo\/image\/","url":"https:\/\/california-concept.com\/wp-content\/uploads\/2025\/02\/Logo.png","contentUrl":"https:\/\/california-concept.com\/wp-content\/uploads\/2025\/02\/Logo.png","width":1000,"height":1000,"caption":"Sklep California Concept"},"image":{"@id":"https:\/\/california-concept.com\/es\/#\/schema\/logo\/image\/"}}]},"product_price_amount":"1152.00","product_price_currency":"EUR","og_availability":"instock","product_availability":"instock","product_retailer_item_id":"CC-FLEX-150W-T7","product_condition":"new"},"builder_content":"","_links":{"self":[{"href":"https:\/\/california-concept.com\/es\/wp-json\/wp\/v2\/product\/1594","targetHints":{"allow":["GET"]}}],"collection":[{"href":"https:\/\/california-concept.com\/es\/wp-json\/wp\/v2\/product"}],"about":[{"href":"https:\/\/california-concept.com\/es\/wp-json\/wp\/v2\/types\/product"}],"replies":[{"embeddable":true,"href":"https:\/\/california-concept.com\/es\/wp-json\/wp\/v2\/comments?post=1594"}],"wp:featuredmedia":[{"embeddable":true,"href":"https:\/\/california-concept.com\/es\/wp-json\/wp\/v2\/media\/1595"}],"wp:attachment":[{"href":"https:\/\/california-concept.com\/es\/wp-json\/wp\/v2\/media?parent=1594"}],"wp:term":[{"taxonomy":"product_brand","embeddable":true,"href":"https:\/\/california-concept.com\/es\/wp-json\/wp\/v2\/product_brand?post=1594"},{"taxonomy":"product_cat","embeddable":true,"href":"https:\/\/california-concept.com\/es\/wp-json\/wp\/v2\/product_cat?post=1594"},{"taxonomy":"product_tag","embeddable":true,"href":"https:\/\/california-concept.com\/es\/wp-json\/wp\/v2\/product_tag?post=1594"}],"curies":[{"name":"wp","href":"https:\/\/api.w.org\/{rel}","templated":true}]}}