{"id":1737,"date":"2024-05-23T11:07:04","date_gmt":"2024-05-23T09:07:04","guid":{"rendered":"https:\/\/california-concept.com\/returns-and-complaints\/"},"modified":"2026-04-22T10:31:22","modified_gmt":"2026-04-22T08:31:22","slug":"returns-and-complaints","status":"publish","type":"page","link":"https:\/\/california-concept.com\/en\/returns-and-complaints\/","title":{"rendered":"Returns and Complaints"},"content":{"rendered":"<!--themify_builder_content-->\n<div id=\"themify_builder_content-1737\" data-postid=\"1737\" class=\"themify_builder_content themify_builder_content-1737 themify_builder tf_clear\">\n                    <div  data-lazy=\"1\" class=\"module_row themify_builder_row tb_wbsm307 tb_first tf_w\">\n                        <div class=\"row_inner col_align_top tb_col_count_1 tf_box tf_rel\">\n                        <div  data-lazy=\"1\" class=\"module_column tb-column col-full tb_eyns307 first\">\n                    <!-- module text -->\n<div  class=\"module module-text tb_krds307   \" data-lazy=\"1\">\n        <div  class=\"tb_text_wrap\">\n        <h1 style=\"text-align: center;\">Returns and Complaints<\/h1>    <\/div>\n<\/div>\n<!-- \/module text -->        <\/div>\n                        <\/div>\n        <\/div>\n                        <div  data-lazy=\"1\" class=\"module_row themify_builder_row tb_q488882 tf_w\">\n                        <div class=\"row_inner col_align_top tb_col_count_1 tf_box tf_rel\">\n                        <div  data-lazy=\"1\" class=\"module_column tb-column col-full tb_vosi882 first\">\n                            <\/div>\n                        <\/div>\n        <\/div>\n        <\/div>\n<!--\/themify_builder_content-->\n<h3 class=\"wp-block-heading has-text-align-center\">6. COMPLAINT HANDLING PROCEDURE<\/h3>\n\n<p><strong>6.1.  <\/strong>This Section 6 of the Regulations defines the complaint handling procedure <strong>common to all complaints<\/strong> submitted to the Seller, particularly complaints regarding Products, Sales Contracts, Electronic Services, and other complaints related to the Seller&#8217;s or the Online Store&#8217;s operations. <\/p>\n\n<p><strong>6.2.  <\/strong><strong>A complaint may be submitted, for example:<\/strong><\/p>\n\n<ul class=\"wp-block-list\">\n<li>in writing to the address: Siemianowice \u015al\u0105skie 41-106, ul. \u0141okietka 12a\/12; <\/li>\n\n\n\n<li>electronically via email to: artur@wild-concept.com.<\/li>\n<\/ul>\n\n<p><strong>6.3.  <\/strong>The Product may be sent or returned as part of a complaint to the address: Siemianowice \u015al\u0105skie 41-106, ul. \u0141okietka 12a\/12. <\/p>\n\n<p><strong>6.4.  <\/strong>It is recommended that the complaint description include: (1) information and circumstances regarding the subject of the complaint, particularly the type and date of the irregularity or non-conformity with the contract; (2) a request for how to bring the product into conformity with the contract, or a statement on price reduction or withdrawal from the contract, or another claim; and (3) the contact details of the complainant \u2013 this will facilitate and expedite the complaint&#8217;s resolution. The requirements stated in the preceding sentence are merely recommendations and do not affect the effectiveness of complaints submitted without the recommended description. <\/p>\n\n<p><strong>6.5.  <\/strong>Should the complainant change their contact details during the complaint handling process, they are obliged to notify the Seller.<\/p>\n\n<p><strong>6.6.  <\/strong>The complainant may attach evidence (e.g., photos, documents, or the Product) related to the subject of the complaint. The Seller may also ask the complainant to provide additional information or send evidence (e.g., photos) if this facilitates and expedites the Seller&#8217;s resolution of the complaint. <\/p>\n\n<p><strong>6.7.  <\/strong>The Seller shall respond to the complaint without undue delay, no later than within 14 calendar days from the date of its receipt.<\/p>\n\n<p><strong>6.8.  <\/strong>The basis and scope of the Seller&#8217;s statutory liability are defined by generally applicable legal provisions, particularly the Civil Code, the Consumer Rights Act, and the Act on Providing Services by Electronic Means of July 18, 2002 (Journal of Laws No. 144, item 1204, as amended). Below is additional information regarding the Seller&#8217;s legally stipulated liability for the Product&#8217;s conformity with the Sales Contract:  <\/p>\n\n<ul class=\"wp-block-list\">\n<li>In the case of a complaint regarding a <strong>Product \u2013 movable item<\/strong> \u2013 purchased by the Customer under a Sales Contract concluded with the Seller <strong>until December 31, 2022<\/strong>, the provisions of the Civil Code in force until December 31, 2022, particularly Articles 556-576 of the Civil Code, shall apply. These provisions define, in particular, the basis and scope of the Seller&#8217;s liability towards the Customer if the sold Product has a physical or legal defect (warranty for defects). In accordance with Article 558 \u00a7 1 of the Civil Code, the Seller&#8217;s liability under the warranty for a Product purchased in accordance with the preceding sentence towards a Customer who is not a consumer is excluded.<\/li>\n\n\n\n<li><span style=\"color: initial;\">In the case of a complaint regarding a <\/span><strong style=\"color: initial;\">Product \u2013 movable item (including a movable item with digital elements)<\/strong><span style=\"color: initial;\">, excluding, however, a movable item that serves solely as a carrier of digital content \u2013 purchased by the Customer under a Sales Contract concluded with the Seller <\/span><strong style=\"color: initial;\">from January 1, 2023<\/strong><span style=\"color: initial;\">, the provisions of the Consumer Rights Act in force from January 1, 2023, particularly Articles 43a &#8211; 43g of the Consumer Rights Act, shall apply. These provisions define, in particular, the basis and scope of the Seller&#8217;s liability towards the consumer in the event of non-conformity of the Product with the Sales Contract.<\/span><\/li>\n\n\n\n<li>In the case of a complaint regarding a <strong>Product \u2013 digital content or service, or a movable item that serves solely as a carrier of digital content<\/strong> \u2013 purchased by the Customer under a Sales Contract concluded with the Seller <strong>from January 1, 2023<\/strong>, or before that date if the delivery of such Product was to occur or occurred after that date, the provisions of the Consumer Rights Act in force from January 1, 2023, particularly Articles 43h \u2013 43q of the Consumer Rights Act, shall apply. These provisions define, in particular, the basis and scope of the Seller&#8217;s liability towards the consumer in the event of non-conformity of the Product with the Sales Contract.<\/li>\n<\/ul>\n\n<p><strong>6.9.  <\/strong>Beyond statutory liability, a guarantee may be provided for the Product \u2013 this is contractual (additional) liability and can be exercised if the given Product is covered by a guarantee. A guarantee may be granted by an entity other than the Seller (e.g., by the manufacturer or distributor). Detailed conditions regarding liability under the guarantee, including the details of the entity responsible for fulfilling the guarantee and the entity entitled to benefit from it, are available in the guarantee description, e.g., in the guarantee card or elsewhere concerning the provision of the guarantee. The Seller indicates that in the event of non-conformity of the Product with the contract, the Customer is entitled by law to legal remedies from and at the expense of the Seller, and that the guarantee does not affect these legal remedies.   <\/p>\n\n<p><strong>6.10.  <\/strong>The provisions concerning consumers contained in Sections 6.8.2. and 6.8.3 of the Regulations also apply to a Customer who is a natural person concluding a contract directly related to their business activity, when the content of this contract indicates that it does not have a professional character for that person, resulting in particular from the subject of their business activity, made available on the basis of the provisions on the Central Register and Information on Economic Activity. <\/p>\n\n<h3 class=\"wp-block-heading has-text-align-center\">7. OUT-OF-COURT METHODS OF COMPLAINT RESOLUTION AND CLAIM PURSUIT, AND RULES OF ACCESS TO THESE PROCEDURES<\/h3>\n\n<p><strong>7.1. <\/strong>Methods of out-of-court dispute resolution include, among others: (1) facilitating rapprochement between parties, e.g., through mediation; (2) proposing a dispute resolution, e.g., through conciliation; and (3) resolving the dispute and imposing its solution on the parties, e.g., through arbitration (arbitration court). Detailed information regarding the possibility for a Customer who is a consumer to use out-of-court methods of complaint resolution and claim pursuit, rules of access to these procedures, and a user-friendly search engine for entities dealing with amicable dispute resolution are available on the website of the Office of Competition and Consumer Protection at: <a href=\"https:\/\/polubowne.uokik.gov.pl\/\">https:\/\/polubowne.uokik.gov.pl\/<\/a>. <\/p>\n\n<p><strong>7.2.  <\/strong>A contact point operates at the President of the Office of Competition and Consumer Protection, whose task is, among others, to provide consumers with information regarding out-of-court consumer dispute resolution. Consumers can contact this point: (1) by phone \u2013 by calling 22 55 60 332 or 22 55 60 333; (2) by email \u2013 by sending a message to: kontakt.adr@uokik.gov.pl; or (3) in writing or in person \u2013 at the Office&#8217;s Headquarters at Plac Powsta\u0144c\u00f3w Warszawy 1 in Warsaw (00-030). <\/p>\n\n<p><strong>7.3.  <\/strong>The consumer has the following exemplary options for using out-of-court methods of complaint resolution and claim pursuit: (1) an application for dispute resolution to a permanent consumer arbitration court; (2) an application for out-of-court dispute resolution to the provincial inspector of the Trade Inspection; or (3) assistance from a district (municipal) consumer ombudsman or a social organization whose statutory tasks include consumer protection (e.g., Consumer Federation, Polish Consumers&#8217; Association). Advice is provided, among others, by email at porady@dlakonsumentow.pl and via the consumer helpline at 801 440 220 (helpline open on working days, from 8:00 AM to 6:00 PM, call charges according to the operator&#8217;s tariff). <\/p>\n\n<p class=\"has-text-align-left\"><strong>7.4. <\/strong>At <a href=\"http:\/\/ec.europa.eu\/odr\">http:\/\/ec.europa.eu\/odr<\/a>, an online dispute resolution platform for consumers and businesses at the EU level (ODR platform) is available. The ODR platform is an interactive and multilingual website with a one-stop shop for consumers and businesses seeking out-of-court resolution of disputes concerning contractual obligations arising from online sales contracts or service contracts (more information on the platform itself or at the website of the Office of Competition and Consumer Protection: https:\/\/polubowne.uokik.gov.pl\/platforma-odr,161,pl.html). <\/p>\n\n<p><strong>7.5<\/strong> All products available in the California-Concept offer are covered by a <strong>manufacturer&#8217;s warranty<\/strong>, covering material and manufacturing defects arising during proper use.<br\/>The warranty period and its implementation depend on the type of product (e.g., photovoltaic systems, suspension components, electrical accessories) and are specified in the accompanying documentation.<br\/>Warranty claims can be sent directly to us at <strong><a>artur@wild-concept.com<\/a><\/strong><\/p>\n\n<div style=\"height:45px\" aria-hidden=\"true\" class=\"wp-block-spacer\"><\/div>\n\n<p><\/p>","protected":false},"excerpt":{"rendered":"<p>6. COMPLAINT HANDLING PROCEDURE 6.1. This Section 6 of the Regulations defines the complaint handling procedure common to all complaints submitted to the Seller, particularly complaints regarding Products, Sales Contracts, Electronic Services, and other complaints related to the Seller&#8217;s or the Online Store&#8217;s operations. 6.2. A complaint may be submitted, for example: 6.3. The Product [&hellip;]<\/p>\n","protected":false},"author":1,"featured_media":1515,"parent":0,"menu_order":0,"comment_status":"closed","ping_status":"closed","template":"","meta":{"inline_featured_image":false,"footnotes":""},"class_list":["post-1737","page","type-page","status-publish","has-post-thumbnail","hentry","has-post-title","has-post-date","has-post-category","has-post-tag","has-post-comment","has-post-author",""],"yoast_head":"<!-- This site is optimized with the Yoast SEO Premium plugin v19.3 (Yoast SEO v27.4) - https:\/\/yoast.com\/product\/yoast-seo-premium-wordpress\/ -->\n<title>Returns and Complaints | Sklep California Concept<\/title>\n<meta name=\"description\" content=\"Please read our store&#039;s returns and complaints policy.\" \/>\n<meta name=\"robots\" content=\"index, follow, max-snippet:-1, max-image-preview:large, max-video-preview:-1\" \/>\n<link rel=\"canonical\" href=\"https:\/\/california-concept.com\/en\/returns-and-complaints\/\" \/>\n<meta property=\"og:locale\" content=\"en_US\" \/>\n<meta property=\"og:type\" content=\"article\" \/>\n<meta property=\"og:title\" content=\"Returns and Complaints\" \/>\n<meta property=\"og:description\" content=\"Please read our store&#039;s returns and complaints policy.\" \/>\n<meta property=\"og:url\" content=\"https:\/\/california-concept.com\/en\/returns-and-complaints\/\" \/>\n<meta property=\"og:site_name\" content=\"Sklep California Concept\" \/>\n<meta property=\"article:modified_time\" content=\"2026-04-22T08:31:22+00:00\" \/>\n<meta property=\"og:image\" content=\"https:\/\/california-concept.com\/wp-content\/uploads\/2025\/02\/Logo.png\" \/>\n\t<meta property=\"og:image:width\" content=\"1000\" \/>\n\t<meta property=\"og:image:height\" content=\"1000\" \/>\n\t<meta property=\"og:image:type\" content=\"image\/png\" \/>\n<meta name=\"twitter:card\" content=\"summary_large_image\" \/>\n<meta name=\"twitter:label1\" content=\"Est. reading time\" \/>\n\t<meta name=\"twitter:data1\" content=\"6 minutes\" \/>\n<script type=\"application\/ld+json\" class=\"yoast-schema-graph\">{\"@context\":\"https:\\\/\\\/schema.org\",\"@graph\":[{\"@type\":\"WebPage\",\"@id\":\"https:\\\/\\\/california-concept.com\\\/en\\\/returns-and-complaints\\\/\",\"url\":\"https:\\\/\\\/california-concept.com\\\/en\\\/returns-and-complaints\\\/\",\"name\":\"Returns and Complaints | Sklep California Concept\",\"isPartOf\":{\"@id\":\"https:\\\/\\\/california-concept.com\\\/en\\\/#website\"},\"primaryImageOfPage\":{\"@id\":\"https:\\\/\\\/california-concept.com\\\/en\\\/returns-and-complaints\\\/#primaryimage\"},\"image\":{\"@id\":\"https:\\\/\\\/california-concept.com\\\/en\\\/returns-and-complaints\\\/#primaryimage\"},\"thumbnailUrl\":\"https:\\\/\\\/california-concept.com\\\/wp-content\\\/uploads\\\/2025\\\/02\\\/Logo.png\",\"datePublished\":\"2024-05-23T09:07:04+00:00\",\"dateModified\":\"2026-04-22T08:31:22+00:00\",\"description\":\"Please read our store's returns and complaints policy.\",\"breadcrumb\":{\"@id\":\"https:\\\/\\\/california-concept.com\\\/en\\\/returns-and-complaints\\\/#breadcrumb\"},\"inLanguage\":\"en-US\",\"potentialAction\":[{\"@type\":\"ReadAction\",\"target\":[\"https:\\\/\\\/california-concept.com\\\/en\\\/returns-and-complaints\\\/\"]}]},{\"@type\":\"ImageObject\",\"inLanguage\":\"en-US\",\"@id\":\"https:\\\/\\\/california-concept.com\\\/en\\\/returns-and-complaints\\\/#primaryimage\",\"url\":\"https:\\\/\\\/california-concept.com\\\/wp-content\\\/uploads\\\/2025\\\/02\\\/Logo.png\",\"contentUrl\":\"https:\\\/\\\/california-concept.com\\\/wp-content\\\/uploads\\\/2025\\\/02\\\/Logo.png\",\"width\":1000,\"height\":1000,\"caption\":\"Wild Concept Logo\"},{\"@type\":\"BreadcrumbList\",\"@id\":\"https:\\\/\\\/california-concept.com\\\/en\\\/returns-and-complaints\\\/#breadcrumb\",\"itemListElement\":[{\"@type\":\"ListItem\",\"position\":1,\"name\":\"Strona g\u0142\u00f3wna\",\"item\":\"https:\\\/\\\/california-concept.com\\\/en\\\/\"},{\"@type\":\"ListItem\",\"position\":2,\"name\":\"Returns and Complaints\"}]},{\"@type\":\"WebSite\",\"@id\":\"https:\\\/\\\/california-concept.com\\\/en\\\/#website\",\"url\":\"https:\\\/\\\/california-concept.com\\\/en\\\/\",\"name\":\"Sklep California Concept\",\"description\":\"Akcesoria do Volkswagen California\",\"publisher\":{\"@id\":\"https:\\\/\\\/california-concept.com\\\/en\\\/#organization\"},\"potentialAction\":[{\"@type\":\"SearchAction\",\"target\":{\"@type\":\"EntryPoint\",\"urlTemplate\":\"https:\\\/\\\/california-concept.com\\\/en\\\/?s={search_term_string}\"},\"query-input\":{\"@type\":\"PropertyValueSpecification\",\"valueRequired\":true,\"valueName\":\"search_term_string\"}}],\"inLanguage\":\"en-US\"},{\"@type\":\"Organization\",\"@id\":\"https:\\\/\\\/california-concept.com\\\/en\\\/#organization\",\"name\":\"Sklep California Concept\",\"url\":\"https:\\\/\\\/california-concept.com\\\/en\\\/\",\"logo\":{\"@type\":\"ImageObject\",\"inLanguage\":\"en-US\",\"@id\":\"https:\\\/\\\/california-concept.com\\\/en\\\/#\\\/schema\\\/logo\\\/image\\\/\",\"url\":\"https:\\\/\\\/california-concept.com\\\/wp-content\\\/uploads\\\/2025\\\/02\\\/Logo.png\",\"contentUrl\":\"https:\\\/\\\/california-concept.com\\\/wp-content\\\/uploads\\\/2025\\\/02\\\/Logo.png\",\"width\":1000,\"height\":1000,\"caption\":\"Sklep California Concept\"},\"image\":{\"@id\":\"https:\\\/\\\/california-concept.com\\\/en\\\/#\\\/schema\\\/logo\\\/image\\\/\"}}]}<\/script>\n<!-- \/ Yoast SEO Premium plugin. -->","yoast_head_json":{"title":"Returns and Complaints | Sklep California Concept","description":"Please read our store's returns and complaints policy.","robots":{"index":"index","follow":"follow","max-snippet":"max-snippet:-1","max-image-preview":"max-image-preview:large","max-video-preview":"max-video-preview:-1"},"canonical":"https:\/\/california-concept.com\/en\/returns-and-complaints\/","og_locale":"en_US","og_type":"article","og_title":"Returns and Complaints","og_description":"Please read our store's returns and complaints policy.","og_url":"https:\/\/california-concept.com\/en\/returns-and-complaints\/","og_site_name":"Sklep California Concept","article_modified_time":"2026-04-22T08:31:22+00:00","og_image":[{"width":1000,"height":1000,"url":"https:\/\/california-concept.com\/wp-content\/uploads\/2025\/02\/Logo.png","type":"image\/png"}],"twitter_card":"summary_large_image","twitter_misc":{"Est. reading time":"6 minutes"},"schema":{"@context":"https:\/\/schema.org","@graph":[{"@type":"WebPage","@id":"https:\/\/california-concept.com\/en\/returns-and-complaints\/","url":"https:\/\/california-concept.com\/en\/returns-and-complaints\/","name":"Returns and Complaints | Sklep California Concept","isPartOf":{"@id":"https:\/\/california-concept.com\/en\/#website"},"primaryImageOfPage":{"@id":"https:\/\/california-concept.com\/en\/returns-and-complaints\/#primaryimage"},"image":{"@id":"https:\/\/california-concept.com\/en\/returns-and-complaints\/#primaryimage"},"thumbnailUrl":"https:\/\/california-concept.com\/wp-content\/uploads\/2025\/02\/Logo.png","datePublished":"2024-05-23T09:07:04+00:00","dateModified":"2026-04-22T08:31:22+00:00","description":"Please read our store's returns and complaints policy.","breadcrumb":{"@id":"https:\/\/california-concept.com\/en\/returns-and-complaints\/#breadcrumb"},"inLanguage":"en-US","potentialAction":[{"@type":"ReadAction","target":["https:\/\/california-concept.com\/en\/returns-and-complaints\/"]}]},{"@type":"ImageObject","inLanguage":"en-US","@id":"https:\/\/california-concept.com\/en\/returns-and-complaints\/#primaryimage","url":"https:\/\/california-concept.com\/wp-content\/uploads\/2025\/02\/Logo.png","contentUrl":"https:\/\/california-concept.com\/wp-content\/uploads\/2025\/02\/Logo.png","width":1000,"height":1000,"caption":"Wild Concept Logo"},{"@type":"BreadcrumbList","@id":"https:\/\/california-concept.com\/en\/returns-and-complaints\/#breadcrumb","itemListElement":[{"@type":"ListItem","position":1,"name":"Strona g\u0142\u00f3wna","item":"https:\/\/california-concept.com\/en\/"},{"@type":"ListItem","position":2,"name":"Returns and Complaints"}]},{"@type":"WebSite","@id":"https:\/\/california-concept.com\/en\/#website","url":"https:\/\/california-concept.com\/en\/","name":"Sklep California Concept","description":"Akcesoria do Volkswagen California","publisher":{"@id":"https:\/\/california-concept.com\/en\/#organization"},"potentialAction":[{"@type":"SearchAction","target":{"@type":"EntryPoint","urlTemplate":"https:\/\/california-concept.com\/en\/?s={search_term_string}"},"query-input":{"@type":"PropertyValueSpecification","valueRequired":true,"valueName":"search_term_string"}}],"inLanguage":"en-US"},{"@type":"Organization","@id":"https:\/\/california-concept.com\/en\/#organization","name":"Sklep California Concept","url":"https:\/\/california-concept.com\/en\/","logo":{"@type":"ImageObject","inLanguage":"en-US","@id":"https:\/\/california-concept.com\/en\/#\/schema\/logo\/image\/","url":"https:\/\/california-concept.com\/wp-content\/uploads\/2025\/02\/Logo.png","contentUrl":"https:\/\/california-concept.com\/wp-content\/uploads\/2025\/02\/Logo.png","width":1000,"height":1000,"caption":"Sklep California Concept"},"image":{"@id":"https:\/\/california-concept.com\/en\/#\/schema\/logo\/image\/"}}]}},"builder_content":"<h1 style=\"text-align: center;\">Returns and Complaints<\/h1>","_links":{"self":[{"href":"https:\/\/california-concept.com\/en\/wp-json\/wp\/v2\/pages\/1737","targetHints":{"allow":["GET"]}}],"collection":[{"href":"https:\/\/california-concept.com\/en\/wp-json\/wp\/v2\/pages"}],"about":[{"href":"https:\/\/california-concept.com\/en\/wp-json\/wp\/v2\/types\/page"}],"author":[{"embeddable":true,"href":"https:\/\/california-concept.com\/en\/wp-json\/wp\/v2\/users\/1"}],"replies":[{"embeddable":true,"href":"https:\/\/california-concept.com\/en\/wp-json\/wp\/v2\/comments?post=1737"}],"version-history":[{"count":6,"href":"https:\/\/california-concept.com\/en\/wp-json\/wp\/v2\/pages\/1737\/revisions"}],"predecessor-version":[{"id":2031,"href":"https:\/\/california-concept.com\/en\/wp-json\/wp\/v2\/pages\/1737\/revisions\/2031"}],"wp:featuredmedia":[{"embeddable":true,"href":"https:\/\/california-concept.com\/en\/wp-json\/wp\/v2\/media\/1515"}],"wp:attachment":[{"href":"https:\/\/california-concept.com\/en\/wp-json\/wp\/v2\/media?parent=1737"}],"curies":[{"name":"wp","href":"https:\/\/api.w.org\/{rel}","templated":true}]}}