{"id":1826,"date":"2025-05-14T09:48:10","date_gmt":"2025-05-14T07:48:10","guid":{"rendered":"https:\/\/california-concept.com\/produkt\/california-concept-wassereinfuellstutzen-adapter\/"},"modified":"2026-04-08T15:48:28","modified_gmt":"2026-04-08T13:48:28","slug":"california-concept-wassereinfuellstutzen-adapter","status":"publish","type":"product","link":"https:\/\/california-concept.com\/de\/produkt\/california-concept-wassereinfuellstutzen-adapter\/","title":{"rendered":"California Concept Wassereinf\u00fcllstutzen-Adapter"},"content":{"rendered":"<h2>Praktischer Adapter zum Wassernachf\u00fcllen im VW California<\/h2>\n<p>Dieses kleine, aber durchdachte Zubeh\u00f6r erleichtert den Alltag auf Reisen. Entwickelt f\u00fcr VW California Besitzer, erm\u00f6glicht es das bequeme Bef\u00fcllen des Wassertanks \u2013 auch mit flexiblen Reisebeh\u00e4ltern wie Sea to Summit Wassers\u00e4cken. <\/p>\n<p>Dank der perfekten Passform f\u00fcr die serienm\u00e4\u00dfige Einf\u00fcll\u00f6ffnung musst du nicht mit ungew\u00f6hnlichen Aufs\u00e4tzen improvisieren. Du steckst einfach den Adapter ein und f\u00fcllst Wasser nach, ohne zu versch\u00fctten. <\/p>\n<p>Die minimalistische Form sorgt daf\u00fcr, dass du ihn problemlos in der Schublade, im Organizer oder in der Seitentasche der T\u00fcr verstauen kannst. Aus robustem Kunststoff gefertigt, h\u00e4lt er intensiver Nutzung und wechselnden Wetterbedingungen stand \u2013 von Hitze bis Regen. <\/p>\n<h3>Wichtigste Eigenschaften:<\/h3>\n<ul>\n<li>\u2705 <strong>Passend f\u00fcr VW California<\/strong> \u2013 kompatibel mit T5, T6 und T6.1<\/li>\n<li>\u2705 <strong>Einfach zu bedienen<\/strong> \u2013 funktioniert hervorragend auch mit flexiblen Beh\u00e4ltern<\/li>\n<li>\u2705 <strong>Klein und handlich<\/strong> \u2013 nimmt keinen Platz weg, leicht zu verstauen<\/li>\n<li>\u2705 <strong>Robust und langlebig<\/strong> \u2013 solide Verarbeitung aus strapazierf\u00e4higem Kunststoff<\/li>\n<li>\u2705 <strong>Ansprechendes Design<\/strong> \u2013 passt optisch zu Premium-Camper-Zubeh\u00f6r<\/li>\n<\/ul>\n<p>Ein Detail, das du schnell zu sch\u00e4tzen wissen wirst \u2013 besonders bei h\u00e4ufigen Stopps und \u00dcbernachtungen. Bew\u00e4hrt sich sowohl beim Wildcampen im Wald als auch auf gut ausgestatteten Campingpl\u00e4tzen. <\/p>\n","protected":false},"excerpt":{"rendered":"<p>Praktischer Adapter zum Wassernachf\u00fcllen im VW California Dieses kleine, aber durchdachte Zubeh\u00f6r erleichtert den Alltag auf Reisen. Entwickelt f\u00fcr VW California Besitzer, erm\u00f6glicht es das bequeme Bef\u00fcllen des Wassertanks \u2013 auch mit flexiblen Reisebeh\u00e4ltern wie Sea to Summit Wassers\u00e4cken. Dank der perfekten Passform f\u00fcr die serienm\u00e4\u00dfige Einf\u00fcll\u00f6ffnung musst du nicht mit ungew\u00f6hnlichen Aufs\u00e4tzen improvisieren. Du [&hellip;]<\/p>\n","protected":false},"featured_media":1156,"comment_status":"closed","ping_status":"closed","template":"","meta":{"inline_featured_image":false},"product_brand":[],"product_cat":[156],"product_tag":[],"class_list":{"0":"post-1826","1":"product","2":"type-product","3":"status-publish","4":"has-post-thumbnail","6":"product_cat-ausstattung","7":"has-post-title","8":"has-post-date","9":"has-post-category","10":"has-post-tag","11":"has-post-comment","12":"has-post-author","13":"","15":"first","16":"instock","17":"shipping-taxable","18":"purchasable","19":"product-type-simple"},"yoast_head":"<!-- This site is optimized with the Yoast SEO Premium plugin v19.3 (Yoast SEO v27.4) - https:\/\/yoast.com\/product\/yoast-seo-premium-wordpress\/ -->\n<title>California Concept Wassereinf\u00fcllstutzen-Adapter | Sklep California Concept<\/title>\n<meta name=\"description\" content=\"Adapter f\u00fcr den Wassereinf\u00fcllstutzen, perfekt passend f\u00fcr VW California. Kompakt, leicht, erleichtert das Bef\u00fcllen des Wassertanks ohne Versch\u00fctten. Jetzt entdecken!\" \/>\n<meta name=\"robots\" content=\"index, follow, max-snippet:-1, max-image-preview:large, max-video-preview:-1\" \/>\n<link rel=\"canonical\" href=\"https:\/\/california-concept.com\/de\/produkt\/california-concept-wassereinfuellstutzen-adapter\/\" \/>\n<meta property=\"og:locale\" content=\"de_DE\" \/>\n<meta property=\"og:type\" content=\"article\" \/>\n<meta property=\"og:title\" content=\"California Concept Wassereinf\u00fcllstutzen-Adapter\" \/>\n<meta property=\"og:description\" content=\"Adapter f\u00fcr den Wassereinf\u00fcllstutzen, perfekt passend f\u00fcr VW California. Kompakt, leicht, erleichtert das Bef\u00fcllen des Wassertanks ohne Versch\u00fctten. Jetzt entdecken!\" \/>\n<meta property=\"og:url\" content=\"https:\/\/california-concept.com\/de\/produkt\/california-concept-wassereinfuellstutzen-adapter\/\" \/>\n<meta property=\"og:site_name\" content=\"Sklep California Concept\" \/>\n<meta property=\"article:modified_time\" content=\"2026-04-08T13:48:28+00:00\" \/>\n<meta property=\"og:image\" content=\"https:\/\/california-concept.com\/wp-content\/uploads\/2025\/05\/wlew-wody-california-concept.jpg\" \/>\n\t<meta property=\"og:image:width\" content=\"1200\" \/>\n\t<meta property=\"og:image:height\" content=\"1200\" \/>\n\t<meta property=\"og:image:type\" content=\"image\/jpeg\" \/>\n<meta name=\"twitter:card\" content=\"summary_large_image\" \/>\n<meta name=\"twitter:label1\" content=\"Preis\" \/>\n\t<meta name=\"twitter:data1\" content=\"19,20&nbsp;&euro;\" \/>\n\t<meta name=\"twitter:label2\" content=\"Availability\" \/>\n\t<meta name=\"twitter:data2\" content=\"In stock\" \/>\n<script type=\"application\/ld+json\" class=\"yoast-schema-graph\">{\"@context\":\"https:\\\/\\\/schema.org\",\"@graph\":[{\"@type\":\"WebPage\",\"@id\":\"https:\\\/\\\/california-concept.com\\\/de\\\/produkt\\\/california-concept-wassereinfuellstutzen-adapter\\\/\",\"url\":\"https:\\\/\\\/california-concept.com\\\/de\\\/produkt\\\/california-concept-wassereinfuellstutzen-adapter\\\/\",\"name\":\"California Concept Wassereinf\u00fcllstutzen-Adapter | Sklep California Concept\",\"isPartOf\":{\"@id\":\"https:\\\/\\\/california-concept.com\\\/de\\\/#website\"},\"primaryImageOfPage\":{\"@id\":\"https:\\\/\\\/california-concept.com\\\/de\\\/produkt\\\/california-concept-wassereinfuellstutzen-adapter\\\/#primaryimage\"},\"image\":{\"@id\":\"https:\\\/\\\/california-concept.com\\\/de\\\/produkt\\\/california-concept-wassereinfuellstutzen-adapter\\\/#primaryimage\"},\"thumbnailUrl\":\"https:\\\/\\\/california-concept.com\\\/wp-content\\\/uploads\\\/2025\\\/05\\\/wlew-wody-california-concept.jpg\",\"datePublished\":\"2025-05-14T07:48:10+00:00\",\"dateModified\":\"2026-04-08T13:48:28+00:00\",\"description\":\"Adapter f\u00fcr den Wassereinf\u00fcllstutzen, perfekt passend f\u00fcr VW California. Kompakt, leicht, erleichtert das Bef\u00fcllen des Wassertanks ohne Versch\u00fctten. Jetzt entdecken!\",\"breadcrumb\":{\"@id\":\"https:\\\/\\\/california-concept.com\\\/de\\\/produkt\\\/california-concept-wassereinfuellstutzen-adapter\\\/#breadcrumb\"},\"inLanguage\":\"de\",\"potentialAction\":[{\"@type\":\"ReadAction\",\"target\":[\"https:\\\/\\\/california-concept.com\\\/de\\\/produkt\\\/california-concept-wassereinfuellstutzen-adapter\\\/\"]}]},{\"@type\":\"ImageObject\",\"inLanguage\":\"de\",\"@id\":\"https:\\\/\\\/california-concept.com\\\/de\\\/produkt\\\/california-concept-wassereinfuellstutzen-adapter\\\/#primaryimage\",\"url\":\"https:\\\/\\\/california-concept.com\\\/wp-content\\\/uploads\\\/2025\\\/05\\\/wlew-wody-california-concept.jpg\",\"contentUrl\":\"https:\\\/\\\/california-concept.com\\\/wp-content\\\/uploads\\\/2025\\\/05\\\/wlew-wody-california-concept.jpg\",\"width\":1200,\"height\":1200,\"caption\":\"wlewanie wody za pomoca wlewu vw california zdjecie z boku\"},{\"@type\":\"BreadcrumbList\",\"@id\":\"https:\\\/\\\/california-concept.com\\\/de\\\/produkt\\\/california-concept-wassereinfuellstutzen-adapter\\\/#breadcrumb\",\"itemListElement\":[{\"@type\":\"ListItem\",\"position\":1,\"name\":\"Strona g\u0142\u00f3wna\",\"item\":\"https:\\\/\\\/california-concept.com\\\/de\\\/\"},{\"@type\":\"ListItem\",\"position\":2,\"name\":\"Shop\",\"item\":\"https:\\\/\\\/california-concept.com\\\/de\\\/shop\\\/\"},{\"@type\":\"ListItem\",\"position\":3,\"name\":\"California Concept Wassereinf\u00fcllstutzen-Adapter\"}]},{\"@type\":\"WebSite\",\"@id\":\"https:\\\/\\\/california-concept.com\\\/de\\\/#website\",\"url\":\"https:\\\/\\\/california-concept.com\\\/de\\\/\",\"name\":\"Sklep California Concept\",\"description\":\"Akcesoria do Volkswagen California\",\"publisher\":{\"@id\":\"https:\\\/\\\/california-concept.com\\\/de\\\/#organization\"},\"potentialAction\":[{\"@type\":\"SearchAction\",\"target\":{\"@type\":\"EntryPoint\",\"urlTemplate\":\"https:\\\/\\\/california-concept.com\\\/de\\\/?s={search_term_string}\"},\"query-input\":{\"@type\":\"PropertyValueSpecification\",\"valueRequired\":true,\"valueName\":\"search_term_string\"}}],\"inLanguage\":\"de\"},{\"@type\":\"Organization\",\"@id\":\"https:\\\/\\\/california-concept.com\\\/de\\\/#organization\",\"name\":\"Sklep California Concept\",\"url\":\"https:\\\/\\\/california-concept.com\\\/de\\\/\",\"logo\":{\"@type\":\"ImageObject\",\"inLanguage\":\"de\",\"@id\":\"https:\\\/\\\/california-concept.com\\\/de\\\/#\\\/schema\\\/logo\\\/image\\\/\",\"url\":\"https:\\\/\\\/california-concept.com\\\/wp-content\\\/uploads\\\/2025\\\/02\\\/Logo.png\",\"contentUrl\":\"https:\\\/\\\/california-concept.com\\\/wp-content\\\/uploads\\\/2025\\\/02\\\/Logo.png\",\"width\":1000,\"height\":1000,\"caption\":\"Sklep California Concept\"},\"image\":{\"@id\":\"https:\\\/\\\/california-concept.com\\\/de\\\/#\\\/schema\\\/logo\\\/image\\\/\"}}]}<\/script>\n<meta property=\"product:price:amount\" content=\"19.20\" \/>\n<meta property=\"product:price:currency\" content=\"EUR\" \/>\n<meta property=\"og:availability\" content=\"instock\" \/>\n<meta property=\"product:availability\" content=\"instock\" \/>\n<meta property=\"product:condition\" content=\"new\" \/>\n<!-- \/ Yoast SEO Premium plugin. -->","yoast_head_json":{"title":"California Concept Wassereinf\u00fcllstutzen-Adapter | Sklep California Concept","description":"Adapter f\u00fcr den Wassereinf\u00fcllstutzen, perfekt passend f\u00fcr VW California. Kompakt, leicht, erleichtert das Bef\u00fcllen des Wassertanks ohne Versch\u00fctten. Jetzt entdecken!","robots":{"index":"index","follow":"follow","max-snippet":"max-snippet:-1","max-image-preview":"max-image-preview:large","max-video-preview":"max-video-preview:-1"},"canonical":"https:\/\/california-concept.com\/de\/produkt\/california-concept-wassereinfuellstutzen-adapter\/","og_locale":"de_DE","og_type":"article","og_title":"California Concept Wassereinf\u00fcllstutzen-Adapter","og_description":"Adapter f\u00fcr den Wassereinf\u00fcllstutzen, perfekt passend f\u00fcr VW California. Kompakt, leicht, erleichtert das Bef\u00fcllen des Wassertanks ohne Versch\u00fctten. Jetzt entdecken!","og_url":"https:\/\/california-concept.com\/de\/produkt\/california-concept-wassereinfuellstutzen-adapter\/","og_site_name":"Sklep California Concept","article_modified_time":"2026-04-08T13:48:28+00:00","og_image":[{"width":1200,"height":1200,"url":"https:\/\/california-concept.com\/wp-content\/uploads\/2025\/05\/wlew-wody-california-concept.jpg","type":"image\/jpeg"}],"twitter_card":"summary_large_image","twitter_misc":{"Preis":"19,20&nbsp;&euro;","Availability":"In stock"},"schema":{"@context":"https:\/\/schema.org","@graph":[{"@type":"WebPage","@id":"https:\/\/california-concept.com\/de\/produkt\/california-concept-wassereinfuellstutzen-adapter\/","url":"https:\/\/california-concept.com\/de\/produkt\/california-concept-wassereinfuellstutzen-adapter\/","name":"California Concept Wassereinf\u00fcllstutzen-Adapter | Sklep California Concept","isPartOf":{"@id":"https:\/\/california-concept.com\/de\/#website"},"primaryImageOfPage":{"@id":"https:\/\/california-concept.com\/de\/produkt\/california-concept-wassereinfuellstutzen-adapter\/#primaryimage"},"image":{"@id":"https:\/\/california-concept.com\/de\/produkt\/california-concept-wassereinfuellstutzen-adapter\/#primaryimage"},"thumbnailUrl":"https:\/\/california-concept.com\/wp-content\/uploads\/2025\/05\/wlew-wody-california-concept.jpg","datePublished":"2025-05-14T07:48:10+00:00","dateModified":"2026-04-08T13:48:28+00:00","description":"Adapter f\u00fcr den Wassereinf\u00fcllstutzen, perfekt passend f\u00fcr VW California. Kompakt, leicht, erleichtert das Bef\u00fcllen des Wassertanks ohne Versch\u00fctten. Jetzt entdecken!","breadcrumb":{"@id":"https:\/\/california-concept.com\/de\/produkt\/california-concept-wassereinfuellstutzen-adapter\/#breadcrumb"},"inLanguage":"de","potentialAction":[{"@type":"ReadAction","target":["https:\/\/california-concept.com\/de\/produkt\/california-concept-wassereinfuellstutzen-adapter\/"]}]},{"@type":"ImageObject","inLanguage":"de","@id":"https:\/\/california-concept.com\/de\/produkt\/california-concept-wassereinfuellstutzen-adapter\/#primaryimage","url":"https:\/\/california-concept.com\/wp-content\/uploads\/2025\/05\/wlew-wody-california-concept.jpg","contentUrl":"https:\/\/california-concept.com\/wp-content\/uploads\/2025\/05\/wlew-wody-california-concept.jpg","width":1200,"height":1200,"caption":"wlewanie wody za pomoca wlewu vw california zdjecie z boku"},{"@type":"BreadcrumbList","@id":"https:\/\/california-concept.com\/de\/produkt\/california-concept-wassereinfuellstutzen-adapter\/#breadcrumb","itemListElement":[{"@type":"ListItem","position":1,"name":"Strona g\u0142\u00f3wna","item":"https:\/\/california-concept.com\/de\/"},{"@type":"ListItem","position":2,"name":"Shop","item":"https:\/\/california-concept.com\/de\/shop\/"},{"@type":"ListItem","position":3,"name":"California Concept Wassereinf\u00fcllstutzen-Adapter"}]},{"@type":"WebSite","@id":"https:\/\/california-concept.com\/de\/#website","url":"https:\/\/california-concept.com\/de\/","name":"Sklep California Concept","description":"Akcesoria do Volkswagen California","publisher":{"@id":"https:\/\/california-concept.com\/de\/#organization"},"potentialAction":[{"@type":"SearchAction","target":{"@type":"EntryPoint","urlTemplate":"https:\/\/california-concept.com\/de\/?s={search_term_string}"},"query-input":{"@type":"PropertyValueSpecification","valueRequired":true,"valueName":"search_term_string"}}],"inLanguage":"de"},{"@type":"Organization","@id":"https:\/\/california-concept.com\/de\/#organization","name":"Sklep California Concept","url":"https:\/\/california-concept.com\/de\/","logo":{"@type":"ImageObject","inLanguage":"de","@id":"https:\/\/california-concept.com\/de\/#\/schema\/logo\/image\/","url":"https:\/\/california-concept.com\/wp-content\/uploads\/2025\/02\/Logo.png","contentUrl":"https:\/\/california-concept.com\/wp-content\/uploads\/2025\/02\/Logo.png","width":1000,"height":1000,"caption":"Sklep California Concept"},"image":{"@id":"https:\/\/california-concept.com\/de\/#\/schema\/logo\/image\/"}}]},"product_price_amount":"19.20","product_price_currency":"EUR","og_availability":"instock","product_availability":"instock","product_condition":"new"},"builder_content":"","_links":{"self":[{"href":"https:\/\/california-concept.com\/de\/wp-json\/wp\/v2\/product\/1826","targetHints":{"allow":["GET"]}}],"collection":[{"href":"https:\/\/california-concept.com\/de\/wp-json\/wp\/v2\/product"}],"about":[{"href":"https:\/\/california-concept.com\/de\/wp-json\/wp\/v2\/types\/product"}],"replies":[{"embeddable":true,"href":"https:\/\/california-concept.com\/de\/wp-json\/wp\/v2\/comments?post=1826"}],"wp:featuredmedia":[{"embeddable":true,"href":"https:\/\/california-concept.com\/de\/wp-json\/wp\/v2\/media\/1156"}],"wp:attachment":[{"href":"https:\/\/california-concept.com\/de\/wp-json\/wp\/v2\/media?parent=1826"}],"wp:term":[{"taxonomy":"product_brand","embeddable":true,"href":"https:\/\/california-concept.com\/de\/wp-json\/wp\/v2\/product_brand?post=1826"},{"taxonomy":"product_cat","embeddable":true,"href":"https:\/\/california-concept.com\/de\/wp-json\/wp\/v2\/product_cat?post=1826"},{"taxonomy":"product_tag","embeddable":true,"href":"https:\/\/california-concept.com\/de\/wp-json\/wp\/v2\/product_tag?post=1826"}],"curies":[{"name":"wp","href":"https:\/\/api.w.org\/{rel}","templated":true}]}}