{"id":1811,"date":"2025-06-28T10:14:00","date_gmt":"2025-06-28T08:14:00","guid":{"rendered":"https:\/\/california-concept.com\/produkt\/offroad-felge-twin-monotube-projekt-at-8x17\/"},"modified":"2026-04-08T15:47:20","modified_gmt":"2026-04-08T13:47:20","slug":"offroad-felge-twin-monotube-projekt-at-8x17","status":"publish","type":"product","link":"https:\/\/california-concept.com\/de\/produkt\/offroad-felge-twin-monotube-projekt-at-8x17\/","title":{"rendered":"Offroad-Felge TWIN-MONOTUBE-PROJEKT-AT 8&#215;17"},"content":{"rendered":"<p>&nbsp;<\/p>\n<p><strong>Passend f\u00fcr:<\/strong> VW T5, T6, T6.1, Amarok, Mercedes V-Klasse, Vito W447<\/p>\n<h2>Highlights:<\/h2>\n<ul>\n<li>Gr\u00f6\u00dfe: 8&#215;17\u201d, <strong>konkav<\/strong><\/li>\n<li>Farbe: <strong>STONE (Steingrau matt)<\/strong><\/li>\n<li>Traglast bis <strong>1050 kg<\/strong><\/li>\n<li>Austauschbarer <strong>Anfahrschutzring<\/strong><\/li>\n<li>Originale Befestigung \u2013 keine Zentrierringe n\u00f6tig<\/li>\n<li>Kompatibel mit <strong>Eibach Pro Lift Kit<\/strong><\/li>\n<li><strong>T\u00dcV<\/strong>-Gutachten \u2013 zugelassene Reifen: 235\/65\/17, 225\/65\/17<\/li>\n<li><strong>Keine Distanzscheiben n\u00f6tig<\/strong> \u2013 ideales ET<\/li>\n<\/ul>\n<h2>OEM-Qualit\u00e4t \u2013 Produktion ab Dezember 2023<\/h2>\n<p>Ab sofort werden die Felgen von einem renommierten deutschen OEM-Felgenhersteller (Lieferant u.a. f\u00fcr Porsche, BMW und Mercedes) produziert:<\/p>\n<ul>\n<li>Hochwertiges Aluminium mit W\u00e4rmebehandlung<\/li>\n<li>Vollst\u00e4ndige CNC-Bearbeitung und Qualit\u00e4tskontrolle<\/li>\n<li>100% R\u00f6ntgenpr\u00fcfung<\/li>\n<li>4-Schicht-Winterlackierung (CASS-Test)<\/li>\n<li>IATF-, DIN-ISO-, KBA-Zertifikate<\/li>\n<\/ul>\n<h2>Teilenummern:<\/h2>\n<ul>\n<li><strong>AT1-17-STONE-T5-T6.1<\/strong> \u2013 VW T5, T6, T6.1, Amarok<\/li>\n<li><strong>AT1-17-STONE-V447<\/strong> \u2013 Mercedes V-Klasse (mit schwarzen Schrauben)<\/li>\n<li><strong>AT1-17-STONE-MQB<\/strong> \u2013 VW Passat 3C\/B8, Caddy 4\/5 (mit schwarzen Schrauben)<\/li>\n<\/ul>\n<p><em>Hinweis: F\u00fcr Caddy 5 k\u00f6nnen verbreiterte Radl\u00e4ufe erforderlich sein (gem\u00e4\u00df T\u00dcV).<\/em><\/p>\n<h2>Zusammenfassung:<\/h2>\n<p>Die TWIN-MONOTUBE 8&#215;17 Felgen in STONE sind eine Kombination aus Stil, Robustheit und hervorragender Kompatibilit\u00e4t mit deinem Bus. Sie bieten maximale Funktionalit\u00e4t ohne Kompromisse \u2013 sowohl in der Stadt als auch im Gel\u00e4nde. <\/p>\n<div class=\"post-video\"><iframe loading=\"lazy\" title=\"VW T5 T6 T6.1 H\u00f6herlegung Eibach Lift kit + Twin-Monotube-Projekt-AT\" width=\"1165\" height=\"655\" src=\"https:\/\/www.youtube.com\/embed\/ZHPDswSxKRo?feature=oembed\" frameborder=\"0\" allow=\"accelerometer; autoplay; clipboard-write; encrypted-media; gyroscope; picture-in-picture; web-share\" referrerpolicy=\"strict-origin-when-cross-origin\" allowfullscreen><\/iframe><\/div>\n<hr>\n<p><!-- Kr\u00f3tki opis SEO do Yoast --><\/p>\n<p><strong>Kurzbeschreibung f\u00fcr Yoast SEO:<\/strong> Offroad-Felge 8&#215;17\u201d in STONE mit 1050 kg Traglast. F\u00fcr VW T5\/T6\/T6.1, Amarok, Mercedes V-Klasse und Vito. Mit T\u00dcV-Gutachten und Anfahrschutzring.  <\/p>\n<p><!-- S\u0142owa kluczowe SEO --><\/p>\n<p><strong>Schl\u00fcsselw\u00f6rter:<\/strong> Felge 8&#215;17, Offroad-Felge VW T6, Felge Mercedes Vito, Fel<\/p>\n","protected":false},"excerpt":{"rendered":"<p>Offroad-Felge 8&#215;17&#8243; in STONE, T\u00dcV-gepr\u00fcft und mit 1050 kg Traglast. Passend f\u00fcr VW T5\/T6\/T6.1, Amarok und Mercedes Vito. Ideal f\u00fcr Expeditionen und Fahrwerksh\u00f6herlegungen.  <\/p>\n","protected":false},"featured_media":1209,"comment_status":"closed","ping_status":"closed","template":"","meta":{"inline_featured_image":false},"product_brand":[],"product_cat":[152],"product_tag":[],"class_list":{"0":"post-1811","1":"product","2":"type-product","3":"status-publish","4":"has-post-thumbnail","6":"product_cat-felgen","7":"has-post-title","8":"has-post-date","9":"has-post-category","10":"has-post-tag","11":"has-post-comment","12":"has-post-author","13":"","15":"first","16":"instock","17":"shipping-taxable","18":"purchasable","19":"product-type-simple"},"yoast_head":"<!-- This site is optimized with the Yoast SEO Premium plugin v19.3 (Yoast SEO v27.4) - https:\/\/yoast.com\/product\/yoast-seo-premium-wordpress\/ -->\n<title>Offroad-Felge TWIN-MONOTUBE-PROJEKT-AT 8x17 | Sklep California Concept<\/title>\n<meta name=\"description\" content=\"Offroad-Felge TWIN-MONOTUBE 8x17 in STONE, Traglast 1050 kg, T\u00dcV, passend f\u00fcr VW T5, T6, T6.1 und V-Klasse. Ideal f\u00fcr Offroad und Eibach H\u00f6herlegungen.\" \/>\n<meta name=\"robots\" content=\"index, follow, max-snippet:-1, max-image-preview:large, max-video-preview:-1\" \/>\n<link rel=\"canonical\" href=\"https:\/\/california-concept.com\/de\/produkt\/offroad-felge-twin-monotube-projekt-at-8x17\/\" \/>\n<meta property=\"og:locale\" content=\"de_DE\" \/>\n<meta property=\"og:type\" content=\"article\" \/>\n<meta property=\"og:title\" content=\"Offroad-Felge TWIN-MONOTUBE-PROJEKT-AT 8x17\" \/>\n<meta property=\"og:description\" content=\"Offroad-Felge TWIN-MONOTUBE 8x17 in STONE, Traglast 1050 kg, T\u00dcV, passend f\u00fcr VW T5, T6, T6.1 und V-Klasse. Ideal f\u00fcr Offroad und Eibach H\u00f6herlegungen.\" \/>\n<meta property=\"og:url\" content=\"https:\/\/california-concept.com\/de\/produkt\/offroad-felge-twin-monotube-projekt-at-8x17\/\" \/>\n<meta property=\"og:site_name\" content=\"Sklep California Concept\" \/>\n<meta property=\"article:modified_time\" content=\"2026-04-08T13:47:20+00:00\" \/>\n<meta property=\"og:image\" content=\"https:\/\/california-concept.com\/wp-content\/uploads\/2025\/06\/5-szaro-czarna-felhga-vw-.jpg\" \/>\n\t<meta property=\"og:image:width\" content=\"1920\" \/>\n\t<meta property=\"og:image:height\" content=\"1918\" \/>\n\t<meta property=\"og:image:type\" content=\"image\/jpeg\" \/>\n<meta name=\"twitter:card\" content=\"summary_large_image\" \/>\n<meta name=\"twitter:label1\" content=\"Preis\" \/>\n\t<meta name=\"twitter:data1\" content=\"648,00&nbsp;&euro;\" \/>\n\t<meta name=\"twitter:label2\" content=\"Availability\" \/>\n\t<meta name=\"twitter:data2\" content=\"In stock\" \/>\n<script type=\"application\/ld+json\" class=\"yoast-schema-graph\">{\"@context\":\"https:\\\/\\\/schema.org\",\"@graph\":[{\"@type\":\"WebPage\",\"@id\":\"https:\\\/\\\/california-concept.com\\\/de\\\/produkt\\\/offroad-felge-twin-monotube-projekt-at-8x17\\\/\",\"url\":\"https:\\\/\\\/california-concept.com\\\/de\\\/produkt\\\/offroad-felge-twin-monotube-projekt-at-8x17\\\/\",\"name\":\"Offroad-Felge TWIN-MONOTUBE-PROJEKT-AT 8x17 | Sklep California Concept\",\"isPartOf\":{\"@id\":\"https:\\\/\\\/california-concept.com\\\/de\\\/#website\"},\"primaryImageOfPage\":{\"@id\":\"https:\\\/\\\/california-concept.com\\\/de\\\/produkt\\\/offroad-felge-twin-monotube-projekt-at-8x17\\\/#primaryimage\"},\"image\":{\"@id\":\"https:\\\/\\\/california-concept.com\\\/de\\\/produkt\\\/offroad-felge-twin-monotube-projekt-at-8x17\\\/#primaryimage\"},\"thumbnailUrl\":\"https:\\\/\\\/california-concept.com\\\/wp-content\\\/uploads\\\/2025\\\/06\\\/5-szaro-czarna-felhga-vw-.jpg\",\"datePublished\":\"2025-06-28T08:14:00+00:00\",\"dateModified\":\"2026-04-08T13:47:20+00:00\",\"description\":\"Offroad-Felge TWIN-MONOTUBE 8x17 in STONE, Traglast 1050 kg, T\u00dcV, passend f\u00fcr VW T5, T6, T6.1 und V-Klasse. Ideal f\u00fcr Offroad und Eibach H\u00f6herlegungen.\",\"breadcrumb\":{\"@id\":\"https:\\\/\\\/california-concept.com\\\/de\\\/produkt\\\/offroad-felge-twin-monotube-projekt-at-8x17\\\/#breadcrumb\"},\"inLanguage\":\"de\",\"potentialAction\":[{\"@type\":\"ReadAction\",\"target\":[\"https:\\\/\\\/california-concept.com\\\/de\\\/produkt\\\/offroad-felge-twin-monotube-projekt-at-8x17\\\/\"]}]},{\"@type\":\"ImageObject\",\"inLanguage\":\"de\",\"@id\":\"https:\\\/\\\/california-concept.com\\\/de\\\/produkt\\\/offroad-felge-twin-monotube-projekt-at-8x17\\\/#primaryimage\",\"url\":\"https:\\\/\\\/california-concept.com\\\/wp-content\\\/uploads\\\/2025\\\/06\\\/5-szaro-czarna-felhga-vw-.jpg\",\"contentUrl\":\"https:\\\/\\\/california-concept.com\\\/wp-content\\\/uploads\\\/2025\\\/06\\\/5-szaro-czarna-felhga-vw-.jpg\",\"width\":1920,\"height\":1918,\"caption\":\"szaro czarna felga vw\"},{\"@type\":\"BreadcrumbList\",\"@id\":\"https:\\\/\\\/california-concept.com\\\/de\\\/produkt\\\/offroad-felge-twin-monotube-projekt-at-8x17\\\/#breadcrumb\",\"itemListElement\":[{\"@type\":\"ListItem\",\"position\":1,\"name\":\"Strona g\u0142\u00f3wna\",\"item\":\"https:\\\/\\\/california-concept.com\\\/de\\\/\"},{\"@type\":\"ListItem\",\"position\":2,\"name\":\"Shop\",\"item\":\"https:\\\/\\\/california-concept.com\\\/de\\\/shop\\\/\"},{\"@type\":\"ListItem\",\"position\":3,\"name\":\"Offroad-Felge TWIN-MONOTUBE-PROJEKT-AT 8&#215;17\"}]},{\"@type\":\"WebSite\",\"@id\":\"https:\\\/\\\/california-concept.com\\\/de\\\/#website\",\"url\":\"https:\\\/\\\/california-concept.com\\\/de\\\/\",\"name\":\"Sklep California Concept\",\"description\":\"Akcesoria do Volkswagen California\",\"publisher\":{\"@id\":\"https:\\\/\\\/california-concept.com\\\/de\\\/#organization\"},\"potentialAction\":[{\"@type\":\"SearchAction\",\"target\":{\"@type\":\"EntryPoint\",\"urlTemplate\":\"https:\\\/\\\/california-concept.com\\\/de\\\/?s={search_term_string}\"},\"query-input\":{\"@type\":\"PropertyValueSpecification\",\"valueRequired\":true,\"valueName\":\"search_term_string\"}}],\"inLanguage\":\"de\"},{\"@type\":\"Organization\",\"@id\":\"https:\\\/\\\/california-concept.com\\\/de\\\/#organization\",\"name\":\"Sklep California Concept\",\"url\":\"https:\\\/\\\/california-concept.com\\\/de\\\/\",\"logo\":{\"@type\":\"ImageObject\",\"inLanguage\":\"de\",\"@id\":\"https:\\\/\\\/california-concept.com\\\/de\\\/#\\\/schema\\\/logo\\\/image\\\/\",\"url\":\"https:\\\/\\\/california-concept.com\\\/wp-content\\\/uploads\\\/2025\\\/02\\\/Logo.png\",\"contentUrl\":\"https:\\\/\\\/california-concept.com\\\/wp-content\\\/uploads\\\/2025\\\/02\\\/Logo.png\",\"width\":1000,\"height\":1000,\"caption\":\"Sklep California Concept\"},\"image\":{\"@id\":\"https:\\\/\\\/california-concept.com\\\/de\\\/#\\\/schema\\\/logo\\\/image\\\/\"}}]}<\/script>\n<meta property=\"product:price:amount\" content=\"648.00\" \/>\n<meta property=\"product:price:currency\" content=\"EUR\" \/>\n<meta property=\"og:availability\" content=\"instock\" \/>\n<meta property=\"product:availability\" content=\"instock\" \/>\n<meta property=\"product:condition\" content=\"new\" \/>\n<!-- \/ Yoast SEO Premium plugin. -->","yoast_head_json":{"title":"Offroad-Felge TWIN-MONOTUBE-PROJEKT-AT 8x17 | Sklep California Concept","description":"Offroad-Felge TWIN-MONOTUBE 8x17 in STONE, Traglast 1050 kg, T\u00dcV, passend f\u00fcr VW T5, T6, T6.1 und V-Klasse. Ideal f\u00fcr Offroad und Eibach H\u00f6herlegungen.","robots":{"index":"index","follow":"follow","max-snippet":"max-snippet:-1","max-image-preview":"max-image-preview:large","max-video-preview":"max-video-preview:-1"},"canonical":"https:\/\/california-concept.com\/de\/produkt\/offroad-felge-twin-monotube-projekt-at-8x17\/","og_locale":"de_DE","og_type":"article","og_title":"Offroad-Felge TWIN-MONOTUBE-PROJEKT-AT 8x17","og_description":"Offroad-Felge TWIN-MONOTUBE 8x17 in STONE, Traglast 1050 kg, T\u00dcV, passend f\u00fcr VW T5, T6, T6.1 und V-Klasse. Ideal f\u00fcr Offroad und Eibach H\u00f6herlegungen.","og_url":"https:\/\/california-concept.com\/de\/produkt\/offroad-felge-twin-monotube-projekt-at-8x17\/","og_site_name":"Sklep California Concept","article_modified_time":"2026-04-08T13:47:20+00:00","og_image":[{"width":1920,"height":1918,"url":"https:\/\/california-concept.com\/wp-content\/uploads\/2025\/06\/5-szaro-czarna-felhga-vw-.jpg","type":"image\/jpeg"}],"twitter_card":"summary_large_image","twitter_misc":{"Preis":"648,00&nbsp;&euro;","Availability":"In stock"},"schema":{"@context":"https:\/\/schema.org","@graph":[{"@type":"WebPage","@id":"https:\/\/california-concept.com\/de\/produkt\/offroad-felge-twin-monotube-projekt-at-8x17\/","url":"https:\/\/california-concept.com\/de\/produkt\/offroad-felge-twin-monotube-projekt-at-8x17\/","name":"Offroad-Felge TWIN-MONOTUBE-PROJEKT-AT 8x17 | Sklep California Concept","isPartOf":{"@id":"https:\/\/california-concept.com\/de\/#website"},"primaryImageOfPage":{"@id":"https:\/\/california-concept.com\/de\/produkt\/offroad-felge-twin-monotube-projekt-at-8x17\/#primaryimage"},"image":{"@id":"https:\/\/california-concept.com\/de\/produkt\/offroad-felge-twin-monotube-projekt-at-8x17\/#primaryimage"},"thumbnailUrl":"https:\/\/california-concept.com\/wp-content\/uploads\/2025\/06\/5-szaro-czarna-felhga-vw-.jpg","datePublished":"2025-06-28T08:14:00+00:00","dateModified":"2026-04-08T13:47:20+00:00","description":"Offroad-Felge TWIN-MONOTUBE 8x17 in STONE, Traglast 1050 kg, T\u00dcV, passend f\u00fcr VW T5, T6, T6.1 und V-Klasse. Ideal f\u00fcr Offroad und Eibach H\u00f6herlegungen.","breadcrumb":{"@id":"https:\/\/california-concept.com\/de\/produkt\/offroad-felge-twin-monotube-projekt-at-8x17\/#breadcrumb"},"inLanguage":"de","potentialAction":[{"@type":"ReadAction","target":["https:\/\/california-concept.com\/de\/produkt\/offroad-felge-twin-monotube-projekt-at-8x17\/"]}]},{"@type":"ImageObject","inLanguage":"de","@id":"https:\/\/california-concept.com\/de\/produkt\/offroad-felge-twin-monotube-projekt-at-8x17\/#primaryimage","url":"https:\/\/california-concept.com\/wp-content\/uploads\/2025\/06\/5-szaro-czarna-felhga-vw-.jpg","contentUrl":"https:\/\/california-concept.com\/wp-content\/uploads\/2025\/06\/5-szaro-czarna-felhga-vw-.jpg","width":1920,"height":1918,"caption":"szaro czarna felga vw"},{"@type":"BreadcrumbList","@id":"https:\/\/california-concept.com\/de\/produkt\/offroad-felge-twin-monotube-projekt-at-8x17\/#breadcrumb","itemListElement":[{"@type":"ListItem","position":1,"name":"Strona g\u0142\u00f3wna","item":"https:\/\/california-concept.com\/de\/"},{"@type":"ListItem","position":2,"name":"Shop","item":"https:\/\/california-concept.com\/de\/shop\/"},{"@type":"ListItem","position":3,"name":"Offroad-Felge TWIN-MONOTUBE-PROJEKT-AT 8&#215;17"}]},{"@type":"WebSite","@id":"https:\/\/california-concept.com\/de\/#website","url":"https:\/\/california-concept.com\/de\/","name":"Sklep California Concept","description":"Akcesoria do Volkswagen California","publisher":{"@id":"https:\/\/california-concept.com\/de\/#organization"},"potentialAction":[{"@type":"SearchAction","target":{"@type":"EntryPoint","urlTemplate":"https:\/\/california-concept.com\/de\/?s={search_term_string}"},"query-input":{"@type":"PropertyValueSpecification","valueRequired":true,"valueName":"search_term_string"}}],"inLanguage":"de"},{"@type":"Organization","@id":"https:\/\/california-concept.com\/de\/#organization","name":"Sklep California Concept","url":"https:\/\/california-concept.com\/de\/","logo":{"@type":"ImageObject","inLanguage":"de","@id":"https:\/\/california-concept.com\/de\/#\/schema\/logo\/image\/","url":"https:\/\/california-concept.com\/wp-content\/uploads\/2025\/02\/Logo.png","contentUrl":"https:\/\/california-concept.com\/wp-content\/uploads\/2025\/02\/Logo.png","width":1000,"height":1000,"caption":"Sklep California Concept"},"image":{"@id":"https:\/\/california-concept.com\/de\/#\/schema\/logo\/image\/"}}]},"product_price_amount":"648.00","product_price_currency":"EUR","og_availability":"instock","product_availability":"instock","product_condition":"new"},"builder_content":"","_links":{"self":[{"href":"https:\/\/california-concept.com\/de\/wp-json\/wp\/v2\/product\/1811","targetHints":{"allow":["GET"]}}],"collection":[{"href":"https:\/\/california-concept.com\/de\/wp-json\/wp\/v2\/product"}],"about":[{"href":"https:\/\/california-concept.com\/de\/wp-json\/wp\/v2\/types\/product"}],"replies":[{"embeddable":true,"href":"https:\/\/california-concept.com\/de\/wp-json\/wp\/v2\/comments?post=1811"}],"wp:featuredmedia":[{"embeddable":true,"href":"https:\/\/california-concept.com\/de\/wp-json\/wp\/v2\/media\/1209"}],"wp:attachment":[{"href":"https:\/\/california-concept.com\/de\/wp-json\/wp\/v2\/media?parent=1811"}],"wp:term":[{"taxonomy":"product_brand","embeddable":true,"href":"https:\/\/california-concept.com\/de\/wp-json\/wp\/v2\/product_brand?post=1811"},{"taxonomy":"product_cat","embeddable":true,"href":"https:\/\/california-concept.com\/de\/wp-json\/wp\/v2\/product_cat?post=1811"},{"taxonomy":"product_tag","embeddable":true,"href":"https:\/\/california-concept.com\/de\/wp-json\/wp\/v2\/product_tag?post=1811"}],"curies":[{"name":"wp","href":"https:\/\/api.w.org\/{rel}","templated":true}]}}