{"id":1793,"date":"2025-06-07T14:18:42","date_gmt":"2025-06-07T12:18:42","guid":{"rendered":"https:\/\/california-concept.com\/produkt\/kfz-solarpanel-flex-100-w-vw-california-t5-t6-t6-1\/"},"modified":"2026-04-08T15:47:16","modified_gmt":"2026-04-08T13:47:16","slug":"kfz-solarpanel-flex-100-w-vw-california-t5-t6-t6-1","status":"publish","type":"product","link":"https:\/\/california-concept.com\/de\/produkt\/kfz-solarpanel-flex-100-w-vw-california-t5-t6-t6-1\/","title":{"rendered":"Kfz-Solarpanel Flex 100 W VW California T5, T6, T6.1"},"content":{"rendered":"<h3>Du m\u00f6chtest mehr Energie? F\u00fcge ein drittes Panel hinzu und erh\u00f6he die Systemleistung auf 300 W. <\/h3>\n<p>Das Flex Panel System ist so konzipiert, dass es einfach erweiterbar ist \u2013 wenn du mehr Leistung ben\u00f6tigst, f\u00fcge einfach ein drittes Solarpanel zusammen mit der passenden Montageplatte und dem Anschlusskabel hinzu.<\/p>\n<p>Dadurch erh\u00f6hst du die Gesamtleistung des Systems auf <strong>300 W<\/strong>, was l\u00e4ngere Standzeiten, eine intensivere Nutzung von Ger\u00e4ten und noch mehr Unabh\u00e4ngigkeit auf Reisen erm\u00f6glicht.<\/p>\n<h3>Warum solltest du das System auf 300 W erweitern?<\/h3>\n<p>Unter realen Sonnenlichtbedingungen h\u00e4lt das 300-W-Set \u00fcber den Gro\u00dfteil des Tages eine konstante Leistung von etwa 200 W aufrecht. Das sind bis zu 4 Stunden effektiveres Laden im Vergleich zur 200-W-Version \u2013 besonders wichtig, wenn du: <\/p>\n<ul>\n<li>gr\u00f6\u00dfere Powerstations laden m\u00f6chtest, z. B. <strong><a href=\"https:\/\/california-concept.com\/produkt\/ecoflow-delta-3\/\">EcoFlow DELTA 3<\/a><\/strong>,<\/li>\n<li>K\u00fchlschrank, LED-Beleuchtung und Ladeger\u00e4te f\u00fcr pers\u00f6nliche Ger\u00e4te gleichzeitig nutzen m\u00f6chtest,<\/li>\n<li>den Energiepuffer f\u00fcr Abend und Nacht erh\u00f6hen m\u00f6chtest,<\/li>\n<li>l\u00e4nger stehen bleiben m\u00f6chtest \u2013 ohne Kompromisse und ohne Eile.<\/li>\n<\/ul>\n<p>Dies ist die L\u00f6sung f\u00fcr diejenigen, die von ihrem Camper maximale Funktionalit\u00e4t erwarten \u2013 auch wenn das Wetter nicht ideal ist.<\/p>\n<h3>Was beinhaltet die zus\u00e4tzliche Erweiterungssektion f\u00fcr das 300-W-Set?<\/h3>\n<ul>\n<li>flexibles 100-W-Photovoltaikpanel,<\/li>\n<li>spezielle Montageplatte, passend zum Flex System,<\/li>\n<li>Solarkabel zum Anschluss des dritten Panels.<\/li>\n<\/ul>\n<p>Alle Komponenten wurden pr\u00e4zise ausgew\u00e4hlt, um die visuelle und funktionale Konsistenz mit den anderen Systemelementen zu gew\u00e4hrleisten. Wenn dein Reisestil mehr Energie erfordert \u2013 dann ist dieser Abschnitt f\u00fcr dich. <\/p>\n","protected":false},"excerpt":{"rendered":"<div class=\"product-description\">\n<p>Hohe Effizienz der Kfz-Photovoltaikpaneele VW California<\/p>\n<ul>\n<li><strong>Leichte Bauweise:<\/strong> Das Solarpanel ist nur 4 mm dick und wiegt 6 kg<\/li>\n<li><strong>Einfache Installation:<\/strong> Die Montage des zus\u00e4tzlichen Panels dauert 120 Minuten, ohne Eingriff in die Fahrzeugstruktur. Keine Beeintr\u00e4chtigung der Garantie.<\/li>\n<li><strong>App-Steuerung:<\/strong> Volle Kontrolle \u00fcber das Solarpanel-System mit einer dedizierten mobilen App.<\/li>\n<li><strong>Robustheit:<\/strong> Die Paneele bew\u00e4hren sich auch unter schwierigen Wetterbedingungen. Wasserdichtigkeit nach IP68 <\/li>\n<\/ul>\n<\/div>\n","protected":false},"featured_media":1794,"comment_status":"closed","ping_status":"closed","template":"","meta":{"inline_featured_image":false},"product_brand":[],"product_cat":[97],"product_tag":[],"class_list":{"0":"post-1793","1":"product","2":"type-product","3":"status-publish","4":"has-post-thumbnail","6":"product_cat-solarpanele","7":"has-post-title","8":"has-post-date","9":"has-post-category","10":"has-post-tag","11":"has-post-comment","12":"has-post-author","13":"","15":"first","16":"instock","17":"shipping-taxable","18":"purchasable","19":"product-type-simple"},"yoast_head":"<!-- This site is optimized with the Yoast SEO Premium plugin v19.3 (Yoast SEO v27.4) - https:\/\/yoast.com\/product\/yoast-seo-premium-wordpress\/ -->\n<title>Kfz-Solarpanel Flex 100 W VW California T5, T6, T6.1 | Sklep California Concept<\/title>\n<meta name=\"description\" content=\"Erweitere die Leistung deines Flex Panel Systems auf 300 W und erhalte den Gro\u00dfteil des Tages eine stabile Ladung. Die ideale L\u00f6sung f\u00fcr deinen VW California \u2013 ohne Einschr\u00e4nkungen.\" \/>\n<meta name=\"robots\" content=\"index, follow, max-snippet:-1, max-image-preview:large, max-video-preview:-1\" \/>\n<link rel=\"canonical\" href=\"https:\/\/california-concept.com\/de\/produkt\/kfz-solarpanel-flex-100-w-vw-california-t5-t6-t6-1\/\" \/>\n<meta property=\"og:locale\" content=\"de_DE\" \/>\n<meta property=\"og:type\" content=\"article\" \/>\n<meta property=\"og:title\" content=\"Kfz-Solarpanel Flex 100 W VW California T5, T6, T6.1\" \/>\n<meta property=\"og:description\" content=\"Erweitere die Leistung deines Flex Panel Systems auf 300 W und erhalte den Gro\u00dfteil des Tages eine stabile Ladung. Die ideale L\u00f6sung f\u00fcr deinen VW California \u2013 ohne Einschr\u00e4nkungen.\" \/>\n<meta property=\"og:url\" content=\"https:\/\/california-concept.com\/de\/produkt\/kfz-solarpanel-flex-100-w-vw-california-t5-t6-t6-1\/\" \/>\n<meta property=\"og:site_name\" content=\"Sklep California Concept\" \/>\n<meta property=\"article:modified_time\" content=\"2026-04-08T13:47:16+00:00\" \/>\n<meta property=\"og:image\" content=\"https:\/\/california-concept.com\/wp-content\/uploads\/2025\/06\/100W-panel-.jpg\" \/>\n\t<meta property=\"og:image:width\" content=\"1489\" \/>\n\t<meta property=\"og:image:height\" content=\"1489\" \/>\n\t<meta property=\"og:image:type\" content=\"image\/jpeg\" \/>\n<meta name=\"twitter:card\" content=\"summary_large_image\" \/>\n<meta name=\"twitter:label1\" content=\"Preis\" \/>\n\t<meta name=\"twitter:data1\" content=\"453,60&nbsp;&euro;\" \/>\n\t<meta name=\"twitter:label2\" content=\"Availability\" \/>\n\t<meta name=\"twitter:data2\" content=\"In stock\" \/>\n<script type=\"application\/ld+json\" class=\"yoast-schema-graph\">{\"@context\":\"https:\\\/\\\/schema.org\",\"@graph\":[{\"@type\":\"WebPage\",\"@id\":\"https:\\\/\\\/california-concept.com\\\/de\\\/produkt\\\/kfz-solarpanel-flex-100-w-vw-california-t5-t6-t6-1\\\/\",\"url\":\"https:\\\/\\\/california-concept.com\\\/de\\\/produkt\\\/kfz-solarpanel-flex-100-w-vw-california-t5-t6-t6-1\\\/\",\"name\":\"Kfz-Solarpanel Flex 100 W VW California T5, T6, T6.1 | Sklep California Concept\",\"isPartOf\":{\"@id\":\"https:\\\/\\\/california-concept.com\\\/de\\\/#website\"},\"primaryImageOfPage\":{\"@id\":\"https:\\\/\\\/california-concept.com\\\/de\\\/produkt\\\/kfz-solarpanel-flex-100-w-vw-california-t5-t6-t6-1\\\/#primaryimage\"},\"image\":{\"@id\":\"https:\\\/\\\/california-concept.com\\\/de\\\/produkt\\\/kfz-solarpanel-flex-100-w-vw-california-t5-t6-t6-1\\\/#primaryimage\"},\"thumbnailUrl\":\"https:\\\/\\\/california-concept.com\\\/wp-content\\\/uploads\\\/2025\\\/06\\\/100W-panel-.jpg\",\"datePublished\":\"2025-06-07T12:18:42+00:00\",\"dateModified\":\"2026-04-08T13:47:16+00:00\",\"description\":\"Erweitere die Leistung deines Flex Panel Systems auf 300 W und erhalte den Gro\u00dfteil des Tages eine stabile Ladung. Die ideale L\u00f6sung f\u00fcr deinen VW California \u2013 ohne Einschr\u00e4nkungen.\",\"breadcrumb\":{\"@id\":\"https:\\\/\\\/california-concept.com\\\/de\\\/produkt\\\/kfz-solarpanel-flex-100-w-vw-california-t5-t6-t6-1\\\/#breadcrumb\"},\"inLanguage\":\"de\",\"potentialAction\":[{\"@type\":\"ReadAction\",\"target\":[\"https:\\\/\\\/california-concept.com\\\/de\\\/produkt\\\/kfz-solarpanel-flex-100-w-vw-california-t5-t6-t6-1\\\/\"]}]},{\"@type\":\"ImageObject\",\"inLanguage\":\"de\",\"@id\":\"https:\\\/\\\/california-concept.com\\\/de\\\/produkt\\\/kfz-solarpanel-flex-100-w-vw-california-t5-t6-t6-1\\\/#primaryimage\",\"url\":\"https:\\\/\\\/california-concept.com\\\/wp-content\\\/uploads\\\/2025\\\/06\\\/100W-panel-.jpg\",\"contentUrl\":\"https:\\\/\\\/california-concept.com\\\/wp-content\\\/uploads\\\/2025\\\/06\\\/100W-panel-.jpg\",\"width\":1489,\"height\":1489},{\"@type\":\"BreadcrumbList\",\"@id\":\"https:\\\/\\\/california-concept.com\\\/de\\\/produkt\\\/kfz-solarpanel-flex-100-w-vw-california-t5-t6-t6-1\\\/#breadcrumb\",\"itemListElement\":[{\"@type\":\"ListItem\",\"position\":1,\"name\":\"Strona g\u0142\u00f3wna\",\"item\":\"https:\\\/\\\/california-concept.com\\\/de\\\/\"},{\"@type\":\"ListItem\",\"position\":2,\"name\":\"Shop\",\"item\":\"https:\\\/\\\/california-concept.com\\\/de\\\/shop\\\/\"},{\"@type\":\"ListItem\",\"position\":3,\"name\":\"Kfz-Solarpanel Flex 100 W&nbsp;VW California T5, T6, T6.1\"}]},{\"@type\":\"WebSite\",\"@id\":\"https:\\\/\\\/california-concept.com\\\/de\\\/#website\",\"url\":\"https:\\\/\\\/california-concept.com\\\/de\\\/\",\"name\":\"Sklep California Concept\",\"description\":\"Akcesoria do Volkswagen California\",\"publisher\":{\"@id\":\"https:\\\/\\\/california-concept.com\\\/de\\\/#organization\"},\"potentialAction\":[{\"@type\":\"SearchAction\",\"target\":{\"@type\":\"EntryPoint\",\"urlTemplate\":\"https:\\\/\\\/california-concept.com\\\/de\\\/?s={search_term_string}\"},\"query-input\":{\"@type\":\"PropertyValueSpecification\",\"valueRequired\":true,\"valueName\":\"search_term_string\"}}],\"inLanguage\":\"de\"},{\"@type\":\"Organization\",\"@id\":\"https:\\\/\\\/california-concept.com\\\/de\\\/#organization\",\"name\":\"Sklep California Concept\",\"url\":\"https:\\\/\\\/california-concept.com\\\/de\\\/\",\"logo\":{\"@type\":\"ImageObject\",\"inLanguage\":\"de\",\"@id\":\"https:\\\/\\\/california-concept.com\\\/de\\\/#\\\/schema\\\/logo\\\/image\\\/\",\"url\":\"https:\\\/\\\/california-concept.com\\\/wp-content\\\/uploads\\\/2025\\\/02\\\/Logo.png\",\"contentUrl\":\"https:\\\/\\\/california-concept.com\\\/wp-content\\\/uploads\\\/2025\\\/02\\\/Logo.png\",\"width\":1000,\"height\":1000,\"caption\":\"Sklep California Concept\"},\"image\":{\"@id\":\"https:\\\/\\\/california-concept.com\\\/de\\\/#\\\/schema\\\/logo\\\/image\\\/\"}}]}<\/script>\n<meta property=\"product:price:amount\" content=\"453.60\" \/>\n<meta property=\"product:price:currency\" content=\"EUR\" \/>\n<meta property=\"og:availability\" content=\"instock\" \/>\n<meta property=\"product:availability\" content=\"instock\" \/>\n<meta property=\"product:condition\" content=\"new\" \/>\n<!-- \/ Yoast SEO Premium plugin. -->","yoast_head_json":{"title":"Kfz-Solarpanel Flex 100 W VW California T5, T6, T6.1 | Sklep California Concept","description":"Erweitere die Leistung deines Flex Panel Systems auf 300 W und erhalte den Gro\u00dfteil des Tages eine stabile Ladung. Die ideale L\u00f6sung f\u00fcr deinen VW California \u2013 ohne Einschr\u00e4nkungen.","robots":{"index":"index","follow":"follow","max-snippet":"max-snippet:-1","max-image-preview":"max-image-preview:large","max-video-preview":"max-video-preview:-1"},"canonical":"https:\/\/california-concept.com\/de\/produkt\/kfz-solarpanel-flex-100-w-vw-california-t5-t6-t6-1\/","og_locale":"de_DE","og_type":"article","og_title":"Kfz-Solarpanel Flex 100 W VW California T5, T6, T6.1","og_description":"Erweitere die Leistung deines Flex Panel Systems auf 300 W und erhalte den Gro\u00dfteil des Tages eine stabile Ladung. Die ideale L\u00f6sung f\u00fcr deinen VW California \u2013 ohne Einschr\u00e4nkungen.","og_url":"https:\/\/california-concept.com\/de\/produkt\/kfz-solarpanel-flex-100-w-vw-california-t5-t6-t6-1\/","og_site_name":"Sklep California Concept","article_modified_time":"2026-04-08T13:47:16+00:00","og_image":[{"width":1489,"height":1489,"url":"https:\/\/california-concept.com\/wp-content\/uploads\/2025\/06\/100W-panel-.jpg","type":"image\/jpeg"}],"twitter_card":"summary_large_image","twitter_misc":{"Preis":"453,60&nbsp;&euro;","Availability":"In stock"},"schema":{"@context":"https:\/\/schema.org","@graph":[{"@type":"WebPage","@id":"https:\/\/california-concept.com\/de\/produkt\/kfz-solarpanel-flex-100-w-vw-california-t5-t6-t6-1\/","url":"https:\/\/california-concept.com\/de\/produkt\/kfz-solarpanel-flex-100-w-vw-california-t5-t6-t6-1\/","name":"Kfz-Solarpanel Flex 100 W VW California T5, T6, T6.1 | Sklep California Concept","isPartOf":{"@id":"https:\/\/california-concept.com\/de\/#website"},"primaryImageOfPage":{"@id":"https:\/\/california-concept.com\/de\/produkt\/kfz-solarpanel-flex-100-w-vw-california-t5-t6-t6-1\/#primaryimage"},"image":{"@id":"https:\/\/california-concept.com\/de\/produkt\/kfz-solarpanel-flex-100-w-vw-california-t5-t6-t6-1\/#primaryimage"},"thumbnailUrl":"https:\/\/california-concept.com\/wp-content\/uploads\/2025\/06\/100W-panel-.jpg","datePublished":"2025-06-07T12:18:42+00:00","dateModified":"2026-04-08T13:47:16+00:00","description":"Erweitere die Leistung deines Flex Panel Systems auf 300 W und erhalte den Gro\u00dfteil des Tages eine stabile Ladung. Die ideale L\u00f6sung f\u00fcr deinen VW California \u2013 ohne Einschr\u00e4nkungen.","breadcrumb":{"@id":"https:\/\/california-concept.com\/de\/produkt\/kfz-solarpanel-flex-100-w-vw-california-t5-t6-t6-1\/#breadcrumb"},"inLanguage":"de","potentialAction":[{"@type":"ReadAction","target":["https:\/\/california-concept.com\/de\/produkt\/kfz-solarpanel-flex-100-w-vw-california-t5-t6-t6-1\/"]}]},{"@type":"ImageObject","inLanguage":"de","@id":"https:\/\/california-concept.com\/de\/produkt\/kfz-solarpanel-flex-100-w-vw-california-t5-t6-t6-1\/#primaryimage","url":"https:\/\/california-concept.com\/wp-content\/uploads\/2025\/06\/100W-panel-.jpg","contentUrl":"https:\/\/california-concept.com\/wp-content\/uploads\/2025\/06\/100W-panel-.jpg","width":1489,"height":1489},{"@type":"BreadcrumbList","@id":"https:\/\/california-concept.com\/de\/produkt\/kfz-solarpanel-flex-100-w-vw-california-t5-t6-t6-1\/#breadcrumb","itemListElement":[{"@type":"ListItem","position":1,"name":"Strona g\u0142\u00f3wna","item":"https:\/\/california-concept.com\/de\/"},{"@type":"ListItem","position":2,"name":"Shop","item":"https:\/\/california-concept.com\/de\/shop\/"},{"@type":"ListItem","position":3,"name":"Kfz-Solarpanel Flex 100 W&nbsp;VW California T5, T6, T6.1"}]},{"@type":"WebSite","@id":"https:\/\/california-concept.com\/de\/#website","url":"https:\/\/california-concept.com\/de\/","name":"Sklep California Concept","description":"Akcesoria do Volkswagen California","publisher":{"@id":"https:\/\/california-concept.com\/de\/#organization"},"potentialAction":[{"@type":"SearchAction","target":{"@type":"EntryPoint","urlTemplate":"https:\/\/california-concept.com\/de\/?s={search_term_string}"},"query-input":{"@type":"PropertyValueSpecification","valueRequired":true,"valueName":"search_term_string"}}],"inLanguage":"de"},{"@type":"Organization","@id":"https:\/\/california-concept.com\/de\/#organization","name":"Sklep California Concept","url":"https:\/\/california-concept.com\/de\/","logo":{"@type":"ImageObject","inLanguage":"de","@id":"https:\/\/california-concept.com\/de\/#\/schema\/logo\/image\/","url":"https:\/\/california-concept.com\/wp-content\/uploads\/2025\/02\/Logo.png","contentUrl":"https:\/\/california-concept.com\/wp-content\/uploads\/2025\/02\/Logo.png","width":1000,"height":1000,"caption":"Sklep California Concept"},"image":{"@id":"https:\/\/california-concept.com\/de\/#\/schema\/logo\/image\/"}}]},"product_price_amount":"453.60","product_price_currency":"EUR","og_availability":"instock","product_availability":"instock","product_condition":"new"},"builder_content":"","_links":{"self":[{"href":"https:\/\/california-concept.com\/de\/wp-json\/wp\/v2\/product\/1793","targetHints":{"allow":["GET"]}}],"collection":[{"href":"https:\/\/california-concept.com\/de\/wp-json\/wp\/v2\/product"}],"about":[{"href":"https:\/\/california-concept.com\/de\/wp-json\/wp\/v2\/types\/product"}],"replies":[{"embeddable":true,"href":"https:\/\/california-concept.com\/de\/wp-json\/wp\/v2\/comments?post=1793"}],"wp:featuredmedia":[{"embeddable":true,"href":"https:\/\/california-concept.com\/de\/wp-json\/wp\/v2\/media\/1794"}],"wp:attachment":[{"href":"https:\/\/california-concept.com\/de\/wp-json\/wp\/v2\/media?parent=1793"}],"wp:term":[{"taxonomy":"product_brand","embeddable":true,"href":"https:\/\/california-concept.com\/de\/wp-json\/wp\/v2\/product_brand?post=1793"},{"taxonomy":"product_cat","embeddable":true,"href":"https:\/\/california-concept.com\/de\/wp-json\/wp\/v2\/product_cat?post=1793"},{"taxonomy":"product_tag","embeddable":true,"href":"https:\/\/california-concept.com\/de\/wp-json\/wp\/v2\/product_tag?post=1793"}],"curies":[{"name":"wp","href":"https:\/\/api.w.org\/{rel}","templated":true}]}}