{"id":1599,"date":"2025-02-08T11:59:04","date_gmt":"2025-02-08T10:59:04","guid":{"rendered":"https:\/\/california-concept.com\/produkt\/twin-monotube-projekt-lift-gewindefahrwerk-fuer-vw-t5-t6-und-t6-1-ohne-dcc\/"},"modified":"2026-04-08T12:40:34","modified_gmt":"2026-04-08T10:40:34","slug":"twin-monotube-projekt-lift-gewindefahrwerk-fuer-vw-t5-t6-und-t6-1-ohne-dcc","status":"publish","type":"product","link":"https:\/\/california-concept.com\/de\/produkt\/twin-monotube-projekt-lift-gewindefahrwerk-fuer-vw-t5-t6-und-t6-1-ohne-dcc\/","title":{"rendered":"Twin Monotube Projekt Lift Gewindefahrwerk f\u00fcr VW T5, T6 und T6.1 ohne DCC"},"content":{"rendered":"<h2>Die wichtigsten Produktvorteile<\/h2>\n<p>Pr\u00e4zise H\u00f6henverstellung des Fahrwerks \u2013 vorne und hinten millimetergenau, unabh\u00e4ngig von der Fahrzeugkonfiguration! Egal ob dein VW ein California, Multivan, ausgebauter Camper, Kurz- oder Langradstand ist \u2013 dieses Fahrwerk bietet maximalen Komfort, H\u00e4rteeinstellung und noch mehr Federweg! <\/p>\n<h3>Pr\u00e4zise H\u00f6henverstellung \u2013 perfekte Anpassung an jedes Fahrzeug<\/h3>\n<p>Bisher lie\u00dfen herk\u00f6mmliche H\u00f6herlegungsfahrwerke keine genaue Vorhersage der finalen Fahrzeugh\u00f6he nach dem Einbau zu \u2013 beeinflusst durch Faktoren wie:<\/p>\n<ul>\n<li>Getriebetyp (DSG\/manuell)<\/li>\n<li>Aufstelldach<\/li>\n<li>Innenausbau<\/li>\n<li>Anh\u00e4ngerkupplung<\/li>\n<\/ul>\n<p>Mit diesem Gewindefahrwerk geh\u00f6rt dieses Problem der Vergangenheit an! Wenn du m\u00f6chtest, dass dein Fahrzeug exakt 490 mm H\u00f6he hat (gemessen von der Radmitte bis zur Radhauslippe, vorne und hinten) \u2013 dieses Fahrwerk erm\u00f6glicht die millimetergenaue Einstellung dieses Wertes, individuell f\u00fcr jedes Fahrzeug! <\/p>\n<h3>Beste Komponenten und moderne Technologien<\/h3>\n<ul>\n<li>KONI-ADJUST-SENSITIV-T Sto\u00dfd\u00e4mpfer \u2013 stufenlose H\u00f6hen- und H\u00e4rteeinstellung.<\/li>\n<li>H\u00e4rteeinstellung der Sto\u00dfd\u00e4mpfer \u2013 erm\u00f6glicht individuelle Anpassung an den Fahrstil.<\/li>\n<li>Eibach Deutschland Federn \u2013 h\u00f6here Setzfestigkeit, Garantie f\u00fcr h\u00f6chste Qualit\u00e4t.<\/li>\n<li>Galvanisierte Komponenten \u2013 Korrosionsschutz, l\u00e4ngere Lebensdauer.<\/li>\n<li>Herstellung bei Eibach Deutschland und KONI \u2013 garantierte Langlebigkeit und Widerstandsf\u00e4higkeit unter extremen Bedingungen.<\/li>\n<\/ul>\n<p>Bei Fahrzeugen mit DCC ist eine professionelle Deaktivierung des Systems vor dem Sto\u00dfd\u00e4mpferwechsel erforderlich.<\/p>\n<h3>H\u00f6henverstellbereich<\/h3>\n<ul>\n<li>H\u00f6herlegung von +10 mm bis +45 mm m\u00f6glich<\/li>\n<li>Die Homologation begrenzt die maximale H\u00f6he auf 490 mm (von Radmitte bis Radhauslippe), es bleibt jedoch Gewindereserve f\u00fcr weitere Verstellung.<\/li>\n<\/ul>\n<h3>Verf\u00fcgbare Fahrwerksvarianten<\/h3>\n<p>Fahrwerk f\u00fcr Multivan, Transporter, Caravelle (OHNE California und schwere Ausbauten):<\/p>\n<ul>\n<li>Mit Klemmbefestigung an der Vorderachse: <strong>Art.Nr: TMP-GF-LIFT-1<\/strong><\/li>\n<li>F\u00fcr T32-Version mit Schelle an der Vorderachse: <strong>Art.Nr: TMP-GF-LIFT-2-T32<\/strong><\/li>\n<\/ul>\n<p>Fahrwerk f\u00fcr VW California und Fahrzeuge mit schwerem Ausbau (min. 1000 kg Hinterachslast):<\/p>\n<ul>\n<li>Mit Klemmbefestigung an der Vorderachse: <strong>Art.Nr: TMP-GF-LIFT-3<\/strong><\/li>\n<li>F\u00fcr T32-Version mit Schelle an der Vorderachse: <strong>Art.Nr: TMP-GF-LIFT-4-T32<\/strong><\/li>\n<\/ul>\n<h3>Die beste Fahrwerkwahl f\u00fcr deinen VW California T5, T6 oder T6.1!<\/h3>\n<p>Die ideale L\u00f6sung f\u00fcr alle, die H\u00f6he und Komfort des Fahrwerks pr\u00e4zise an ihr Fahrzeug anpassen m\u00f6chten \u2013 unabh\u00e4ngig von Beladung und Konfiguration!<\/p>\n<div class=\"post-video\"><iframe loading=\"lazy\" title=\"VW T6.1 volleinstellbares H\u00f6herlegungs Gewindefahrwerk : TWIN-MONOTUBE-PROJEKT-LIFT\" width=\"1165\" height=\"655\" src=\"https:\/\/www.youtube.com\/embed\/QBbCe3kJngk?feature=oembed\" frameborder=\"0\" allow=\"accelerometer; autoplay; clipboard-write; encrypted-media; gyroscope; picture-in-picture; web-share\" referrerpolicy=\"strict-origin-when-cross-origin\" allowfullscreen><\/iframe><\/div>\n<div class=\"post-video\"><iframe loading=\"lazy\" title=\"Offroad VW Bus T6 + Eibach Proliftkit +TWIN-MONOTUBE-PROJEKT-AT Felge\" width=\"1165\" height=\"655\" src=\"https:\/\/www.youtube.com\/embed\/chT5t5pdP2I?feature=oembed\" frameborder=\"0\" allow=\"accelerometer; autoplay; clipboard-write; encrypted-media; gyroscope; picture-in-picture; web-share\" referrerpolicy=\"strict-origin-when-cross-origin\" allowfullscreen><\/iframe><\/div>\n","protected":false},"excerpt":{"rendered":"<p>Die wichtigsten Produktvorteile Pr\u00e4zise H\u00f6henverstellung des Fahrwerks \u2013 vorne und hinten millimetergenau, unabh\u00e4ngig von der Fahrzeugkonfiguration! Egal ob dein VW ein California, Multivan, ausgebauter Camper, Kurz- oder Langradstand ist \u2013 dieses Fahrwerk bietet maximalen Komfort, H\u00e4rteeinstellung und noch mehr Federweg! Pr\u00e4zise H\u00f6henverstellung \u2013 perfekte Anpassung an jedes Fahrzeug Bisher lie\u00dfen herk\u00f6mmliche H\u00f6herlegungsfahrwerke keine genaue Vorhersage [&hellip;]<\/p>\n","protected":false},"featured_media":1161,"comment_status":"open","ping_status":"closed","template":"","meta":{"inline_featured_image":false},"product_brand":[],"product_cat":[101],"product_tag":[],"class_list":{"0":"post-1599","1":"product","2":"type-product","3":"status-publish","4":"has-post-thumbnail","6":"product_cat-fahrwerk","7":"has-post-title","8":"has-post-date","9":"has-post-category","10":"has-post-tag","11":"has-post-comment","12":"has-post-author","13":"","15":"first","16":"instock","17":"shipping-taxable","18":"purchasable","19":"product-type-simple"},"yoast_head":"<!-- This site is optimized with the Yoast SEO Premium plugin v19.3 (Yoast SEO v27.4) - https:\/\/yoast.com\/product\/yoast-seo-premium-wordpress\/ -->\n<title>Twin Monotube Projekt Lift Gewindefahrwerk f\u00fcr VW T5, T6 und T6.1 ohne DCC<\/title>\n<meta name=\"description\" content=\"Twin Monotube Projekt Lift Gewindefahrwerk f\u00fcr VW California T5, T6 und T6.1 ohne DCC \u2013 mit H\u00f6henverstellung.\" \/>\n<meta name=\"robots\" content=\"index, follow, max-snippet:-1, max-image-preview:large, max-video-preview:-1\" \/>\n<link rel=\"canonical\" href=\"https:\/\/california-concept.com\/de\/produkt\/twin-monotube-projekt-lift-gewindefahrwerk-fuer-vw-t5-t6-und-t6-1-ohne-dcc\/\" \/>\n<meta property=\"og:locale\" content=\"de_DE\" \/>\n<meta property=\"og:type\" content=\"article\" \/>\n<meta property=\"og:title\" content=\"Twin Monotube Projekt Lift Gewindefahrwerk f\u00fcr VW T5, T6 und T6.1 ohne DCC\" \/>\n<meta property=\"og:description\" content=\"Twin Monotube Projekt Lift Gewindefahrwerk f\u00fcr VW California T5, T6 und T6.1 ohne DCC \u2013 mit H\u00f6henverstellung.\" \/>\n<meta property=\"og:url\" content=\"https:\/\/california-concept.com\/de\/produkt\/twin-monotube-projekt-lift-gewindefahrwerk-fuer-vw-t5-t6-und-t6-1-ohne-dcc\/\" \/>\n<meta property=\"og:site_name\" content=\"Sklep California Concept\" \/>\n<meta property=\"article:modified_time\" content=\"2026-04-08T10:40:34+00:00\" \/>\n<meta property=\"og:image\" content=\"https:\/\/california-concept.com\/wp-content\/uploads\/2025\/02\/Twim-monotube-projekt-lift-gwintowane-zawieszenie-podnoszace-VW-T5-T6-i-T6.1-bez-DCC-Zdjecie-e1739015139636-kopia.jpg\" \/>\n\t<meta property=\"og:image:width\" content=\"1200\" \/>\n\t<meta property=\"og:image:height\" content=\"1200\" \/>\n\t<meta property=\"og:image:type\" content=\"image\/jpeg\" \/>\n<meta name=\"twitter:card\" content=\"summary_large_image\" \/>\n<meta name=\"twitter:label1\" content=\"Preis\" \/>\n\t<meta name=\"twitter:data1\" content=\"3.024,00&nbsp;&euro;\" \/>\n\t<meta name=\"twitter:label2\" content=\"Availability\" \/>\n\t<meta name=\"twitter:data2\" content=\"In stock\" \/>\n<script type=\"application\/ld+json\" class=\"yoast-schema-graph\">{\"@context\":\"https:\\\/\\\/schema.org\",\"@graph\":[{\"@type\":\"WebPage\",\"@id\":\"https:\\\/\\\/california-concept.com\\\/de\\\/produkt\\\/twin-monotube-projekt-lift-gewindefahrwerk-fuer-vw-t5-t6-und-t6-1-ohne-dcc\\\/\",\"url\":\"https:\\\/\\\/california-concept.com\\\/de\\\/produkt\\\/twin-monotube-projekt-lift-gewindefahrwerk-fuer-vw-t5-t6-und-t6-1-ohne-dcc\\\/\",\"name\":\"Twin Monotube Projekt Lift Gewindefahrwerk f\u00fcr VW T5, T6 und T6.1 ohne DCC\",\"isPartOf\":{\"@id\":\"https:\\\/\\\/california-concept.com\\\/de\\\/#website\"},\"primaryImageOfPage\":{\"@id\":\"https:\\\/\\\/california-concept.com\\\/de\\\/produkt\\\/twin-monotube-projekt-lift-gewindefahrwerk-fuer-vw-t5-t6-und-t6-1-ohne-dcc\\\/#primaryimage\"},\"image\":{\"@id\":\"https:\\\/\\\/california-concept.com\\\/de\\\/produkt\\\/twin-monotube-projekt-lift-gewindefahrwerk-fuer-vw-t5-t6-und-t6-1-ohne-dcc\\\/#primaryimage\"},\"thumbnailUrl\":\"https:\\\/\\\/california-concept.com\\\/wp-content\\\/uploads\\\/2025\\\/02\\\/Twim-monotube-projekt-lift-gwintowane-zawieszenie-podnoszace-VW-T5-T6-i-T6.1-bez-DCC-Zdjecie-e1739015139636-kopia.jpg\",\"datePublished\":\"2025-02-08T10:59:04+00:00\",\"dateModified\":\"2026-04-08T10:40:34+00:00\",\"description\":\"Twin Monotube Projekt Lift Gewindefahrwerk f\u00fcr VW California T5, T6 und T6.1 ohne DCC \u2013 mit H\u00f6henverstellung.\",\"breadcrumb\":{\"@id\":\"https:\\\/\\\/california-concept.com\\\/de\\\/produkt\\\/twin-monotube-projekt-lift-gewindefahrwerk-fuer-vw-t5-t6-und-t6-1-ohne-dcc\\\/#breadcrumb\"},\"inLanguage\":\"de\",\"potentialAction\":[{\"@type\":\"ReadAction\",\"target\":[\"https:\\\/\\\/california-concept.com\\\/de\\\/produkt\\\/twin-monotube-projekt-lift-gewindefahrwerk-fuer-vw-t5-t6-und-t6-1-ohne-dcc\\\/\"]}]},{\"@type\":\"ImageObject\",\"inLanguage\":\"de\",\"@id\":\"https:\\\/\\\/california-concept.com\\\/de\\\/produkt\\\/twin-monotube-projekt-lift-gewindefahrwerk-fuer-vw-t5-t6-und-t6-1-ohne-dcc\\\/#primaryimage\",\"url\":\"https:\\\/\\\/california-concept.com\\\/wp-content\\\/uploads\\\/2025\\\/02\\\/Twim-monotube-projekt-lift-gwintowane-zawieszenie-podnoszace-VW-T5-T6-i-T6.1-bez-DCC-Zdjecie-e1739015139636-kopia.jpg\",\"contentUrl\":\"https:\\\/\\\/california-concept.com\\\/wp-content\\\/uploads\\\/2025\\\/02\\\/Twim-monotube-projekt-lift-gwintowane-zawieszenie-podnoszace-VW-T5-T6-i-T6.1-bez-DCC-Zdjecie-e1739015139636-kopia.jpg\",\"width\":1200,\"height\":1200,\"caption\":\"Zawieszenie gwintowane Twin Monotube Projekt Lift do VW T5, T6, T6.1 bez DCC\"},{\"@type\":\"BreadcrumbList\",\"@id\":\"https:\\\/\\\/california-concept.com\\\/de\\\/produkt\\\/twin-monotube-projekt-lift-gewindefahrwerk-fuer-vw-t5-t6-und-t6-1-ohne-dcc\\\/#breadcrumb\",\"itemListElement\":[{\"@type\":\"ListItem\",\"position\":1,\"name\":\"Strona g\u0142\u00f3wna\",\"item\":\"https:\\\/\\\/california-concept.com\\\/de\\\/\"},{\"@type\":\"ListItem\",\"position\":2,\"name\":\"Shop\",\"item\":\"https:\\\/\\\/california-concept.com\\\/de\\\/shop\\\/\"},{\"@type\":\"ListItem\",\"position\":3,\"name\":\"Twin Monotube Projekt Lift Gewindefahrwerk f\u00fcr VW T5, T6 und T6.1 ohne DCC\"}]},{\"@type\":\"WebSite\",\"@id\":\"https:\\\/\\\/california-concept.com\\\/de\\\/#website\",\"url\":\"https:\\\/\\\/california-concept.com\\\/de\\\/\",\"name\":\"Sklep California Concept\",\"description\":\"Akcesoria do Volkswagen California\",\"publisher\":{\"@id\":\"https:\\\/\\\/california-concept.com\\\/de\\\/#organization\"},\"potentialAction\":[{\"@type\":\"SearchAction\",\"target\":{\"@type\":\"EntryPoint\",\"urlTemplate\":\"https:\\\/\\\/california-concept.com\\\/de\\\/?s={search_term_string}\"},\"query-input\":{\"@type\":\"PropertyValueSpecification\",\"valueRequired\":true,\"valueName\":\"search_term_string\"}}],\"inLanguage\":\"de\"},{\"@type\":\"Organization\",\"@id\":\"https:\\\/\\\/california-concept.com\\\/de\\\/#organization\",\"name\":\"Sklep California Concept\",\"url\":\"https:\\\/\\\/california-concept.com\\\/de\\\/\",\"logo\":{\"@type\":\"ImageObject\",\"inLanguage\":\"de\",\"@id\":\"https:\\\/\\\/california-concept.com\\\/de\\\/#\\\/schema\\\/logo\\\/image\\\/\",\"url\":\"https:\\\/\\\/california-concept.com\\\/wp-content\\\/uploads\\\/2025\\\/02\\\/Logo.png\",\"contentUrl\":\"https:\\\/\\\/california-concept.com\\\/wp-content\\\/uploads\\\/2025\\\/02\\\/Logo.png\",\"width\":1000,\"height\":1000,\"caption\":\"Sklep California Concept\"},\"image\":{\"@id\":\"https:\\\/\\\/california-concept.com\\\/de\\\/#\\\/schema\\\/logo\\\/image\\\/\"}}]}<\/script>\n<meta property=\"product:price:amount\" content=\"3024.00\" \/>\n<meta property=\"product:price:currency\" content=\"EUR\" \/>\n<meta property=\"og:availability\" content=\"instock\" \/>\n<meta property=\"product:availability\" content=\"instock\" \/>\n<meta property=\"product:condition\" content=\"new\" \/>\n<!-- \/ Yoast SEO Premium plugin. -->","yoast_head_json":{"title":"Twin Monotube Projekt Lift Gewindefahrwerk f\u00fcr VW T5, T6 und T6.1 ohne DCC","description":"Twin Monotube Projekt Lift Gewindefahrwerk f\u00fcr VW California T5, T6 und T6.1 ohne DCC \u2013 mit H\u00f6henverstellung.","robots":{"index":"index","follow":"follow","max-snippet":"max-snippet:-1","max-image-preview":"max-image-preview:large","max-video-preview":"max-video-preview:-1"},"canonical":"https:\/\/california-concept.com\/de\/produkt\/twin-monotube-projekt-lift-gewindefahrwerk-fuer-vw-t5-t6-und-t6-1-ohne-dcc\/","og_locale":"de_DE","og_type":"article","og_title":"Twin Monotube Projekt Lift Gewindefahrwerk f\u00fcr VW T5, T6 und T6.1 ohne DCC","og_description":"Twin Monotube Projekt Lift Gewindefahrwerk f\u00fcr VW California T5, T6 und T6.1 ohne DCC \u2013 mit H\u00f6henverstellung.","og_url":"https:\/\/california-concept.com\/de\/produkt\/twin-monotube-projekt-lift-gewindefahrwerk-fuer-vw-t5-t6-und-t6-1-ohne-dcc\/","og_site_name":"Sklep California Concept","article_modified_time":"2026-04-08T10:40:34+00:00","og_image":[{"width":1200,"height":1200,"url":"https:\/\/california-concept.com\/wp-content\/uploads\/2025\/02\/Twim-monotube-projekt-lift-gwintowane-zawieszenie-podnoszace-VW-T5-T6-i-T6.1-bez-DCC-Zdjecie-e1739015139636-kopia.jpg","type":"image\/jpeg"}],"twitter_card":"summary_large_image","twitter_misc":{"Preis":"3.024,00&nbsp;&euro;","Availability":"In stock"},"schema":{"@context":"https:\/\/schema.org","@graph":[{"@type":"WebPage","@id":"https:\/\/california-concept.com\/de\/produkt\/twin-monotube-projekt-lift-gewindefahrwerk-fuer-vw-t5-t6-und-t6-1-ohne-dcc\/","url":"https:\/\/california-concept.com\/de\/produkt\/twin-monotube-projekt-lift-gewindefahrwerk-fuer-vw-t5-t6-und-t6-1-ohne-dcc\/","name":"Twin Monotube Projekt Lift Gewindefahrwerk f\u00fcr VW T5, T6 und T6.1 ohne DCC","isPartOf":{"@id":"https:\/\/california-concept.com\/de\/#website"},"primaryImageOfPage":{"@id":"https:\/\/california-concept.com\/de\/produkt\/twin-monotube-projekt-lift-gewindefahrwerk-fuer-vw-t5-t6-und-t6-1-ohne-dcc\/#primaryimage"},"image":{"@id":"https:\/\/california-concept.com\/de\/produkt\/twin-monotube-projekt-lift-gewindefahrwerk-fuer-vw-t5-t6-und-t6-1-ohne-dcc\/#primaryimage"},"thumbnailUrl":"https:\/\/california-concept.com\/wp-content\/uploads\/2025\/02\/Twim-monotube-projekt-lift-gwintowane-zawieszenie-podnoszace-VW-T5-T6-i-T6.1-bez-DCC-Zdjecie-e1739015139636-kopia.jpg","datePublished":"2025-02-08T10:59:04+00:00","dateModified":"2026-04-08T10:40:34+00:00","description":"Twin Monotube Projekt Lift Gewindefahrwerk f\u00fcr VW California T5, T6 und T6.1 ohne DCC \u2013 mit H\u00f6henverstellung.","breadcrumb":{"@id":"https:\/\/california-concept.com\/de\/produkt\/twin-monotube-projekt-lift-gewindefahrwerk-fuer-vw-t5-t6-und-t6-1-ohne-dcc\/#breadcrumb"},"inLanguage":"de","potentialAction":[{"@type":"ReadAction","target":["https:\/\/california-concept.com\/de\/produkt\/twin-monotube-projekt-lift-gewindefahrwerk-fuer-vw-t5-t6-und-t6-1-ohne-dcc\/"]}]},{"@type":"ImageObject","inLanguage":"de","@id":"https:\/\/california-concept.com\/de\/produkt\/twin-monotube-projekt-lift-gewindefahrwerk-fuer-vw-t5-t6-und-t6-1-ohne-dcc\/#primaryimage","url":"https:\/\/california-concept.com\/wp-content\/uploads\/2025\/02\/Twim-monotube-projekt-lift-gwintowane-zawieszenie-podnoszace-VW-T5-T6-i-T6.1-bez-DCC-Zdjecie-e1739015139636-kopia.jpg","contentUrl":"https:\/\/california-concept.com\/wp-content\/uploads\/2025\/02\/Twim-monotube-projekt-lift-gwintowane-zawieszenie-podnoszace-VW-T5-T6-i-T6.1-bez-DCC-Zdjecie-e1739015139636-kopia.jpg","width":1200,"height":1200,"caption":"Zawieszenie gwintowane Twin Monotube Projekt Lift do VW T5, T6, T6.1 bez DCC"},{"@type":"BreadcrumbList","@id":"https:\/\/california-concept.com\/de\/produkt\/twin-monotube-projekt-lift-gewindefahrwerk-fuer-vw-t5-t6-und-t6-1-ohne-dcc\/#breadcrumb","itemListElement":[{"@type":"ListItem","position":1,"name":"Strona g\u0142\u00f3wna","item":"https:\/\/california-concept.com\/de\/"},{"@type":"ListItem","position":2,"name":"Shop","item":"https:\/\/california-concept.com\/de\/shop\/"},{"@type":"ListItem","position":3,"name":"Twin Monotube Projekt Lift Gewindefahrwerk f\u00fcr VW T5, T6 und T6.1 ohne DCC"}]},{"@type":"WebSite","@id":"https:\/\/california-concept.com\/de\/#website","url":"https:\/\/california-concept.com\/de\/","name":"Sklep California Concept","description":"Akcesoria do Volkswagen California","publisher":{"@id":"https:\/\/california-concept.com\/de\/#organization"},"potentialAction":[{"@type":"SearchAction","target":{"@type":"EntryPoint","urlTemplate":"https:\/\/california-concept.com\/de\/?s={search_term_string}"},"query-input":{"@type":"PropertyValueSpecification","valueRequired":true,"valueName":"search_term_string"}}],"inLanguage":"de"},{"@type":"Organization","@id":"https:\/\/california-concept.com\/de\/#organization","name":"Sklep California Concept","url":"https:\/\/california-concept.com\/de\/","logo":{"@type":"ImageObject","inLanguage":"de","@id":"https:\/\/california-concept.com\/de\/#\/schema\/logo\/image\/","url":"https:\/\/california-concept.com\/wp-content\/uploads\/2025\/02\/Logo.png","contentUrl":"https:\/\/california-concept.com\/wp-content\/uploads\/2025\/02\/Logo.png","width":1000,"height":1000,"caption":"Sklep California Concept"},"image":{"@id":"https:\/\/california-concept.com\/de\/#\/schema\/logo\/image\/"}}]},"product_price_amount":"3024.00","product_price_currency":"EUR","og_availability":"instock","product_availability":"instock","product_condition":"new"},"builder_content":"","_links":{"self":[{"href":"https:\/\/california-concept.com\/de\/wp-json\/wp\/v2\/product\/1599","targetHints":{"allow":["GET"]}}],"collection":[{"href":"https:\/\/california-concept.com\/de\/wp-json\/wp\/v2\/product"}],"about":[{"href":"https:\/\/california-concept.com\/de\/wp-json\/wp\/v2\/types\/product"}],"replies":[{"embeddable":true,"href":"https:\/\/california-concept.com\/de\/wp-json\/wp\/v2\/comments?post=1599"}],"wp:featuredmedia":[{"embeddable":true,"href":"https:\/\/california-concept.com\/de\/wp-json\/wp\/v2\/media\/1161"}],"wp:attachment":[{"href":"https:\/\/california-concept.com\/de\/wp-json\/wp\/v2\/media?parent=1599"}],"wp:term":[{"taxonomy":"product_brand","embeddable":true,"href":"https:\/\/california-concept.com\/de\/wp-json\/wp\/v2\/product_brand?post=1599"},{"taxonomy":"product_cat","embeddable":true,"href":"https:\/\/california-concept.com\/de\/wp-json\/wp\/v2\/product_cat?post=1599"},{"taxonomy":"product_tag","embeddable":true,"href":"https:\/\/california-concept.com\/de\/wp-json\/wp\/v2\/product_tag?post=1599"}],"curies":[{"name":"wp","href":"https:\/\/api.w.org\/{rel}","templated":true}]}}