{"id":1567,"date":"2026-01-13T21:12:35","date_gmt":"2026-01-13T20:12:35","guid":{"rendered":"https:\/\/california-concept.com\/produkt\/solarpanel-photovoltaik-flex-system-150-w-volkswagen-california-t7-beach-ocean\/"},"modified":"2026-04-08T12:39:01","modified_gmt":"2026-04-08T10:39:01","slug":"solarpanel-photovoltaik-flex-system-150-w-volkswagen-california-t7-beach-ocean","status":"publish","type":"product","link":"https:\/\/california-concept.com\/de\/produkt\/solarpanel-photovoltaik-flex-system-150-w-volkswagen-california-t7-beach-ocean\/","title":{"rendered":"Solarpanel Photovoltaik Flex System 150 W Volkswagen California T7 Beach Ocean"},"content":{"rendered":"<h3>Zuverl\u00e4ssiges Solarsystem Volkswagen California T7 Beach Ocean<\/h3>\n<p>Flex Panel System Wild Concept \u2014 Mehr Leistung, mehr Freiheit<\/p>\n<p>In der Welt des Reisens und Entdeckens z\u00e4hlt jedes Detail. Das Flex Panel System ist die Antwort auf die Bed\u00fcrfnisse derer, die mehr wollen \u2014 mehr Unabh\u00e4ngigkeit, mehr Zeit f\u00fcr Abenteuer und mehr Energie, um ihre Tr\u00e4ume von freien Reisen zu verwirklichen. <\/p>\n<p><strong>Unser Solarsystem ist die ideale L\u00f6sung f\u00fcr VW California T7 Modelle.<\/strong> Diskret, leicht, aber vor allem effizient, mit einer Leistung von 150 W, erm\u00f6glicht es die Stromversorgung von Ger\u00e4ten und das Aufladen von Batterien w\u00e4hrend des Stillstands. Dank einer speziellen Montage, die nicht in die Fahrzeugkonstruktion eingreift, beeinflusst die Installation die Werksgarantie nicht, was sie zu einer sicheren Wahl f\u00fcr neue Fahrzeuge macht. <\/p>\n<p>Das Flex Panel System gibt dir die Freiheit, die du suchst \u2014 du kannst l\u00e4nger anhalten, ohne dir Sorgen um Energie machen zu m\u00fcssen. Verabschiede dich von Einschr\u00e4nkungen und der Notwendigkeit, Ladestationen zu suchen. Komfort, Bequemlichkeit und vor allem unbegrenzte M\u00f6glichkeiten, die Welt nach deinen eigenen Regeln zu entdecken \u2014 das ist die Philosophie, die uns bei der Entwicklung dieses Systems geleitet hat.  <\/p>\n<p>Wenn du von grenzenlosem Reisen tr\u00e4umst, ist das Flex Panel System deine Antwort. Sei unabh\u00e4ngig, sei bereit f\u00fcr mehr! <\/p>\n<h3>Was ist im Lieferumfang der Solarpaneele f\u00fcr den Volkswagen California enthalten?<\/h3>\n<p>Das Flex Panel System Set beinhaltet:<\/p>\n<ul>\n<li style=\"list-style-type: none;\">\n<ul>\n<li>ein flexibles, extrem robustes Photovoltaik-Panel<\/li>\n<li>einen innovativen Radiator zur Steigerung der Systemeffizienz<\/li>\n<li>Laderegler, Kabel<\/li>\n<\/ul>\n<\/li>\n<\/ul>\n<p>Jedes Element wurde sorgf\u00e4ltig ausgew\u00e4hlt, um maximale Effizienz und Betriebssicherheit zu gew\u00e4hrleisten.<\/p>\n<h3>Technische Daten<\/h3>\n<ul>\n<li>Nennleistung: 157 W<\/li>\n<li>Leerlaufspannung: 18 V<\/li>\n<li>Kurzschlussstrom: 8,72 A<\/li>\n<li>Maximale Betriebsspannung: 21,24 V<\/li>\n<li>Maximale Systemspannung: 500 V DC (UL)<\/li>\n<li>Maximaler Sicherungsstrom: 20 A<\/li>\n<li>Umwandlungseffizienz: 23 %<\/li>\n<li>Abmessungen: 890\/1130 mm<\/li>\n<li>Gewicht: ca. 8 kg<\/li>\n<\/ul>\n<h3>Mit welchen Produkten arbeitet das Flex Solarpanel zusammen?<\/h3>\n<p>Fahrzeug-Aufbaubatterie<\/p>\n<p>Die ideale Erg\u00e4nzung zum Flex Panel System ist die <strong><a href=\"https:\/\/california-concept.com\/produkt\/przenosna-stacja-zasilania-ecoflow-delta-3\/\">Tragbare Powerstation EcoFlow DELTA 3<\/a><\/strong>.<\/p>\n<h3>Welche Ger\u00e4te k\u00f6nnen mit Flex Solarpaneelen betrieben werden?<\/h3>\n<p>Die Flex Solarpaneele auf dem Dach des VW California k\u00f6nnen viele pers\u00f6nliche Ger\u00e4te und Camper-Ausstattungselemente mit Strom versorgen:<\/p>\n<ul>\n<li><strong data-start=\"384\" data-end=\"407\">Handys aufladen<\/strong> \u2013 ein Smartphone verbraucht ca. 5-10 W, sodass du mehrere pro Tag aufladen kannst. <\/li>\n<li><strong data-start=\"480\" data-end=\"490\">Laptop<\/strong> \u2013 verbraucht durchschnittlich 40-60 W, sodass ein 310 W Panel f\u00fcr mehrere Stunden Arbeit pro Tag ausreicht.<\/li>\n<li><strong data-start=\"580\" data-end=\"616\">Tablets, Smartwatches, Powerbanks<\/strong> \u2013 ihr Verbrauch ist gering, sodass sie problemlos aufgeladen werden k\u00f6nnen.<\/li>\n<li><strong data-start=\"685\" data-end=\"709\">Mobiler WLAN-Router<\/strong> \u2013 verbraucht ca. 5-10 W, sodass er den ganzen Tag laufen kann.<\/li>\n<li><strong data-start=\"832\" data-end=\"855\">LED-Beleuchtung<\/strong> \u2013 verbraucht wenig (2-5 W pro Lampe), sodass sie die ganze Nacht leuchten kann.<\/li>\n<li><strong data-start=\"934\" data-end=\"958\">Kleine 12V-Ventilatoren<\/strong> \u2013 verbrauchen ca. 10-20 W, sodass du sie mehrere Stunden am Tag nutzen kannst.<\/li>\n<li><strong data-start=\"1039\" data-end=\"1075\">Radio oder kleiner Bluetooth-Lautsprecher<\/strong> \u2013 ca. 5-15 W.<\/li>\n<li><strong data-start=\"1148\" data-end=\"1176\">Kleine 12V-Kaffeemaschine<\/strong> \u2013 verbraucht 100-150 W, sodass du sie gelegentlich nutzen kannst.<\/li>\n<li><strong data-start=\"1245\" data-end=\"1272\">12V-K\u00fchlbox<\/strong> \u2013 verbraucht 40-60 W, sodass sie mehrere Stunden laufen kann, aber am besten zusammen mit einer Batterie verwendet wird.<\/li>\n<\/ul>\n<h3 data-start=\"1630\" data-end=\"1675\">Wie optimierst du den Energieverbrauch in deinem Volkswagen California oder einem anderen Camper?<\/h3>\n<p data-start=\"1676\" data-end=\"1949\">\ud83d\udd39 Energiesparende Ger\u00e4te verwenden (z. B. LEDs statt Halogenlampen).<br data-start=\"1741\" data-end=\"1744\">\ud83d\udd39 Ger\u00e4te tags\u00fcber aufladen, wenn das Panel die meiste Leistung erzeugt.<br data-start=\"1811\" data-end=\"1814\">\ud83d\udd39 Eine Batterie zur Speicherung \u00fcbersch\u00fcssiger Energie f\u00fcr die Nacht nutzen (z. B. <strong>Tragbare Powerstation EcoFlow DELTA 3)<\/strong>.<br data-start=\"1883\" data-end=\"1886\">\ud83d\udd39 Einen MPPT-Regler verwenden, der die Effizienz der Paneele erh\u00f6ht.<\/p>\n","protected":false},"excerpt":{"rendered":"<p>Hohe Effizienz der Photovoltaik-Paneele VW California: Eine Leistung von 150 W erm\u00f6glicht die Versorgung der Aufbaubatterien, ohne auf dem Campingplatz anhalten zu m\u00fcssen.<\/p>\n<ul>\n<li><strong>Leichte Bauweise:<\/strong> Die Solarpaneele sind nur 4 mm dick und wiegen 8 kg<\/li>\n<li><strong>Einfache Installation:<\/strong> Die Montage der Paneele dauert 120 Minuten, ohne Eingriff in die Fahrzeugkonstruktion. Keine Beeintr\u00e4chtigung der Garantie.<\/li>\n<li><strong>App-Steuerung:<\/strong> Volle Kontrolle \u00fcber das Solarsystem \u00fcber eine dedizierte mobile App.<\/li>\n<li><strong>Robustheit:<\/strong> Die Paneele bew\u00e4hren sich auch unter schwierigen Wetterbedingungen. Wasserdichtigkeit nach IP68<\/li>\n<\/ul>\n","protected":false},"featured_media":1568,"comment_status":"closed","ping_status":"closed","template":"","meta":{"inline_featured_image":false},"product_brand":[],"product_cat":[97],"product_tag":[],"class_list":{"0":"post-1567","1":"product","2":"type-product","3":"status-publish","4":"has-post-thumbnail","6":"product_cat-solarpanele","7":"has-post-title","8":"has-post-date","9":"has-post-category","10":"has-post-tag","11":"has-post-comment","12":"has-post-author","13":"","15":"first","16":"instock","17":"shipping-taxable","18":"purchasable","19":"product-type-simple"},"yoast_head":"<!-- This site is optimized with the Yoast SEO Premium plugin v19.3 (Yoast SEO v27.4) - https:\/\/yoast.com\/product\/yoast-seo-premium-wordpress\/ -->\n<title>Solarpanel Photovoltaik Flex System 150 W Volkswagen California T7 Beach Ocean | Sklep California Concept<\/title>\n<meta name=\"description\" content=\"Photovoltaik-Solarpanel Flex System 150 W f\u00fcr VW California T7 Ocean und Beach California. Bew\u00e4hrtes Solarenergiesystem.\" \/>\n<meta name=\"robots\" content=\"index, follow, max-snippet:-1, max-image-preview:large, max-video-preview:-1\" \/>\n<link rel=\"canonical\" href=\"https:\/\/california-concept.com\/de\/produkt\/solarpanel-photovoltaik-flex-system-150-w-volkswagen-california-t7-beach-ocean\/\" \/>\n<meta property=\"og:locale\" content=\"de_DE\" \/>\n<meta property=\"og:type\" content=\"article\" \/>\n<meta property=\"og:title\" content=\"Solarpanel Photovoltaik Flex System 150 W Volkswagen California T7 Beach Ocean\" \/>\n<meta property=\"og:description\" content=\"Photovoltaik-Solarpanel Flex System 150 W f\u00fcr VW California T7 Ocean und Beach California. Bew\u00e4hrtes Solarenergiesystem.\" \/>\n<meta property=\"og:url\" content=\"https:\/\/california-concept.com\/de\/produkt\/solarpanel-photovoltaik-flex-system-150-w-volkswagen-california-t7-beach-ocean\/\" \/>\n<meta property=\"og:site_name\" content=\"Sklep California Concept\" \/>\n<meta property=\"article:modified_time\" content=\"2026-04-08T10:39:01+00:00\" \/>\n<meta property=\"og:image\" content=\"https:\/\/california-concept.com\/wp-content\/uploads\/2025\/10\/panele-solarne-volkswagen-california-t7-kopia.jpg\" \/>\n\t<meta property=\"og:image:width\" content=\"1920\" \/>\n\t<meta property=\"og:image:height\" content=\"1920\" \/>\n\t<meta property=\"og:image:type\" content=\"image\/jpeg\" \/>\n<meta name=\"twitter:card\" content=\"summary_large_image\" \/>\n<meta name=\"twitter:label1\" content=\"Preis\" \/>\n\t<meta name=\"twitter:data1\" content=\"1.152,00&nbsp;&euro;\" \/>\n\t<meta name=\"twitter:label2\" content=\"Availability\" \/>\n\t<meta name=\"twitter:data2\" content=\"In stock\" \/>\n<script type=\"application\/ld+json\" class=\"yoast-schema-graph\">{\"@context\":\"https:\\\/\\\/schema.org\",\"@graph\":[{\"@type\":\"WebPage\",\"@id\":\"https:\\\/\\\/california-concept.com\\\/de\\\/produkt\\\/solarpanel-photovoltaik-flex-system-150-w-volkswagen-california-t7-beach-ocean\\\/\",\"url\":\"https:\\\/\\\/california-concept.com\\\/de\\\/produkt\\\/solarpanel-photovoltaik-flex-system-150-w-volkswagen-california-t7-beach-ocean\\\/\",\"name\":\"Solarpanel Photovoltaik Flex System 150 W Volkswagen California T7 Beach Ocean | Sklep California Concept\",\"isPartOf\":{\"@id\":\"https:\\\/\\\/california-concept.com\\\/de\\\/#website\"},\"primaryImageOfPage\":{\"@id\":\"https:\\\/\\\/california-concept.com\\\/de\\\/produkt\\\/solarpanel-photovoltaik-flex-system-150-w-volkswagen-california-t7-beach-ocean\\\/#primaryimage\"},\"image\":{\"@id\":\"https:\\\/\\\/california-concept.com\\\/de\\\/produkt\\\/solarpanel-photovoltaik-flex-system-150-w-volkswagen-california-t7-beach-ocean\\\/#primaryimage\"},\"thumbnailUrl\":\"https:\\\/\\\/california-concept.com\\\/wp-content\\\/uploads\\\/2025\\\/10\\\/panele-solarne-volkswagen-california-t7-kopia.jpg\",\"datePublished\":\"2026-01-13T20:12:35+00:00\",\"dateModified\":\"2026-04-08T10:39:01+00:00\",\"description\":\"Photovoltaik-Solarpanel Flex System 150 W f\u00fcr VW California T7 Ocean und Beach California. Bew\u00e4hrtes Solarenergiesystem.\",\"breadcrumb\":{\"@id\":\"https:\\\/\\\/california-concept.com\\\/de\\\/produkt\\\/solarpanel-photovoltaik-flex-system-150-w-volkswagen-california-t7-beach-ocean\\\/#breadcrumb\"},\"inLanguage\":\"de\",\"potentialAction\":[{\"@type\":\"ReadAction\",\"target\":[\"https:\\\/\\\/california-concept.com\\\/de\\\/produkt\\\/solarpanel-photovoltaik-flex-system-150-w-volkswagen-california-t7-beach-ocean\\\/\"]}]},{\"@type\":\"ImageObject\",\"inLanguage\":\"de\",\"@id\":\"https:\\\/\\\/california-concept.com\\\/de\\\/produkt\\\/solarpanel-photovoltaik-flex-system-150-w-volkswagen-california-t7-beach-ocean\\\/#primaryimage\",\"url\":\"https:\\\/\\\/california-concept.com\\\/wp-content\\\/uploads\\\/2025\\\/10\\\/panele-solarne-volkswagen-california-t7-kopia.jpg\",\"contentUrl\":\"https:\\\/\\\/california-concept.com\\\/wp-content\\\/uploads\\\/2025\\\/10\\\/panele-solarne-volkswagen-california-t7-kopia.jpg\",\"width\":1920,\"height\":1920},{\"@type\":\"BreadcrumbList\",\"@id\":\"https:\\\/\\\/california-concept.com\\\/de\\\/produkt\\\/solarpanel-photovoltaik-flex-system-150-w-volkswagen-california-t7-beach-ocean\\\/#breadcrumb\",\"itemListElement\":[{\"@type\":\"ListItem\",\"position\":1,\"name\":\"Strona g\u0142\u00f3wna\",\"item\":\"https:\\\/\\\/california-concept.com\\\/de\\\/\"},{\"@type\":\"ListItem\",\"position\":2,\"name\":\"Shop\",\"item\":\"https:\\\/\\\/california-concept.com\\\/de\\\/shop\\\/\"},{\"@type\":\"ListItem\",\"position\":3,\"name\":\"Solarpanel Photovoltaik Flex System 150 W&nbsp;Volkswagen California T7 Beach Ocean\"}]},{\"@type\":\"WebSite\",\"@id\":\"https:\\\/\\\/california-concept.com\\\/de\\\/#website\",\"url\":\"https:\\\/\\\/california-concept.com\\\/de\\\/\",\"name\":\"Sklep California Concept\",\"description\":\"Akcesoria do Volkswagen California\",\"publisher\":{\"@id\":\"https:\\\/\\\/california-concept.com\\\/de\\\/#organization\"},\"potentialAction\":[{\"@type\":\"SearchAction\",\"target\":{\"@type\":\"EntryPoint\",\"urlTemplate\":\"https:\\\/\\\/california-concept.com\\\/de\\\/?s={search_term_string}\"},\"query-input\":{\"@type\":\"PropertyValueSpecification\",\"valueRequired\":true,\"valueName\":\"search_term_string\"}}],\"inLanguage\":\"de\"},{\"@type\":\"Organization\",\"@id\":\"https:\\\/\\\/california-concept.com\\\/de\\\/#organization\",\"name\":\"Sklep California Concept\",\"url\":\"https:\\\/\\\/california-concept.com\\\/de\\\/\",\"logo\":{\"@type\":\"ImageObject\",\"inLanguage\":\"de\",\"@id\":\"https:\\\/\\\/california-concept.com\\\/de\\\/#\\\/schema\\\/logo\\\/image\\\/\",\"url\":\"https:\\\/\\\/california-concept.com\\\/wp-content\\\/uploads\\\/2025\\\/02\\\/Logo.png\",\"contentUrl\":\"https:\\\/\\\/california-concept.com\\\/wp-content\\\/uploads\\\/2025\\\/02\\\/Logo.png\",\"width\":1000,\"height\":1000,\"caption\":\"Sklep California Concept\"},\"image\":{\"@id\":\"https:\\\/\\\/california-concept.com\\\/de\\\/#\\\/schema\\\/logo\\\/image\\\/\"}}]}<\/script>\n<meta property=\"product:price:amount\" content=\"1152.00\" \/>\n<meta property=\"product:price:currency\" content=\"EUR\" \/>\n<meta property=\"og:availability\" content=\"instock\" \/>\n<meta property=\"product:availability\" content=\"instock\" \/>\n<meta property=\"product:retailer_item_id\" content=\"CC-FLEX-150W-T7\" \/>\n<meta property=\"product:condition\" content=\"new\" \/>\n<!-- \/ Yoast SEO Premium plugin. -->","yoast_head_json":{"title":"Solarpanel Photovoltaik Flex System 150 W Volkswagen California T7 Beach Ocean | Sklep California Concept","description":"Photovoltaik-Solarpanel Flex System 150 W f\u00fcr VW California T7 Ocean und Beach California. Bew\u00e4hrtes Solarenergiesystem.","robots":{"index":"index","follow":"follow","max-snippet":"max-snippet:-1","max-image-preview":"max-image-preview:large","max-video-preview":"max-video-preview:-1"},"canonical":"https:\/\/california-concept.com\/de\/produkt\/solarpanel-photovoltaik-flex-system-150-w-volkswagen-california-t7-beach-ocean\/","og_locale":"de_DE","og_type":"article","og_title":"Solarpanel Photovoltaik Flex System 150 W Volkswagen California T7 Beach Ocean","og_description":"Photovoltaik-Solarpanel Flex System 150 W f\u00fcr VW California T7 Ocean und Beach California. Bew\u00e4hrtes Solarenergiesystem.","og_url":"https:\/\/california-concept.com\/de\/produkt\/solarpanel-photovoltaik-flex-system-150-w-volkswagen-california-t7-beach-ocean\/","og_site_name":"Sklep California Concept","article_modified_time":"2026-04-08T10:39:01+00:00","og_image":[{"width":1920,"height":1920,"url":"https:\/\/california-concept.com\/wp-content\/uploads\/2025\/10\/panele-solarne-volkswagen-california-t7-kopia.jpg","type":"image\/jpeg"}],"twitter_card":"summary_large_image","twitter_misc":{"Preis":"1.152,00&nbsp;&euro;","Availability":"In stock"},"schema":{"@context":"https:\/\/schema.org","@graph":[{"@type":"WebPage","@id":"https:\/\/california-concept.com\/de\/produkt\/solarpanel-photovoltaik-flex-system-150-w-volkswagen-california-t7-beach-ocean\/","url":"https:\/\/california-concept.com\/de\/produkt\/solarpanel-photovoltaik-flex-system-150-w-volkswagen-california-t7-beach-ocean\/","name":"Solarpanel Photovoltaik Flex System 150 W Volkswagen California T7 Beach Ocean | Sklep California Concept","isPartOf":{"@id":"https:\/\/california-concept.com\/de\/#website"},"primaryImageOfPage":{"@id":"https:\/\/california-concept.com\/de\/produkt\/solarpanel-photovoltaik-flex-system-150-w-volkswagen-california-t7-beach-ocean\/#primaryimage"},"image":{"@id":"https:\/\/california-concept.com\/de\/produkt\/solarpanel-photovoltaik-flex-system-150-w-volkswagen-california-t7-beach-ocean\/#primaryimage"},"thumbnailUrl":"https:\/\/california-concept.com\/wp-content\/uploads\/2025\/10\/panele-solarne-volkswagen-california-t7-kopia.jpg","datePublished":"2026-01-13T20:12:35+00:00","dateModified":"2026-04-08T10:39:01+00:00","description":"Photovoltaik-Solarpanel Flex System 150 W f\u00fcr VW California T7 Ocean und Beach California. Bew\u00e4hrtes Solarenergiesystem.","breadcrumb":{"@id":"https:\/\/california-concept.com\/de\/produkt\/solarpanel-photovoltaik-flex-system-150-w-volkswagen-california-t7-beach-ocean\/#breadcrumb"},"inLanguage":"de","potentialAction":[{"@type":"ReadAction","target":["https:\/\/california-concept.com\/de\/produkt\/solarpanel-photovoltaik-flex-system-150-w-volkswagen-california-t7-beach-ocean\/"]}]},{"@type":"ImageObject","inLanguage":"de","@id":"https:\/\/california-concept.com\/de\/produkt\/solarpanel-photovoltaik-flex-system-150-w-volkswagen-california-t7-beach-ocean\/#primaryimage","url":"https:\/\/california-concept.com\/wp-content\/uploads\/2025\/10\/panele-solarne-volkswagen-california-t7-kopia.jpg","contentUrl":"https:\/\/california-concept.com\/wp-content\/uploads\/2025\/10\/panele-solarne-volkswagen-california-t7-kopia.jpg","width":1920,"height":1920},{"@type":"BreadcrumbList","@id":"https:\/\/california-concept.com\/de\/produkt\/solarpanel-photovoltaik-flex-system-150-w-volkswagen-california-t7-beach-ocean\/#breadcrumb","itemListElement":[{"@type":"ListItem","position":1,"name":"Strona g\u0142\u00f3wna","item":"https:\/\/california-concept.com\/de\/"},{"@type":"ListItem","position":2,"name":"Shop","item":"https:\/\/california-concept.com\/de\/shop\/"},{"@type":"ListItem","position":3,"name":"Solarpanel Photovoltaik Flex System 150 W&nbsp;Volkswagen California T7 Beach Ocean"}]},{"@type":"WebSite","@id":"https:\/\/california-concept.com\/de\/#website","url":"https:\/\/california-concept.com\/de\/","name":"Sklep California Concept","description":"Akcesoria do Volkswagen California","publisher":{"@id":"https:\/\/california-concept.com\/de\/#organization"},"potentialAction":[{"@type":"SearchAction","target":{"@type":"EntryPoint","urlTemplate":"https:\/\/california-concept.com\/de\/?s={search_term_string}"},"query-input":{"@type":"PropertyValueSpecification","valueRequired":true,"valueName":"search_term_string"}}],"inLanguage":"de"},{"@type":"Organization","@id":"https:\/\/california-concept.com\/de\/#organization","name":"Sklep California Concept","url":"https:\/\/california-concept.com\/de\/","logo":{"@type":"ImageObject","inLanguage":"de","@id":"https:\/\/california-concept.com\/de\/#\/schema\/logo\/image\/","url":"https:\/\/california-concept.com\/wp-content\/uploads\/2025\/02\/Logo.png","contentUrl":"https:\/\/california-concept.com\/wp-content\/uploads\/2025\/02\/Logo.png","width":1000,"height":1000,"caption":"Sklep California Concept"},"image":{"@id":"https:\/\/california-concept.com\/de\/#\/schema\/logo\/image\/"}}]},"product_price_amount":"1152.00","product_price_currency":"EUR","og_availability":"instock","product_availability":"instock","product_retailer_item_id":"CC-FLEX-150W-T7","product_condition":"new"},"builder_content":"","_links":{"self":[{"href":"https:\/\/california-concept.com\/de\/wp-json\/wp\/v2\/product\/1567","targetHints":{"allow":["GET"]}}],"collection":[{"href":"https:\/\/california-concept.com\/de\/wp-json\/wp\/v2\/product"}],"about":[{"href":"https:\/\/california-concept.com\/de\/wp-json\/wp\/v2\/types\/product"}],"replies":[{"embeddable":true,"href":"https:\/\/california-concept.com\/de\/wp-json\/wp\/v2\/comments?post=1567"}],"wp:featuredmedia":[{"embeddable":true,"href":"https:\/\/california-concept.com\/de\/wp-json\/wp\/v2\/media\/1568"}],"wp:attachment":[{"href":"https:\/\/california-concept.com\/de\/wp-json\/wp\/v2\/media?parent=1567"}],"wp:term":[{"taxonomy":"product_brand","embeddable":true,"href":"https:\/\/california-concept.com\/de\/wp-json\/wp\/v2\/product_brand?post=1567"},{"taxonomy":"product_cat","embeddable":true,"href":"https:\/\/california-concept.com\/de\/wp-json\/wp\/v2\/product_cat?post=1567"},{"taxonomy":"product_tag","embeddable":true,"href":"https:\/\/california-concept.com\/de\/wp-json\/wp\/v2\/product_tag?post=1567"}],"curies":[{"name":"wp","href":"https:\/\/api.w.org\/{rel}","templated":true}]}}